{"id":71,"date":"2018-11-22T10:42:17","date_gmt":"2018-11-22T10:42:17","guid":{"rendered":"http:\/\/www.larsborrmann.de\/?page_id=71"},"modified":"2023-08-05T06:18:17","modified_gmt":"2023-08-05T06:18:17","slug":"presse","status":"publish","type":"page","link":"https:\/\/festivalrem.eu\/de\/infos-pratiques\/presse","title":{"rendered":"Presse"},"content":{"rendered":"<div class=\"wpb-content-wrapper\"><div class=\"tm-row wpb_row vc_row-fluid tm-zindex-0 vc_row container tm-bgimage-position-center_center\">\n\n\t\t\n\t\t\n\t\t\n\n<div class=\"wpb_column tm-column vc_column_container vc_col-sm-12 tm-zindex-0\">\n\t<div class=\"vc_column-inner\">\n\t\t\t\t<div class=\"wpb_wrapper\">\n\t\t\t<h1 style=\"text-align: center;font-family:Source Sans Pro;font-weight:600;font-style:normal\" class=\"vc_custom_heading\" >Presse<\/h1>\t\t<\/div>\n\t<\/div>\n<\/div>\n\n\n\n\t\t\n\t<\/div>\n\n\n\n\n\n\n\n\n\n\n\n<div class=\"tm-row wpb_row vc_row-fluid tm-zindex-0 vc_row container tm-bgimage-position-center_center\">\n\n\t\t\n\t\t\n\t\t\n\n<div class=\"wpb_column tm-column vc_column_container vc_col-sm-12 tm-zindex-0\">\n\t<div class=\"vc_column-inner\">\n\t\t\t\t<div class=\"wpb_wrapper\">\n\t\t\t\n\t<div class=\"wpb_text_column wpb_content_element\" >\n\t\t<div class=\"wpb_wrapper\">\n\t\t\t<p style=\"text-align: center;\">M\u00f6chten Sie uns f\u00fcr ein Interview oder einfach nur f\u00fcr Informationen \/ Fotos \/ Videos treffen?<\/p>\n<p style=\"text-align: center;\"><em><strong>Ecrivez \u00e0 Mlle Gr\u00e9bil : communication@festivalrem.eu<\/strong><\/em><\/p>\n<p style=\"text-align: center;\">Unseren Pressepartnern aus den Vorjahren danken wir herzlich:<br \/>\nLe R\u00e9publicain Lorrain, Mosa\u00efk Cristal, Radio m\u00e9lodie<\/p>\n\n\t\t<\/div>\n\t<\/div>\n\t\t<\/div>\n\t<\/div>\n<\/div>\n\n\n\n\t\t\n\t<\/div>\n\n\n\n\n\n\n\n\n\n\n\n<div class=\"tm-row wpb_row vc_row-fluid tm-zindex-0 vc_row container tm-bgimage-position-center_center\">\n\n\t\t\n\t\t\n\t\t\n\n<div class=\"wpb_column tm-column vc_column_container vc_col-sm-4 tm-zindex-0\">\n\t<div class=\"vc_column-inner\">\n\t\t\t\t<div class=\"wpb_wrapper\">\n\t\t\t\n\t<div  class=\"wpb_single_image wpb_content_element vc_align_center\">\n\t\t\n\t\t<figure class=\"wpb_wrapper vc_figure\">\n\t\t\t<div class=\"vc_single_image-wrapper   vc_box_border_grey\"><img decoding=\"async\" width=\"300\" height=\"134\" src=\"https:\/\/festivalrem.eu\/wp-content\/uploads\/2023\/04\/Capture-decran-2022-05-12-a-20.29.54-300x134.png\" class=\"vc_single_image-img attachment-medium\" alt=\"\" title=\"Capture d\u2019e\u0301cran 2022-05-12 a\u0300 20.29.54\" srcset=\"https:\/\/festivalrem.eu\/wp-content\/uploads\/2023\/04\/Capture-decran-2022-05-12-a-20.29.54-300x134.png 300w, https:\/\/festivalrem.eu\/wp-content\/uploads\/2023\/04\/Capture-decran-2022-05-12-a-20.29.54-1024x457.png 1024w, https:\/\/festivalrem.eu\/wp-content\/uploads\/2023\/04\/Capture-decran-2022-05-12-a-20.29.54-768x343.png 768w, https:\/\/festivalrem.eu\/wp-content\/uploads\/2023\/04\/Capture-decran-2022-05-12-a-20.29.54-1536x686.png 1536w, https:\/\/festivalrem.eu\/wp-content\/uploads\/2023\/04\/Capture-decran-2022-05-12-a-20.29.54-2048x914.png 2048w, https:\/\/festivalrem.eu\/wp-content\/uploads\/2023\/04\/Capture-decran-2022-05-12-a-20.29.54-18x8.png 18w, https:\/\/festivalrem.eu\/wp-content\/uploads\/2023\/04\/Capture-decran-2022-05-12-a-20.29.54-24x11.png 24w, https:\/\/festivalrem.eu\/wp-content\/uploads\/2023\/04\/Capture-decran-2022-05-12-a-20.29.54-36x16.png 36w, https:\/\/festivalrem.eu\/wp-content\/uploads\/2023\/04\/Capture-decran-2022-05-12-a-20.29.54-48x21.png 48w\" sizes=\"(max-width: 300px) 100vw, 300px\" data-id=\"1531\" \/><\/div>\n\t\t<\/figure>\n\t<\/div>\n\t\t<\/div>\n\t<\/div>\n<\/div>\n\n\n\n\n\n<div class=\"wpb_column tm-column vc_column_container vc_col-sm-4 tm-zindex-0\">\n\t<div class=\"vc_column-inner\">\n\t\t\t\t<div class=\"wpb_wrapper\">\n\t\t\t\n\t<div  class=\"wpb_single_image wpb_content_element vc_align_center\">\n\t\t\n\t\t<figure class=\"wpb_wrapper vc_figure\">\n\t\t\t<div class=\"vc_single_image-wrapper   vc_box_border_grey\"><img fetchpriority=\"high\" decoding=\"async\" width=\"300\" height=\"200\" src=\"https:\/\/festivalrem.eu\/wp-content\/uploads\/2018\/11\/RL-Lorrain-300x200.jpg\" class=\"vc_single_image-img attachment-medium\" alt=\"\" title=\"RL Lorrain\" srcset=\"https:\/\/festivalrem.eu\/wp-content\/uploads\/2018\/11\/RL-Lorrain-300x200.jpg 300w, https:\/\/festivalrem.eu\/wp-content\/uploads\/2018\/11\/RL-Lorrain-768x512.jpg 768w, https:\/\/festivalrem.eu\/wp-content\/uploads\/2018\/11\/RL-Lorrain-1024x682.jpg 1024w, https:\/\/festivalrem.eu\/wp-content\/uploads\/2018\/11\/RL-Lorrain-1200x800.jpg 1200w, https:\/\/festivalrem.eu\/wp-content\/uploads\/2018\/11\/RL-Lorrain.jpg 1772w\" sizes=\"(max-width: 300px) 100vw, 300px\" data-id=\"309\" \/><\/div>\n\t\t<\/figure>\n\t<\/div>\n\t\t<\/div>\n\t<\/div>\n<\/div>\n\n\n\n\n\n<div class=\"wpb_column tm-column vc_column_container vc_col-sm-4 tm-zindex-0\">\n\t<div class=\"vc_column-inner\">\n\t\t\t\t<div class=\"wpb_wrapper\">\n\t\t\t\n\t<div  class=\"wpb_single_image wpb_content_element vc_align_center\">\n\t\t\n\t\t<figure class=\"wpb_wrapper vc_figure\">\n\t\t\t<div class=\"vc_single_image-wrapper   vc_box_border_grey\"><img decoding=\"async\" width=\"150\" height=\"150\" src=\"https:\/\/festivalrem.eu\/wp-content\/uploads\/2018\/11\/250px-Mosaik-cristal_logo-150x150.png\" class=\"vc_single_image-img attachment-thumbnail\" alt=\"\" title=\"250px-Mosaik-cristal_logo\" srcset=\"https:\/\/festivalrem.eu\/wp-content\/uploads\/2018\/11\/250px-Mosaik-cristal_logo-150x150.png 150w, https:\/\/festivalrem.eu\/wp-content\/uploads\/2018\/11\/250px-Mosaik-cristal_logo.png 250w\" sizes=\"(max-width: 150px) 100vw, 150px\" data-id=\"379\" \/><\/div>\n\t\t<\/figure>\n\t<\/div>\n\t\t<\/div>\n\t<\/div>\n<\/div>\n\n\n\n\t\t\n\t<\/div>\n\n\n\n\n\n\n\n\n\n\n\n<div class=\"tm-row wpb_row vc_row-fluid tm-zindex-0 vc_row container tm-bgimage-position-center_center\">\n\n\t\t\n\t\t\n\t\t\n\n<div class=\"wpb_column tm-column vc_column_container vc_col-sm-12 tm-zindex-0\">\n\t<div class=\"vc_column-inner\">\n\t\t\t\t<div class=\"wpb_wrapper\">\n\t\t\t<h3 style=\"text-align: center;font-family:Source Sans Pro;font-weight:600;font-style:normal\" class=\"vc_custom_heading\" >Die Presse hat \u00fcber das Festival gesprochen!<\/h3>\t\t<\/div>\n\t<\/div>\n<\/div>\n\n\n\n\t\t\n\t<\/div>\n\n\n\n\n\n\n\n\n\n\n\n<div class=\"tm-row wpb_row vc_row-fluid tm-zindex-0 vc_row container tm-bgimage-position-center_center\">\n\n\t\t\n\t\t\n\t\t\n\n<div class=\"wpb_column tm-column vc_column_container vc_col-sm-12 tm-zindex-0\">\n\t<div class=\"vc_column-inner\">\n\t\t\t\t<div class=\"wpb_wrapper\">\n\t\t\t\n<div class=\"vc_grid-container-wrapper vc_clearfix vc_grid-animation-zoomIn\">\n\t<div class=\"vc_grid-container vc_clearfix wpb_content_element vc_masonry_media_grid\" data-initial-loading-animation=\"zoomIn\" data-vc-grid-settings=\"{&quot;page_id&quot;:71,&quot;style&quot;:&quot;all-masonry&quot;,&quot;action&quot;:&quot;vc_get_vc_grid_data&quot;,&quot;shortcode_id&quot;:&quot;1691216133436-086180e6-f1a1-2&quot;,&quot;tag&quot;:&quot;vc_masonry_media_grid&quot;}\" data-vc-request=\"https:\/\/festivalrem.eu\/wp-admin\/admin-ajax.php\" data-vc-post-id=\"71\" data-vc-public-nonce=\"fe614e33dc\">\n\t\t\n\t<\/div>\n<\/div>\t\t<\/div>\n\t<\/div>\n<\/div>\n\n\n\n\t\t\n\t<\/div>\n<\/div>","protected":false},"excerpt":{"rendered":"Presse Vous souhaitez nous rencontrer pour une interview ou tout simplement pour obtenir des informations \/ photos \/ vid\u00e9os ? Ecrivez \u00e0 Mlle Gr\u00e9bil : communication@festivalrem.eu Nous remercions chaleureusement nos &hellip; <a href=\"https:\/\/festivalrem.eu\/de\/infos-pratiques\/presse\" class=\"more-link\">Continue reading <span class=\"screen-reader-text\">Presse<\/span><\/a>","protected":false},"author":1,"featured_media":0,"parent":58,"menu_order":0,"comment_status":"closed","ping_status":"closed","template":"","meta":{"ngg_post_thumbnail":0,"footnotes":""},"class_list":["post-71","page","type-page","status-publish","hentry"],"yoast_head":"<!-- This site is optimized with the Yoast SEO plugin v27.5 - https:\/\/yoast.com\/product\/yoast-seo-wordpress\/ -->\n<title>Presse - FestivalRem<\/title>\n<meta name=\"description\" content=\"Vous souhaitez nous rencontrer pour une interview ou tout simplement pour obtenir des informations \/ photos \/ vid\u00e9os ?\" \/>\n<meta name=\"robots\" content=\"index, follow, max-snippet:-1, max-image-preview:large, max-video-preview:-1\" \/>\n<link rel=\"canonical\" href=\"https:\/\/festivalrem.eu\/de\/infos-pratiques\/presse\/\" \/>\n<meta property=\"og:locale\" content=\"de_DE\" \/>\n<meta property=\"og:type\" content=\"article\" \/>\n<meta property=\"og:title\" content=\"Presse - FestivalRem\" \/>\n<meta property=\"og:description\" content=\"Vous souhaitez nous rencontrer pour une interview ou tout simplement pour obtenir des informations \/ photos \/ vid\u00e9os ?\" \/>\n<meta property=\"og:url\" content=\"https:\/\/festivalrem.eu\/de\/infos-pratiques\/presse\/\" \/>\n<meta property=\"og:site_name\" content=\"FestivalRem\" \/>\n<meta property=\"article:modified_time\" content=\"2023-08-05T06:18:17+00:00\" \/>\n<meta name=\"twitter:card\" content=\"summary_large_image\" \/>\n<meta name=\"twitter:label1\" content=\"Gesch\u00e4tzte Lesezeit\" \/>\n\t<meta name=\"twitter:data1\" content=\"1\u00a0Minute\" \/>\n<script type=\"application\/ld+json\" class=\"yoast-schema-graph\">{\"@context\":\"https:\\\/\\\/schema.org\",\"@graph\":[{\"@type\":\"WebPage\",\"@id\":\"https:\\\/\\\/festivalrem.eu\\\/infos-pratiques\\\/presse\",\"url\":\"https:\\\/\\\/festivalrem.eu\\\/infos-pratiques\\\/presse\",\"name\":\"Presse - FestivalRem\",\"isPartOf\":{\"@id\":\"https:\\\/\\\/festivalrem.eu\\\/#website\"},\"datePublished\":\"2018-11-22T10:42:17+00:00\",\"dateModified\":\"2023-08-05T06:18:17+00:00\",\"description\":\"Vous souhaitez nous rencontrer pour une interview ou tout simplement pour obtenir des informations \\\/ photos \\\/ vid\u00e9os ?\",\"breadcrumb\":{\"@id\":\"https:\\\/\\\/festivalrem.eu\\\/infos-pratiques\\\/presse#breadcrumb\"},\"inLanguage\":\"de\",\"potentialAction\":[{\"@type\":\"ReadAction\",\"target\":[\"https:\\\/\\\/festivalrem.eu\\\/infos-pratiques\\\/presse\"]}]},{\"@type\":\"BreadcrumbList\",\"@id\":\"https:\\\/\\\/festivalrem.eu\\\/infos-pratiques\\\/presse#breadcrumb\",\"itemListElement\":[{\"@type\":\"ListItem\",\"position\":1,\"name\":\"Startseite\",\"item\":\"https:\\\/\\\/festivalrem.eu\\\/\"},{\"@type\":\"ListItem\",\"position\":2,\"name\":\"Infos pratiques\",\"item\":\"https:\\\/\\\/festivalrem.eu\\\/infos-pratiques\"},{\"@type\":\"ListItem\",\"position\":3,\"name\":\"Presse\"}]},{\"@type\":\"WebSite\",\"@id\":\"https:\\\/\\\/festivalrem.eu\\\/#website\",\"url\":\"https:\\\/\\\/festivalrem.eu\\\/\",\"name\":\"FestivalRem\",\"description\":\"\",\"potentialAction\":[{\"@type\":\"SearchAction\",\"target\":{\"@type\":\"EntryPoint\",\"urlTemplate\":\"https:\\\/\\\/festivalrem.eu\\\/?s={search_term_string}\"},\"query-input\":{\"@type\":\"PropertyValueSpecification\",\"valueRequired\":true,\"valueName\":\"search_term_string\"}}],\"inLanguage\":\"de\"}]}<\/script>\n<!-- \/ Yoast SEO plugin. -->","yoast_head_json":{"title":"Presse - FestivalRem","description":"M\u00f6chten Sie uns f\u00fcr ein Interview oder einfach nur f\u00fcr Informationen \/ Fotos \/ Videos treffen?","robots":{"index":"index","follow":"follow","max-snippet":"max-snippet:-1","max-image-preview":"max-image-preview:large","max-video-preview":"max-video-preview:-1"},"canonical":"https:\/\/festivalrem.eu\/de\/infos-pratiques\/presse\/","og_locale":"de_DE","og_type":"article","og_title":"Presse - FestivalRem","og_description":"Vous souhaitez nous rencontrer pour une interview ou tout simplement pour obtenir des informations \/ photos \/ vid\u00e9os ?","og_url":"https:\/\/festivalrem.eu\/de\/infos-pratiques\/presse\/","og_site_name":"FestivalRem","article_modified_time":"2023-08-05T06:18:17+00:00","twitter_card":"summary_large_image","twitter_misc":{"Gesch\u00e4tzte Lesezeit":"1\u00a0Minute"},"schema":{"@context":"https:\/\/schema.org","@graph":[{"@type":"WebPage","@id":"https:\/\/festivalrem.eu\/infos-pratiques\/presse","url":"https:\/\/festivalrem.eu\/infos-pratiques\/presse","name":"Presse - FestivalRem","isPartOf":{"@id":"https:\/\/festivalrem.eu\/#website"},"datePublished":"2018-11-22T10:42:17+00:00","dateModified":"2023-08-05T06:18:17+00:00","description":"M\u00f6chten Sie uns f\u00fcr ein Interview oder einfach nur f\u00fcr Informationen \/ Fotos \/ Videos treffen?","breadcrumb":{"@id":"https:\/\/festivalrem.eu\/infos-pratiques\/presse#breadcrumb"},"inLanguage":"de","potentialAction":[{"@type":"ReadAction","target":["https:\/\/festivalrem.eu\/infos-pratiques\/presse"]}]},{"@type":"BreadcrumbList","@id":"https:\/\/festivalrem.eu\/infos-pratiques\/presse#breadcrumb","itemListElement":[{"@type":"ListItem","position":1,"name":"Startseite","item":"https:\/\/festivalrem.eu\/"},{"@type":"ListItem","position":2,"name":"Infos pratiques","item":"https:\/\/festivalrem.eu\/infos-pratiques"},{"@type":"ListItem","position":3,"name":"Presse"}]},{"@type":"WebSite","@id":"https:\/\/festivalrem.eu\/#website","url":"https:\/\/festivalrem.eu\/","name":"FestivalRem","description":"","potentialAction":[{"@type":"SearchAction","target":{"@type":"EntryPoint","urlTemplate":"https:\/\/festivalrem.eu\/?s={search_term_string}"},"query-input":{"@type":"PropertyValueSpecification","valueRequired":true,"valueName":"search_term_string"}}],"inLanguage":"de"}]}},"_links":{"self":[{"href":"https:\/\/festivalrem.eu\/de\/wp-json\/wp\/v2\/pages\/71","targetHints":{"allow":["GET"]}}],"collection":[{"href":"https:\/\/festivalrem.eu\/de\/wp-json\/wp\/v2\/pages"}],"about":[{"href":"https:\/\/festivalrem.eu\/de\/wp-json\/wp\/v2\/types\/page"}],"author":[{"embeddable":true,"href":"https:\/\/festivalrem.eu\/de\/wp-json\/wp\/v2\/users\/1"}],"replies":[{"embeddable":true,"href":"https:\/\/festivalrem.eu\/de\/wp-json\/wp\/v2\/comments?post=71"}],"version-history":[{"count":8,"href":"https:\/\/festivalrem.eu\/de\/wp-json\/wp\/v2\/pages\/71\/revisions"}],"predecessor-version":[{"id":1703,"href":"https:\/\/festivalrem.eu\/de\/wp-json\/wp\/v2\/pages\/71\/revisions\/1703"}],"up":[{"embeddable":true,"href":"https:\/\/festivalrem.eu\/de\/wp-json\/wp\/v2\/pages\/58"}],"wp:attachment":[{"href":"https:\/\/festivalrem.eu\/de\/wp-json\/wp\/v2\/media?parent=71"}],"curies":[{"name":"wp","href":"https:\/\/api.w.org\/{rel}","templated":true}]}}