{"id":69,"date":"2018-11-22T10:41:59","date_gmt":"2018-11-22T10:41:59","guid":{"rendered":"http:\/\/www.larsborrmann.de\/?page_id=69"},"modified":"2025-12-28T10:02:35","modified_gmt":"2025-12-28T10:02:35","slug":"equipe-contact","status":"publish","type":"page","link":"https:\/\/festivalrem.eu\/de\/infos-pratiques\/equipe-contact","title":{"rendered":"Team \/ Kontakt"},"content":{"rendered":"<div class=\"wpb-content-wrapper\"><div class=\"tm-row wpb_row vc_row-fluid tm-zindex-0 vc_row container tm-bgimage-position-center_center\">\n\n\t\t\n\t\t\n\t\t\n\n<div class=\"wpb_column tm-column vc_column_container vc_col-sm-12 tm-zindex-0\">\n\t<div class=\"vc_column-inner\">\n\t\t\t\t<div class=\"wpb_wrapper\">\n\t\t\t<h1 style=\"text-align: center;font-family:Source Sans Pro;font-weight:600;font-style:normal\" class=\"vc_custom_heading\" >Team \/ Kontakt<\/h1>\t\t<\/div>\n\t<\/div>\n<\/div>\n\n\n\n\t\t\n\t<\/div>\n\n\n\n\n\n\n\n\n\n\n\n<div class=\"tm-row wpb_row vc_row-fluid tm-zindex-0 vc_row container tm-bgimage-position-center_center\">\n\n\t\t\n\t\t\n\t\t\n\n<div class=\"wpb_column tm-column vc_column_container vc_col-sm-4 tm-zindex-0\">\n\t<div class=\"vc_column-inner\">\n\t\t\t\t<div class=\"wpb_wrapper\">\n\t\t\t\t\t<\/div>\n\t<\/div>\n<\/div>\n\n\n\n\n\n<div class=\"wpb_column tm-column vc_column_container vc_col-sm-4 tm-zindex-0\">\n\t<div class=\"vc_column-inner\">\n\t\t\t\t<div class=\"wpb_wrapper\">\n\t\t\t<h3 style=\"text-align: center;font-family:Abril Fatface;font-weight:400;font-style:normal\" class=\"vc_custom_heading\" >Christophe OCHS<\/h3>\n\t<div class=\"wpb_text_column wpb_content_element\" >\n\t\t<div class=\"wpb_wrapper\">\n\t\t\t<div class=\"lae-team-member-position\" style=\"text-align: center;\"><em>Pr\u00e9sident de l\u2019Interassociation de R\u00e9melfing<\/em><\/div>\n\n\t\t<\/div>\n\t<\/div>\n\t\t<\/div>\n\t<\/div>\n<\/div>\n\n\n\n\n\n<div class=\"wpb_column tm-column vc_column_container vc_col-sm-4 tm-zindex-0\">\n\t<div class=\"vc_column-inner\">\n\t\t\t\t<div class=\"wpb_wrapper\">\n\t\t\t\t\t<\/div>\n\t<\/div>\n<\/div>\n\n\n\n\t\t\n\t<\/div>\n\n\n\n\n\n\n\n\n\n\n\n<div class=\"tm-row wpb_row vc_row-fluid tm-zindex-0 vc_row container tm-bgimage-position-center_center\">\n\n\t\t\n\t\t\n\t\t\n\n<div class=\"wpb_column tm-column vc_column_container vc_col-sm-4 tm-zindex-0\">\n\t<div class=\"vc_column-inner\">\n\t\t\t\t<div class=\"wpb_wrapper\">\n\t\t\t<h3 style=\"text-align: center;font-family:Abril Fatface;font-weight:400;font-style:normal\" class=\"vc_custom_heading\" ><\/h3>\t\t<\/div>\n\t<\/div>\n<\/div>\n\n\n\n\n\n<div class=\"wpb_column tm-column vc_column_container vc_col-sm-4 tm-zindex-0\">\n\t<div class=\"vc_column-inner\">\n\t\t\t\t<div class=\"wpb_wrapper\">\n\t\t\t<h3 style=\"text-align: center;font-family:Abril Fatface;font-weight:400;font-style:normal\" class=\"vc_custom_heading\" >Philippe SCHMIDT, Marl\u00e8ne GREBIL, Rosetta DE ZORZI, Pierre DREIDEMY, Pascal BRANSTETT, Beno\u00eet RAYMOND, Nicolas WISSEN, Wulf CLEMENS<\/h3>\n\t<div class=\"wpb_text_column wpb_content_element\" >\n\t\t<div class=\"wpb_wrapper\">\n\t\t\t<div class=\"lae-team-member-position\" style=\"text-align: center;\"><em>Membres du comit\u00e9<\/em><\/div>\n\n\t\t<\/div>\n\t<\/div>\n\t\t<\/div>\n\t<\/div>\n<\/div>\n\n\n\n\n\n<div class=\"wpb_column tm-column vc_column_container vc_col-sm-4 tm-zindex-0\">\n\t<div class=\"vc_column-inner\">\n\t\t\t\t<div class=\"wpb_wrapper\">\n\t\t\t<h3 style=\"text-align: center;font-family:Abril Fatface;font-weight:400;font-style:normal\" class=\"vc_custom_heading\" ><\/h3>\t\t<\/div>\n\t<\/div>\n<\/div>\n\n\n\n\t\t\n\t<\/div>\n\n\n\n\n\n\n\n\n\n\n\n<div class=\"tm-row wpb_row vc_row-fluid tm-zindex-0 vc_row container tm-bgimage-position-center_center\">\n\n\t\t\n\t\t\n\t\t\n\n<div class=\"wpb_column tm-column vc_column_container vc_col-sm-12 tm-zindex-0\">\n\t<div class=\"vc_column-inner\">\n\t\t\t\t<div class=\"wpb_wrapper\">\n\t\t\t\n\t<div class=\"wpb_text_column wpb_content_element\" >\n\t\t<div class=\"wpb_wrapper\">\n\t\t\t<p style=\"text-align: center;\">Und nat\u00fcrlich alle Freiwilligen, die am Tag des Festivals anwesend sind!<\/p>\n<p style=\"text-align: center;\">Lust uns zu kontaktieren?<\/p>\n<p style=\"text-align: center;\">Pour toute question ou candidature \u00e9crivez-nous \u00e0 : interassociationremelfing@gmail.com<br \/>\nPour contacter l&rsquo;\u00e9quipe communication : communication@festivalrem.eu<\/p>\n\n\t\t<\/div>\n\t<\/div>\n\t\t<\/div>\n\t<\/div>\n<\/div>\n\n\n\n\t\t\n\t<\/div>\n<\/div>","protected":false},"excerpt":{"rendered":"Equipe\/Contact Christophe OCHS Pr\u00e9sident de l\u2019Interassociation de R\u00e9melfing Philippe SCHMIDT, Marl\u00e8ne GREBIL, Rosetta DE ZORZI, Pierre DREIDEMY, Pascal BRANSTETT, Beno\u00eet RAYMOND, Nicolas WISSEN, Wulf CLEMENS Membres du comit\u00e9 Et bien &hellip; <a href=\"https:\/\/festivalrem.eu\/de\/infos-pratiques\/equipe-contact\" class=\"more-link\">Continue reading <span class=\"screen-reader-text\">Team \/ Kontakt<\/span><\/a>","protected":false},"author":1,"featured_media":0,"parent":58,"menu_order":0,"comment_status":"closed","ping_status":"closed","template":"","meta":{"ngg_post_thumbnail":0,"footnotes":""},"class_list":["post-69","page","type-page","status-publish","hentry"],"yoast_head":"<!-- This site is optimized with the Yoast SEO plugin v27.5 - https:\/\/yoast.com\/product\/yoast-seo-wordpress\/ -->\n<title>Equipe \/ Contact - FestivalRem<\/title>\n<meta name=\"robots\" content=\"index, follow, max-snippet:-1, max-image-preview:large, max-video-preview:-1\" \/>\n<link rel=\"canonical\" href=\"https:\/\/festivalrem.eu\/de\/infos-pratiques\/equipe-contact\/\" \/>\n<meta property=\"og:locale\" content=\"de_DE\" \/>\n<meta property=\"og:type\" content=\"article\" \/>\n<meta property=\"og:title\" content=\"Equipe \/ Contact - FestivalRem\" \/>\n<meta property=\"og:url\" content=\"https:\/\/festivalrem.eu\/de\/infos-pratiques\/equipe-contact\/\" \/>\n<meta property=\"og:site_name\" content=\"FestivalRem\" \/>\n<meta property=\"article:modified_time\" content=\"2025-12-28T10:02:35+00:00\" \/>\n<meta name=\"twitter:card\" content=\"summary_large_image\" \/>\n<meta name=\"twitter:label1\" content=\"Gesch\u00e4tzte Lesezeit\" \/>\n\t<meta name=\"twitter:data1\" content=\"1\u00a0Minute\" \/>\n<script type=\"application\/ld+json\" class=\"yoast-schema-graph\">{\"@context\":\"https:\\\/\\\/schema.org\",\"@graph\":[{\"@type\":\"WebPage\",\"@id\":\"https:\\\/\\\/festivalrem.eu\\\/infos-pratiques\\\/equipe-contact\",\"url\":\"https:\\\/\\\/festivalrem.eu\\\/infos-pratiques\\\/equipe-contact\",\"name\":\"Equipe \\\/ Contact - FestivalRem\",\"isPartOf\":{\"@id\":\"https:\\\/\\\/festivalrem.eu\\\/#website\"},\"datePublished\":\"2018-11-22T10:41:59+00:00\",\"dateModified\":\"2025-12-28T10:02:35+00:00\",\"breadcrumb\":{\"@id\":\"https:\\\/\\\/festivalrem.eu\\\/infos-pratiques\\\/equipe-contact#breadcrumb\"},\"inLanguage\":\"de\",\"potentialAction\":[{\"@type\":\"ReadAction\",\"target\":[\"https:\\\/\\\/festivalrem.eu\\\/infos-pratiques\\\/equipe-contact\"]}]},{\"@type\":\"BreadcrumbList\",\"@id\":\"https:\\\/\\\/festivalrem.eu\\\/infos-pratiques\\\/equipe-contact#breadcrumb\",\"itemListElement\":[{\"@type\":\"ListItem\",\"position\":1,\"name\":\"Startseite\",\"item\":\"https:\\\/\\\/festivalrem.eu\\\/\"},{\"@type\":\"ListItem\",\"position\":2,\"name\":\"Infos pratiques\",\"item\":\"https:\\\/\\\/festivalrem.eu\\\/infos-pratiques\"},{\"@type\":\"ListItem\",\"position\":3,\"name\":\"Equipe \\\/ Contact\"}]},{\"@type\":\"WebSite\",\"@id\":\"https:\\\/\\\/festivalrem.eu\\\/#website\",\"url\":\"https:\\\/\\\/festivalrem.eu\\\/\",\"name\":\"FestivalRem\",\"description\":\"\",\"potentialAction\":[{\"@type\":\"SearchAction\",\"target\":{\"@type\":\"EntryPoint\",\"urlTemplate\":\"https:\\\/\\\/festivalrem.eu\\\/?s={search_term_string}\"},\"query-input\":{\"@type\":\"PropertyValueSpecification\",\"valueRequired\":true,\"valueName\":\"search_term_string\"}}],\"inLanguage\":\"de\"}]}<\/script>\n<!-- \/ Yoast SEO plugin. -->","yoast_head_json":{"title":"Equipe \/ Contact - FestivalRem","robots":{"index":"index","follow":"follow","max-snippet":"max-snippet:-1","max-image-preview":"max-image-preview:large","max-video-preview":"max-video-preview:-1"},"canonical":"https:\/\/festivalrem.eu\/de\/infos-pratiques\/equipe-contact\/","og_locale":"de_DE","og_type":"article","og_title":"Equipe \/ Contact - FestivalRem","og_url":"https:\/\/festivalrem.eu\/de\/infos-pratiques\/equipe-contact\/","og_site_name":"FestivalRem","article_modified_time":"2025-12-28T10:02:35+00:00","twitter_card":"summary_large_image","twitter_misc":{"Gesch\u00e4tzte Lesezeit":"1\u00a0Minute"},"schema":{"@context":"https:\/\/schema.org","@graph":[{"@type":"WebPage","@id":"https:\/\/festivalrem.eu\/infos-pratiques\/equipe-contact","url":"https:\/\/festivalrem.eu\/infos-pratiques\/equipe-contact","name":"Equipe \/ Contact - FestivalRem","isPartOf":{"@id":"https:\/\/festivalrem.eu\/#website"},"datePublished":"2018-11-22T10:41:59+00:00","dateModified":"2025-12-28T10:02:35+00:00","breadcrumb":{"@id":"https:\/\/festivalrem.eu\/infos-pratiques\/equipe-contact#breadcrumb"},"inLanguage":"de","potentialAction":[{"@type":"ReadAction","target":["https:\/\/festivalrem.eu\/infos-pratiques\/equipe-contact"]}]},{"@type":"BreadcrumbList","@id":"https:\/\/festivalrem.eu\/infos-pratiques\/equipe-contact#breadcrumb","itemListElement":[{"@type":"ListItem","position":1,"name":"Startseite","item":"https:\/\/festivalrem.eu\/"},{"@type":"ListItem","position":2,"name":"Infos pratiques","item":"https:\/\/festivalrem.eu\/infos-pratiques"},{"@type":"ListItem","position":3,"name":"Equipe \/ Contact"}]},{"@type":"WebSite","@id":"https:\/\/festivalrem.eu\/#website","url":"https:\/\/festivalrem.eu\/","name":"FestivalRem","description":"","potentialAction":[{"@type":"SearchAction","target":{"@type":"EntryPoint","urlTemplate":"https:\/\/festivalrem.eu\/?s={search_term_string}"},"query-input":{"@type":"PropertyValueSpecification","valueRequired":true,"valueName":"search_term_string"}}],"inLanguage":"de"}]}},"_links":{"self":[{"href":"https:\/\/festivalrem.eu\/de\/wp-json\/wp\/v2\/pages\/69","targetHints":{"allow":["GET"]}}],"collection":[{"href":"https:\/\/festivalrem.eu\/de\/wp-json\/wp\/v2\/pages"}],"about":[{"href":"https:\/\/festivalrem.eu\/de\/wp-json\/wp\/v2\/types\/page"}],"author":[{"embeddable":true,"href":"https:\/\/festivalrem.eu\/de\/wp-json\/wp\/v2\/users\/1"}],"replies":[{"embeddable":true,"href":"https:\/\/festivalrem.eu\/de\/wp-json\/wp\/v2\/comments?post=69"}],"version-history":[{"count":23,"href":"https:\/\/festivalrem.eu\/de\/wp-json\/wp\/v2\/pages\/69\/revisions"}],"predecessor-version":[{"id":1909,"href":"https:\/\/festivalrem.eu\/de\/wp-json\/wp\/v2\/pages\/69\/revisions\/1909"}],"up":[{"embeddable":true,"href":"https:\/\/festivalrem.eu\/de\/wp-json\/wp\/v2\/pages\/58"}],"wp:attachment":[{"href":"https:\/\/festivalrem.eu\/de\/wp-json\/wp\/v2\/media?parent=69"}],"curies":[{"name":"wp","href":"https:\/\/api.w.org\/{rel}","templated":true}]}}