{"id":65,"date":"2018-11-22T10:41:07","date_gmt":"2018-11-22T10:41:07","guid":{"rendered":"http:\/\/www.larsborrmann.de\/?page_id=65"},"modified":"2018-12-13T21:46:04","modified_gmt":"2018-12-13T21:46:04","slug":"hebergement","status":"publish","type":"page","link":"https:\/\/festivalrem.eu\/de\/infos-pratiques\/hebergement","title":{"rendered":"Unterkunft"},"content":{"rendered":"<div class=\"wpb-content-wrapper\"><div class=\"tm-row wpb_row vc_row-fluid tm-zindex-0 vc_row container tm-bgimage-position-center_center\">\n\n\t\t\n\t\t\n\t\t\n\n<div class=\"wpb_column tm-column vc_column_container vc_col-sm-12 tm-zindex-0\">\n\t<div class=\"vc_column-inner\">\n\t\t\t\t<div class=\"wpb_wrapper\">\n\t\t\t<h1 style=\"text-align: center;font-family:Source Sans Pro;font-weight:600;font-style:normal\" class=\"vc_custom_heading\" >Unterkunft<\/h1>\t\t<\/div>\n\t<\/div>\n<\/div>\n\n\n\n\t\t\n\t<\/div>\n\n\n\n\n\n\n\n\n\n\n\n<div class=\"tm-row wpb_row vc_row-fluid tm-zindex-0 vc_row container tm-bgimage-position-center_center\">\n\n\t\t\n\t\t\n\t\t\n\n<div class=\"wpb_column tm-column vc_column_container vc_col-sm-12 tm-zindex-0\">\n\t<div class=\"vc_column-inner\">\n\t\t\t\t<div class=\"wpb_wrapper\">\n\t\t\t\n\t<div class=\"wpb_text_column wpb_content_element\" >\n\t\t<div class=\"wpb_wrapper\">\n\t\t\t<p style=\"text-align: center;\">Haben Sie eine lange Anfahrt hinter sich? So bieten wir Ihnen auch eine Unterkunft in der N\u00e4he an!<\/p>\n\n\t\t<\/div>\n\t<\/div>\n\t\t<\/div>\n\t<\/div>\n<\/div>\n\n\n\n\t\t\n\t<\/div>\n\n\n\n\n\n\n\n\n\n\n\n<div class=\"tm-row wpb_row vc_row-fluid tm-zindex-0 vc_row container tm-bgimage-position-center_center\">\n\n\t\t\n\t\t\n\t\t\n\n<div class=\"wpb_column tm-column vc_column_container vc_col-sm-4 tm-zindex-0\">\n\t<div class=\"vc_column-inner\">\n\t\t\t\t<div class=\"wpb_wrapper\">\n\t\t\t\t\t\r\n\t\t\t      \t<div class=\"hover vc-ihe-panel\" id=\"vc-flip-box-135\" style=\"height: 400pxpx;\">\r\n\t\t\t  <div class=\"front\" style=\"background: #efefef;\">\r\n\t\t\t  \t<div style=\"display:table;width:100%;height:100%;\">\r\n\t\t\t\t    <div class=\"pad\" style=\"display: table-cell !important;vertical-align: middle !important; border: 5pxpx solid #7a0302;\">\r\n\t\t\t\t      \t\t\t\t\t  \t\t\t\t\t\t<i class=\"fa fa-home\" aria-hidden=\"true\" style=\"font-size: 50pxpx; color: #7a0302;\"><\/i>\r\n\t\t\t\t\t  \t\t\t\t      <h4 class=\"flip-box-title\" style=\"color: #000000; font-size: 15px; line-height: 1.5;\">\r\n\t\t\t\t      \t\tHotel\t\t\t\t      <\/h4>\r\n\t\t\t\t      <p class=\"flip-box-desc\" style=\"color: ; font-size: 13px;\">\r\n\t\t\t\t        \t\t\t\t      <\/p>\r\n\t\t\t\t    <\/div>\r\n\t\t\t    <\/div>\r\n\t\t\t  <\/div>\r\n\t\t\t  <div class=\"back\" style=\"background: #efefef\">\r\n\t\t\t\t<div style=\"display:table;width:100%;height:100%;\">\r\n\t\t\t    \t<div class=\"pad\" style=\"display: table-cell !important; vertical-align: middle !important; padding: 10px;\">\r\n\t\t\t\t      <p style=\"text-align: center\">Die n\u00e4chstgelegenen Hotels befinden sich in Sarreguemines oder Hambach. Mehr Informationen hier!<\/p>\n<p style=\"text-align: center\"><a class=\"fasc-button fasc-size-medium fasc-type-flat\" style=\"background-color: #7a0302;color: #ffffff\" href=\"https:\/\/booki.ng\/2RNDx8z\">Sarreguemines<\/a><\/p>\n<p style=\"text-align: center\"><a class=\"fasc-button fasc-size-medium fasc-type-flat\" style=\"background-color: #7a0302;color: #ffffff\" href=\"https:\/\/www.booking.com\/searchresults.fr.html?aid=301664&amp;label=sarreguemines-HrjUkAin1RG9pOgumzprTgS106735991884:pl:ta:p15:p2:ac:ap1t2:neg:fi:tiaud-285284110766:kwd-5072384584:lp9040856:li:dec:dm&amp;sid=ad67337e7830649d8ae192ff060f2a26&amp;sb=1&amp;src=searchresults&amp;src_elem=sb&amp;error_url=https:\/\/www.booking.com\/searchresults.fr.html%3Faid%3D301664;label%3Dsarreguemines-HrjUkAin1RG9pOgumzprTgS106735991884%253Apl%253Ata%253Ap15%253Ap2%253Aac%253Aap1t2%253Aneg%253Afi%253Atiaud-285284110766%253Akwd-5072384584%253Alp9040856%253Ali%253Adec%253Adm;sid%3Dad67337e7830649d8ae192ff060f2a26;tmpl%3Dsearchresults;city%3D-1469504;class_interval%3D1;dest_id%3D-1469504;dest_type%3Dcity;dtdisc%3D0;hyb_red%3D1;inac%3D0;index_postcard%3D0;label_click%3Dundef;offset%3D0;postcard%3D0;redirected%3D1;redirected_from_city%3D1;room1%3DA%252CA;sb_price_type%3Dtotal;shw_aparth%3D1;slp_r_match%3D0;src%3Dcity;ss_all%3D0;ssb%3Dempty;sshis%3D0%26;&amp;order=popularity&amp;ss=hambach&amp;ssne=Sarreguemines&amp;ssne_untouched=Sarreguemines&amp;city=-1469504&amp;checkin_monthday=&amp;checkin_month=&amp;checkin_year=&amp;checkout_monthday=&amp;checkout_month=&amp;checkout_year=&amp;group_adults=2&amp;group_children=0&amp;no_rooms=1&amp;from_sf=1&amp;ss_raw=n&amp;dest_id=&amp;dest_type=&amp;search_pageview_id=e5688da0d0dc003e&amp;search_selected=false\">Hambach<\/a><\/p>\n\t\t\t\t      <p style=\"text-align: center;\">\r\n\t\t\t\t      \t\t\t\t\t      <\/p>\r\n\t\t\t\t    <\/div>\r\n\t\t\t    <\/div>\r\n\t\t\t  <\/div>\r\n\t\t\t<\/div> \t\r\n\t    \r\n\t    \r\n\t\t\r\n\t\t<style>\r\n\t\t\t@media only screen and (max-width: 480px) {\r\n\t\t\t\t#vc-flip-box-135 .flip-box-title {\r\n\t\t\t\t\tfont-size: px !important;\r\n\t\t\t\t}\r\n\t\t\t\t#vc-flip-box-135 .flip-box-desc {\r\n\t\t\t\t\tfont-size: px !important;\r\n\t\t\t\t}\r\n\t\t\t\t#vc-flip-box-135.vc-ihe-panel, #vc-flip-box-135 .flip-box-3d{\r\n\t\t\t\t\theight: px !important;\r\n\t\t\t\t}\r\n\t\t\t\t#vc-flip-box-135 .flip-box-3d .active-state, #vc-flip-box-135 .flip-box-3d .default-state{\r\n\t\t\t\t\theight: px !important;\r\n\t\t\t\t}\r\n\t\t\t}\r\n\t\t<\/style>\r\n\r\n\t\t\t\t<\/div>\n\t<\/div>\n<\/div>\n\n\n\n\n\n<div class=\"wpb_column tm-column vc_column_container vc_col-sm-4 tm-zindex-0\">\n\t<div class=\"vc_column-inner\">\n\t\t\t\t<div class=\"wpb_wrapper\">\n\t\t\t\t\t\r\n\t\t\t      \t<div class=\"hover vc-ihe-panel\" id=\"vc-flip-box-70\" style=\"height: 400pxpx;\">\r\n\t\t\t  <div class=\"front\" style=\"background: #efefef;\">\r\n\t\t\t  \t<div style=\"display:table;width:100%;height:100%;\">\r\n\t\t\t\t    <div class=\"pad\" style=\"display: table-cell !important;vertical-align: middle !important; border: 5pxpx solid #7a0302;\">\r\n\t\t\t\t      \t\t\t\t\t  \t\t\t\t\t\t<i class=\"fa fa-fire\" aria-hidden=\"true\" style=\"font-size: 50pxpx; color: #7a0302;\"><\/i>\r\n\t\t\t\t\t  \t\t\t\t      <h4 class=\"flip-box-title\" style=\"color: #000000; font-size: 15px; line-height: 1.5;\">\r\n\t\t\t\t      \t\tCamping\t\t\t\t      <\/h4>\r\n\t\t\t\t      <p class=\"flip-box-desc\" style=\"color: ; font-size: 13px;\">\r\n\t\t\t\t        \t\t\t\t      <\/p>\r\n\t\t\t\t    <\/div>\r\n\t\t\t    <\/div>\r\n\t\t\t  <\/div>\r\n\t\t\t  <div class=\"back\" style=\"background: #efefef\">\r\n\t\t\t\t<div style=\"display:table;width:100%;height:100%;\">\r\n\t\t\t    \t<div class=\"pad\" style=\"display: table-cell !important; vertical-align: middle !important; padding: 10px;\">\r\n\t\t\t\t      <p style=\"text-align: center\">F\u00fcr Abenteuerlustige gibt es einen kostenlosen Campingplatz direkt neben dem Festival, auf dem Sie Ihr Zelt aufschlagen k\u00f6nnen! Andere Campingpl\u00e4tze in der N\u00e4he!<\/p>\n<p style=\"text-align: center\"><a class=\"fasc-button fasc-size-medium fasc-type-flat\" style=\"background-color: #7a0302;color: #ffffff\" href=\"http:\/\/www.campingenlorraine.com\/ville\/camping-sarreguemines\/\">Camping<\/a><\/p>\n<p style=\"text-align: center\">&nbsp;<\/p>\n\t\t\t\t      <p style=\"text-align: center;\">\r\n\t\t\t\t      \t\t\t\t\t      <\/p>\r\n\t\t\t\t    <\/div>\r\n\t\t\t    <\/div>\r\n\t\t\t  <\/div>\r\n\t\t\t<\/div> \t\r\n\t    \r\n\t    \r\n\t\t\r\n\t\t<style>\r\n\t\t\t@media only screen and (max-width: 480px) {\r\n\t\t\t\t#vc-flip-box-70 .flip-box-title {\r\n\t\t\t\t\tfont-size: px !important;\r\n\t\t\t\t}\r\n\t\t\t\t#vc-flip-box-70 .flip-box-desc {\r\n\t\t\t\t\tfont-size: px !important;\r\n\t\t\t\t}\r\n\t\t\t\t#vc-flip-box-70.vc-ihe-panel, #vc-flip-box-70 .flip-box-3d{\r\n\t\t\t\t\theight: px !important;\r\n\t\t\t\t}\r\n\t\t\t\t#vc-flip-box-70 .flip-box-3d .active-state, #vc-flip-box-70 .flip-box-3d .default-state{\r\n\t\t\t\t\theight: px !important;\r\n\t\t\t\t}\r\n\t\t\t}\r\n\t\t<\/style>\r\n\r\n\t\t\t\t<\/div>\n\t<\/div>\n<\/div>\n\n\n\n\n\n<div class=\"wpb_column tm-column vc_column_container vc_col-sm-4 tm-zindex-0\">\n\t<div class=\"vc_column-inner\">\n\t\t\t\t<div class=\"wpb_wrapper\">\n\t\t\t\t\t\r\n\t\t\t      \t<div class=\"hover vc-ihe-panel\" id=\"vc-flip-box-339\" style=\"height: 400pxpx;\">\r\n\t\t\t  <div class=\"front\" style=\"background: #efefef;\">\r\n\t\t\t  \t<div style=\"display:table;width:100%;height:100%;\">\r\n\t\t\t\t    <div class=\"pad\" style=\"display: table-cell !important;vertical-align: middle !important; border: 5pxpx solid #7a0302;\">\r\n\t\t\t\t      \t\t\t\t\t  \t\t\t\t\t\t<i class=\"fa fa-bed\" aria-hidden=\"true\" style=\"font-size: 50pxpx; color: #7a0302;\"><\/i>\r\n\t\t\t\t\t  \t\t\t\t      <h4 class=\"flip-box-title\" style=\"color: #000000; font-size: 15px; line-height: 1.5;\">\r\n\t\t\t\t      \t\tAirbnb\t\t\t\t      <\/h4>\r\n\t\t\t\t      <p class=\"flip-box-desc\" style=\"color: ; font-size: 13px;\">\r\n\t\t\t\t        \t\t\t\t      <\/p>\r\n\t\t\t\t    <\/div>\r\n\t\t\t    <\/div>\r\n\t\t\t  <\/div>\r\n\t\t\t  <div class=\"back\" style=\"background: #efefef\">\r\n\t\t\t\t<div style=\"display:table;width:100%;height:100%;\">\r\n\t\t\t    \t<div class=\"pad\" style=\"display: table-cell !important; vertical-align: middle !important; padding: 10px;\">\r\n\t\t\t\t      <p style=\"text-align: center\">CHEZ L\u2019HABITANT. Airbnb bietet Ihnen auch Hosting-L\u00f6sungen an Entdecken Sie das Airbnb in der N\u00e4he.<\/p>\n<p style=\"text-align: center\"><a class=\"fasc-button fasc-size-medium fasc-type-flat\" style=\"background-color: #7a0302;color: #ffffff\" href=\"https:\/\/bit.ly\/2qFG2hK\">Airbnb<\/a><\/p>\n\t\t\t\t      <p style=\"text-align: center;\">\r\n\t\t\t\t      \t\t\t\t\t      <\/p>\r\n\t\t\t\t    <\/div>\r\n\t\t\t    <\/div>\r\n\t\t\t  <\/div>\r\n\t\t\t<\/div> \t\r\n\t    \r\n\t    \r\n\t\t\r\n\t\t<style>\r\n\t\t\t@media only screen and (max-width: 480px) {\r\n\t\t\t\t#vc-flip-box-339 .flip-box-title {\r\n\t\t\t\t\tfont-size: px !important;\r\n\t\t\t\t}\r\n\t\t\t\t#vc-flip-box-339 .flip-box-desc {\r\n\t\t\t\t\tfont-size: px !important;\r\n\t\t\t\t}\r\n\t\t\t\t#vc-flip-box-339.vc-ihe-panel, #vc-flip-box-339 .flip-box-3d{\r\n\t\t\t\t\theight: px !important;\r\n\t\t\t\t}\r\n\t\t\t\t#vc-flip-box-339 .flip-box-3d .active-state, #vc-flip-box-339 .flip-box-3d .default-state{\r\n\t\t\t\t\theight: px !important;\r\n\t\t\t\t}\r\n\t\t\t}\r\n\t\t<\/style>\r\n\r\n\t\t\t\t<\/div>\n\t<\/div>\n<\/div>\n\n\n\n\t\t\n\t<\/div>\n\n\n\n\n\n\n\n\n\n\n\n<div class=\"tm-row wpb_row vc_row-fluid tm-zindex-0 vc_row container tm-bgimage-position-center_center\">\n\n\t\t\n\t\t\n\t\t\n\n<div class=\"wpb_column tm-column vc_column_container vc_col-sm-12 tm-zindex-0\">\n\t<div class=\"vc_column-inner\">\n\t\t\t\t<div class=\"wpb_wrapper\">\n\t\t\t<h3 style=\"text-align: center;font-family:Source Sans Pro;font-weight:600;font-style:normal\" class=\"vc_custom_heading\" >INFORMATION TOURISMUSVERBAND<\/h3>\t\t<\/div>\n\t<\/div>\n<\/div>\n\n\n\n\t\t\n\t<\/div>\n\n\n\n\n\n\n\n\n\n\n\n<div class=\"tm-row wpb_row vc_row-fluid tm-zindex-0 vc_row container tm-bgimage-position-center_center\">\n\n\t\t\n\t\t\n\t\t\n\n<div class=\"wpb_column tm-column vc_column_container vc_col-sm-12 tm-zindex-0\">\n\t<div class=\"vc_column-inner\">\n\t\t\t\t<div class=\"wpb_wrapper\">\n\t\t\t\n\t<div class=\"wpb_text_column wpb_content_element\" >\n\t\t<div class=\"wpb_wrapper\">\n\t\t\t<p style=\"text-align: center;\">F\u00fcr weitere Informationen \u00fcber die Aufenthalte und Angebote der Stadtgemeinde Sarreguemines Confluences (aber auch \u00fcber die Kultur, das Erbe, die umliegende Natur und Ausfl\u00fcge in der Region) wenden Sie sich bitte an das Tourismusb\u00fcro Sarreguemines!<\/p>\n\n\t\t<\/div>\n\t<\/div>\n\t\t<\/div>\n\t<\/div>\n<\/div>\n\n\n\n\t\t\n\t<\/div>\n\n\n\n\n\n\n\n\n\n\n\n<div class=\"tm-row wpb_row vc_row-fluid tm-zindex-0 vc_row container tm-bgimage-position-center_center\">\n\n\t\t\n\t\t\n\t\t\n\n<div class=\"wpb_column tm-column vc_column_container vc_col-sm-6 tm-zindex-0\">\n\t<div class=\"vc_column-inner\">\n\t\t\t\t<div class=\"wpb_wrapper\">\n\t\t\t<div class=\"wpb_gmaps_widget wpb_content_element\"><div class=\"wpb_wrapper\"><div class=\"wpb_map_wraper\"><iframe src=\"https:\/\/www.google.com\/maps\/embed?pb=!1m18!1m12!1m3!1d2611.7686809147144!2d7.067810215702433!3d49.11003477931299!2m3!1f0!2f0!3f0!3m2!1i1024!2i768!4f13.1!3m3!1m2!1s0x4794357676992081%3A0x528c2e3d76cd1143!2s11+Rue+du+Maire+Massing%2C+57200+Sarreguemines%2C+Frankreich!5e0!3m2!1sde!2sde!4v1542973620607\" width=\"600\" height=\"450\" frameborder=\"0\" style=\"border:0\" allowfullscreen><\/iframe><\/div><\/div><\/div>\t\t<\/div>\n\t<\/div>\n<\/div>\n\n\n\n\n\n<div class=\"wpb_column tm-column vc_column_container vc_col-sm-6 tm-zindex-0\">\n\t<div class=\"vc_column-inner\">\n\t\t\t\t<div class=\"wpb_wrapper\">\n\t\t\t\n\t<div  class=\"wpb_single_image wpb_content_element vc_align_left\">\n\t\t\n\t\t<figure class=\"wpb_wrapper vc_figure\">\n\t\t\t<div class=\"vc_single_image-wrapper   vc_box_border_grey\"><img fetchpriority=\"high\" decoding=\"async\" width=\"300\" height=\"168\" src=\"https:\/\/festivalrem.eu\/wp-content\/uploads\/2018\/11\/Ohne-Titel-300x168.jpg\" class=\"vc_single_image-img attachment-medium\" alt=\"\" title=\"Ohne Titel\" srcset=\"https:\/\/festivalrem.eu\/wp-content\/uploads\/2018\/11\/Ohne-Titel-300x168.jpg 300w, https:\/\/festivalrem.eu\/wp-content\/uploads\/2018\/11\/Ohne-Titel.jpg 331w\" sizes=\"(max-width: 300px) 100vw, 300px\" data-id=\"376\" \/><\/div>\n\t\t<\/figure>\n\t<\/div>\n\n\t<div class=\"wpb_text_column wpb_content_element\" >\n\t\t<div class=\"wpb_wrapper\">\n\t\t\t<div class=\"elementor-element elementor-element-68c5ebc3 elementor-column elementor-col-50 elementor-inner-column\" data-id=\"68c5ebc3\" data-element_type=\"column\">\n<div class=\"elementor-column-wrap elementor-element-populated\">\n<div class=\"elementor-widget-wrap\">\n<div class=\"elementor-element elementor-element-405f10fd elementor-widget elementor-widget-heading\" data-id=\"405f10fd\" data-element_type=\"heading.default\">\n<div class=\"elementor-widget-container\">\n<div class=\"elementor-heading-title elementor-size-default\"><strong>Anfahrt<\/strong><\/div>\n<\/div>\n<\/div>\n<div class=\"elementor-element elementor-element-5bafa2b7 elementor-widget elementor-widget-text-editor\" data-id=\"5bafa2b7\" data-element_type=\"text-editor.default\">\n<div class=\"elementor-widget-container\">\n<div class=\"elementor-text-editor elementor-clearfix\">\n<p><span lang=\"EN-US\">11 rue du Maire Massing<br \/>\n<\/span><span lang=\"EN-US\">F-57203 SARREGUEMINES <\/span><\/p>\n<\/div>\n<\/div>\n<\/div>\n<\/div>\n<\/div>\n<\/div>\n<div class=\"elementor-element elementor-element-3025bde6 elementor-column elementor-col-50 elementor-inner-column\" data-id=\"3025bde6\" data-element_type=\"column\">\n<div class=\"elementor-column-wrap elementor-element-populated\">\n<div class=\"elementor-widget-wrap\">\n<div class=\"elementor-element elementor-element-70840c9 elementor-widget elementor-widget-heading\" data-id=\"70840c9\" data-element_type=\"heading.default\">\n<div class=\"elementor-widget-container\">\n<div class=\"elementor-heading-title elementor-size-default\"><strong>Kontakt<\/strong><\/div>\n<\/div>\n<\/div>\n<div class=\"elementor-element elementor-element-cdedf20 elementor-widget elementor-widget-text-editor\" data-id=\"cdedf20\" data-element_type=\"text-editor.default\">\n<div class=\"elementor-widget-container\">\n<div class=\"elementor-text-editor elementor-clearfix\">\n<p>contact@sarreguemines-tourisme.com<\/p>\n<\/div>\n<\/div>\n<\/div>\n<div class=\"elementor-element elementor-element-13a4b86d elementor-widget elementor-widget-text-editor\" data-id=\"13a4b86d\" data-element_type=\"text-editor.default\">\n<div class=\"elementor-widget-container\">\n<div class=\"elementor-text-editor elementor-clearfix\"><strong>+33<span lang=\"FR\"> (0)3 87 98 80 81<\/span><\/strong><\/div>\n<\/div>\n<\/div>\n<\/div>\n<\/div>\n<\/div>\n\n\t\t<\/div>\n\t<\/div>\n\t\t<\/div>\n\t<\/div>\n<\/div>\n\n\n\n\t\t\n\t<\/div>\n<\/div>","protected":false},"excerpt":{"rendered":"H\u00e9bergement Vous venez de loin ? Vous avez plusieurs possibilit\u00e9s pour vous loger ! Hotel Les h\u00f4tels les plus proches se trouvent \u00e0 Sarreguemines ou Hambach. Plus d\u2019infos ici ! &hellip; <a href=\"https:\/\/festivalrem.eu\/de\/infos-pratiques\/hebergement\" class=\"more-link\">Continue reading <span class=\"screen-reader-text\">Unterkunft<\/span><\/a>","protected":false},"author":1,"featured_media":0,"parent":58,"menu_order":0,"comment_status":"closed","ping_status":"closed","template":"","meta":{"ngg_post_thumbnail":0,"footnotes":""},"class_list":["post-65","page","type-page","status-publish","hentry"],"yoast_head":"<!-- This site is optimized with the Yoast SEO plugin v27.6 - https:\/\/yoast.com\/product\/yoast-seo-wordpress\/ -->\n<title>H\u00e9bergement - FestivalRem<\/title>\n<meta name=\"robots\" content=\"index, follow, max-snippet:-1, max-image-preview:large, max-video-preview:-1\" \/>\n<link rel=\"canonical\" href=\"https:\/\/festivalrem.eu\/de\/infos-pratiques\/hebergement\/\" \/>\n<meta property=\"og:locale\" content=\"de_DE\" \/>\n<meta property=\"og:type\" content=\"article\" \/>\n<meta property=\"og:title\" content=\"H\u00e9bergement - FestivalRem\" \/>\n<meta property=\"og:url\" content=\"https:\/\/festivalrem.eu\/de\/infos-pratiques\/hebergement\/\" \/>\n<meta property=\"og:site_name\" content=\"FestivalRem\" \/>\n<meta property=\"article:modified_time\" content=\"2018-12-13T21:46:04+00:00\" \/>\n<meta name=\"twitter:card\" content=\"summary_large_image\" \/>\n<meta name=\"twitter:label1\" content=\"Gesch\u00e4tzte Lesezeit\" \/>\n\t<meta name=\"twitter:data1\" content=\"3\u00a0Minuten\" \/>\n<script type=\"application\/ld+json\" class=\"yoast-schema-graph\">{\"@context\":\"https:\\\/\\\/schema.org\",\"@graph\":[{\"@type\":\"WebPage\",\"@id\":\"https:\\\/\\\/festivalrem.eu\\\/infos-pratiques\\\/hebergement\",\"url\":\"https:\\\/\\\/festivalrem.eu\\\/infos-pratiques\\\/hebergement\",\"name\":\"H\u00e9bergement - FestivalRem\",\"isPartOf\":{\"@id\":\"https:\\\/\\\/festivalrem.eu\\\/#website\"},\"datePublished\":\"2018-11-22T10:41:07+00:00\",\"dateModified\":\"2018-12-13T21:46:04+00:00\",\"breadcrumb\":{\"@id\":\"https:\\\/\\\/festivalrem.eu\\\/infos-pratiques\\\/hebergement#breadcrumb\"},\"inLanguage\":\"de\",\"potentialAction\":[{\"@type\":\"ReadAction\",\"target\":[\"https:\\\/\\\/festivalrem.eu\\\/infos-pratiques\\\/hebergement\"]}]},{\"@type\":\"BreadcrumbList\",\"@id\":\"https:\\\/\\\/festivalrem.eu\\\/infos-pratiques\\\/hebergement#breadcrumb\",\"itemListElement\":[{\"@type\":\"ListItem\",\"position\":1,\"name\":\"Startseite\",\"item\":\"https:\\\/\\\/festivalrem.eu\\\/\"},{\"@type\":\"ListItem\",\"position\":2,\"name\":\"Infos pratiques\",\"item\":\"https:\\\/\\\/festivalrem.eu\\\/infos-pratiques\"},{\"@type\":\"ListItem\",\"position\":3,\"name\":\"H\u00e9bergement\"}]},{\"@type\":\"WebSite\",\"@id\":\"https:\\\/\\\/festivalrem.eu\\\/#website\",\"url\":\"https:\\\/\\\/festivalrem.eu\\\/\",\"name\":\"FestivalRem\",\"description\":\"\",\"potentialAction\":[{\"@type\":\"SearchAction\",\"target\":{\"@type\":\"EntryPoint\",\"urlTemplate\":\"https:\\\/\\\/festivalrem.eu\\\/?s={search_term_string}\"},\"query-input\":{\"@type\":\"PropertyValueSpecification\",\"valueRequired\":true,\"valueName\":\"search_term_string\"}}],\"inLanguage\":\"de\"}]}<\/script>\n<!-- \/ Yoast SEO plugin. -->","yoast_head_json":{"title":"H\u00e9bergement - FestivalRem","robots":{"index":"index","follow":"follow","max-snippet":"max-snippet:-1","max-image-preview":"max-image-preview:large","max-video-preview":"max-video-preview:-1"},"canonical":"https:\/\/festivalrem.eu\/de\/infos-pratiques\/hebergement\/","og_locale":"de_DE","og_type":"article","og_title":"H\u00e9bergement - FestivalRem","og_url":"https:\/\/festivalrem.eu\/de\/infos-pratiques\/hebergement\/","og_site_name":"FestivalRem","article_modified_time":"2018-12-13T21:46:04+00:00","twitter_card":"summary_large_image","twitter_misc":{"Gesch\u00e4tzte Lesezeit":"3\u00a0Minuten"},"schema":{"@context":"https:\/\/schema.org","@graph":[{"@type":"WebPage","@id":"https:\/\/festivalrem.eu\/infos-pratiques\/hebergement","url":"https:\/\/festivalrem.eu\/infos-pratiques\/hebergement","name":"H\u00e9bergement - FestivalRem","isPartOf":{"@id":"https:\/\/festivalrem.eu\/#website"},"datePublished":"2018-11-22T10:41:07+00:00","dateModified":"2018-12-13T21:46:04+00:00","breadcrumb":{"@id":"https:\/\/festivalrem.eu\/infos-pratiques\/hebergement#breadcrumb"},"inLanguage":"de","potentialAction":[{"@type":"ReadAction","target":["https:\/\/festivalrem.eu\/infos-pratiques\/hebergement"]}]},{"@type":"BreadcrumbList","@id":"https:\/\/festivalrem.eu\/infos-pratiques\/hebergement#breadcrumb","itemListElement":[{"@type":"ListItem","position":1,"name":"Startseite","item":"https:\/\/festivalrem.eu\/"},{"@type":"ListItem","position":2,"name":"Infos pratiques","item":"https:\/\/festivalrem.eu\/infos-pratiques"},{"@type":"ListItem","position":3,"name":"H\u00e9bergement"}]},{"@type":"WebSite","@id":"https:\/\/festivalrem.eu\/#website","url":"https:\/\/festivalrem.eu\/","name":"FestivalRem","description":"","potentialAction":[{"@type":"SearchAction","target":{"@type":"EntryPoint","urlTemplate":"https:\/\/festivalrem.eu\/?s={search_term_string}"},"query-input":{"@type":"PropertyValueSpecification","valueRequired":true,"valueName":"search_term_string"}}],"inLanguage":"de"}]}},"_links":{"self":[{"href":"https:\/\/festivalrem.eu\/de\/wp-json\/wp\/v2\/pages\/65","targetHints":{"allow":["GET"]}}],"collection":[{"href":"https:\/\/festivalrem.eu\/de\/wp-json\/wp\/v2\/pages"}],"about":[{"href":"https:\/\/festivalrem.eu\/de\/wp-json\/wp\/v2\/types\/page"}],"author":[{"embeddable":true,"href":"https:\/\/festivalrem.eu\/de\/wp-json\/wp\/v2\/users\/1"}],"replies":[{"embeddable":true,"href":"https:\/\/festivalrem.eu\/de\/wp-json\/wp\/v2\/comments?post=65"}],"version-history":[{"count":10,"href":"https:\/\/festivalrem.eu\/de\/wp-json\/wp\/v2\/pages\/65\/revisions"}],"predecessor-version":[{"id":968,"href":"https:\/\/festivalrem.eu\/de\/wp-json\/wp\/v2\/pages\/65\/revisions\/968"}],"up":[{"embeddable":true,"href":"https:\/\/festivalrem.eu\/de\/wp-json\/wp\/v2\/pages\/58"}],"wp:attachment":[{"href":"https:\/\/festivalrem.eu\/de\/wp-json\/wp\/v2\/media?parent=65"}],"curies":[{"name":"wp","href":"https:\/\/api.w.org\/{rel}","templated":true}]}}