{"id":63,"date":"2018-11-22T10:40:46","date_gmt":"2018-11-22T10:40:46","guid":{"rendered":"http:\/\/www.larsborrmann.de\/?page_id=63"},"modified":"2022-05-07T16:57:10","modified_gmt":"2022-05-07T16:57:10","slug":"restauration","status":"publish","type":"page","link":"https:\/\/festivalrem.eu\/de\/infos-pratiques\/restauration","title":{"rendered":"Catering"},"content":{"rendered":"<div class=\"wpb-content-wrapper\"><div class=\"tm-row wpb_row vc_row-fluid tm-zindex-0 vc_row container tm-bgimage-position-center_center\">\n\n\t\t\n\t\t\n\t\t\n\n<div class=\"wpb_column tm-column vc_column_container vc_col-sm-12 tm-zindex-0\">\n\t<div class=\"vc_column-inner\">\n\t\t\t\t<div class=\"wpb_wrapper\">\n\t\t\t<h1 style=\"text-align: center;font-family:Source Sans Pro;font-weight:600;font-style:normal\" class=\"vc_custom_heading\" >Catering<\/h1>\t\t<\/div>\n\t<\/div>\n<\/div>\n\n\n\n\t\t\n\t<\/div>\n\n\n\n\n\n\n\n\n\n\n\n<div class=\"tm-row wpb_row vc_row-fluid tm-zindex-0 vc_row container tm-bgimage-position-center_center\">\n\n\t\t\n\t\t\n\t\t\n\n<div class=\"wpb_column tm-column vc_column_container vc_col-sm-12 tm-zindex-0\">\n\t<div class=\"vc_column-inner\">\n\t\t\t\t<div class=\"wpb_wrapper\">\n\t\t\t\n\t<div class=\"wpb_text_column wpb_content_element\" >\n\t\t<div class=\"wpb_wrapper\">\n\t\t\t<p style=\"text-align: center;\"><strong>Nous vous proposons une restauration \u00e0 prix abordable \u00e0 partir de 18h30 :<\/strong><\/p>\n\n\t\t<\/div>\n\t<\/div>\n\t\t<\/div>\n\t<\/div>\n<\/div>\n\n\n\n\t\t\n\t<\/div>\n\n\n\n\n\n\n\n\n\n\n\n<div class=\"tm-row wpb_row vc_row-fluid tm-zindex-0 vc_row container tm-bgimage-position-center_center\">\n\n\t\t\n\t\t\n\t\t\n\n<div class=\"wpb_column tm-column vc_column_container vc_col-sm-3 tm-zindex-0\">\n\t<div class=\"vc_column-inner\">\n\t\t\t\t<div class=\"wpb_wrapper\">\n\t\t\t\n\t<div  class=\"wpb_single_image wpb_content_element vc_align_center\">\n\t\t\n\t\t<figure class=\"wpb_wrapper vc_figure\">\n\t\t\t<div class=\"vc_single_image-wrapper   vc_box_border_grey\"><img decoding=\"async\" width=\"150\" height=\"150\" src=\"https:\/\/festivalrem.eu\/wp-content\/uploads\/2018\/11\/3558094-bake-bread-fast-food-pizza_107831-150x150.png\" class=\"vc_single_image-img attachment-thumbnail\" alt=\"\" title=\"3558094-bake-bread-fast-food-pizza_107831\" srcset=\"https:\/\/festivalrem.eu\/wp-content\/uploads\/2018\/11\/3558094-bake-bread-fast-food-pizza_107831-150x150.png 150w, https:\/\/festivalrem.eu\/wp-content\/uploads\/2018\/11\/3558094-bake-bread-fast-food-pizza_107831-300x300.png 300w, https:\/\/festivalrem.eu\/wp-content\/uploads\/2018\/11\/3558094-bake-bread-fast-food-pizza_107831.png 512w\" sizes=\"(max-width: 150px) 100vw, 150px\" data-id=\"363\" \/><\/div>\n\t\t<\/figure>\n\t<\/div>\n\n\t<div class=\"wpb_text_column wpb_content_element\" >\n\t\t<div class=\"wpb_wrapper\">\n\t\t\t<p style=\"text-align: center;\">Pizza \/ Flammkuchen<\/p>\n\n\t\t<\/div>\n\t<\/div>\n\t\t<\/div>\n\t<\/div>\n<\/div>\n\n\n\n\n\n<div class=\"wpb_column tm-column vc_column_container vc_col-sm-3 tm-zindex-0\">\n\t<div class=\"vc_column-inner\">\n\t\t\t\t<div class=\"wpb_wrapper\">\n\t\t\t\n\t<div  class=\"wpb_single_image wpb_content_element vc_align_center\">\n\t\t\n\t\t<figure class=\"wpb_wrapper vc_figure\">\n\t\t\t<div class=\"vc_single_image-wrapper   vc_box_border_grey\"><img decoding=\"async\" width=\"150\" height=\"150\" src=\"https:\/\/festivalrem.eu\/wp-content\/uploads\/2018\/11\/32380cutofmeat_98860-150x150.png\" class=\"vc_single_image-img attachment-thumbnail\" alt=\"\" title=\"32380cutofmeat_98860\" srcset=\"https:\/\/festivalrem.eu\/wp-content\/uploads\/2018\/11\/32380cutofmeat_98860-150x150.png 150w, https:\/\/festivalrem.eu\/wp-content\/uploads\/2018\/11\/32380cutofmeat_98860-300x300.png 300w, https:\/\/festivalrem.eu\/wp-content\/uploads\/2018\/11\/32380cutofmeat_98860.png 512w\" sizes=\"(max-width: 150px) 100vw, 150px\" data-id=\"370\" \/><\/div>\n\t\t<\/figure>\n\t<\/div>\n\n\t<div class=\"wpb_text_column wpb_content_element\" >\n\t\t<div class=\"wpb_wrapper\">\n\t\t\t<p style=\"text-align: center;\">Rostwurst \/ Schwenkbraten \/ Pommes<\/p>\n\n\t\t<\/div>\n\t<\/div>\n\t\t<\/div>\n\t<\/div>\n<\/div>\n\n\n\n\n\n<div class=\"wpb_column tm-column vc_column_container vc_col-sm-3 tm-zindex-0\">\n\t<div class=\"vc_column-inner\">\n\t\t\t\t<div class=\"wpb_wrapper\">\n\t\t\t\n\t<div  class=\"wpb_single_image wpb_content_element vc_align_center\">\n\t\t\n\t\t<figure class=\"wpb_wrapper vc_figure\">\n\t\t\t<div class=\"vc_single_image-wrapper   vc_box_border_grey\"><img decoding=\"async\" width=\"150\" height=\"150\" src=\"https:\/\/festivalrem.eu\/wp-content\/uploads\/2018\/11\/Pancake_icon-icons.com_68716-150x150.png\" class=\"vc_single_image-img attachment-thumbnail\" alt=\"\" title=\"Pancake_icon-icons.com_68716\" srcset=\"https:\/\/festivalrem.eu\/wp-content\/uploads\/2018\/11\/Pancake_icon-icons.com_68716-150x150.png 150w, https:\/\/festivalrem.eu\/wp-content\/uploads\/2018\/11\/Pancake_icon-icons.com_68716-300x300.png 300w, https:\/\/festivalrem.eu\/wp-content\/uploads\/2018\/11\/Pancake_icon-icons.com_68716.png 512w\" sizes=\"(max-width: 150px) 100vw, 150px\" data-id=\"368\" \/><\/div>\n\t\t<\/figure>\n\t<\/div>\n\n\t<div class=\"wpb_text_column wpb_content_element\" >\n\t\t<div class=\"wpb_wrapper\">\n\t\t\t<p style=\"text-align: center;\">Cr\u00eapes<\/p>\n\n\t\t<\/div>\n\t<\/div>\n\t\t<\/div>\n\t<\/div>\n<\/div>\n\n\n\n\n\n<div class=\"wpb_column tm-column vc_column_container vc_col-sm-3 tm-zindex-0\">\n\t<div class=\"vc_column-inner\">\n\t\t\t\t<div class=\"wpb_wrapper\">\n\t\t\t\n\t<div  class=\"wpb_single_image wpb_content_element vc_align_center\">\n\t\t\n\t\t<figure class=\"wpb_wrapper vc_figure\">\n\t\t\t<div class=\"vc_single_image-wrapper   vc_box_border_grey\"><img loading=\"lazy\" decoding=\"async\" width=\"150\" height=\"150\" src=\"https:\/\/festivalrem.eu\/wp-content\/uploads\/2018\/11\/Cake_25712-150x150.png\" class=\"vc_single_image-img attachment-thumbnail\" alt=\"\" title=\"Cake_25712\" srcset=\"https:\/\/festivalrem.eu\/wp-content\/uploads\/2018\/11\/Cake_25712-150x150.png 150w, https:\/\/festivalrem.eu\/wp-content\/uploads\/2018\/11\/Cake_25712-300x300.png 300w, https:\/\/festivalrem.eu\/wp-content\/uploads\/2018\/11\/Cake_25712.png 512w\" sizes=\"(max-width: 150px) 100vw, 150px\" data-id=\"364\" \/><\/div>\n\t\t<\/figure>\n\t<\/div>\n\n\t<div class=\"wpb_text_column wpb_content_element\" >\n\t\t<div class=\"wpb_wrapper\">\n\t\t\t<p style=\"text-align: center;\">Kaffee und Kuchen<\/p>\n\n\t\t<\/div>\n\t<\/div>\n\t\t<\/div>\n\t<\/div>\n<\/div>\n\n\n\n\t\t\n\t<\/div>\n\n\n\n\n\n\n\n\n\n\n\n<div class=\"tm-row wpb_row vc_row-fluid tm-zindex-0 vc_row container tm-bgimage-position-center_center\">\n\n\t\t\n\t\t\n\t\t\n\n<div class=\"wpb_column tm-column vc_column_container vc_col-sm-12 tm-zindex-0\">\n\t<div class=\"vc_column-inner\">\n\t\t\t\t<div class=\"wpb_wrapper\">\n\t\t\t\n\t<div class=\"wpb_text_column wpb_content_element\" >\n\t\t<div class=\"wpb_wrapper\">\n\t\t\t<p style=\"text-align: center;\"><strong>Neben Spesen bieten wir auch Getr\u00e4nke an:<\/strong><\/p>\n\n\t\t<\/div>\n\t<\/div>\n\t\t<\/div>\n\t<\/div>\n<\/div>\n\n\n\n\t\t\n\t<\/div>\n\n\n\n\n\n\n\n\n\n\n\n<div class=\"tm-row wpb_row vc_row-fluid tm-zindex-0 vc_row container tm-bgimage-position-center_center\">\n\n\t\t\n\t\t\n\t\t\n\n<div class=\"wpb_column tm-column vc_column_container vc_col-sm-4 tm-zindex-0\">\n\t<div class=\"vc_column-inner\">\n\t\t\t\t<div class=\"wpb_wrapper\">\n\t\t\t\n\t<div  class=\"wpb_single_image wpb_content_element vc_align_center\">\n\t\t\n\t\t<figure class=\"wpb_wrapper vc_figure\">\n\t\t\t<div class=\"vc_single_image-wrapper   vc_box_border_grey\"><img loading=\"lazy\" decoding=\"async\" width=\"150\" height=\"150\" src=\"https:\/\/festivalrem.eu\/wp-content\/uploads\/2018\/11\/32439beermug_98867-150x150.png\" class=\"vc_single_image-img attachment-thumbnail\" alt=\"\" title=\"32439beermug_98867\" srcset=\"https:\/\/festivalrem.eu\/wp-content\/uploads\/2018\/11\/32439beermug_98867-150x150.png 150w, https:\/\/festivalrem.eu\/wp-content\/uploads\/2018\/11\/32439beermug_98867-300x300.png 300w, https:\/\/festivalrem.eu\/wp-content\/uploads\/2018\/11\/32439beermug_98867.png 512w\" sizes=\"(max-width: 150px) 100vw, 150px\" data-id=\"362\" \/><\/div>\n\t\t<\/figure>\n\t<\/div>\n\n\t<div class=\"wpb_text_column wpb_content_element\" >\n\t\t<div class=\"wpb_wrapper\">\n\t\t\t<p style=\"text-align: center;\">Bier<\/p>\n\n\t\t<\/div>\n\t<\/div>\n\t\t<\/div>\n\t<\/div>\n<\/div>\n\n\n\n\n\n<div class=\"wpb_column tm-column vc_column_container vc_col-sm-4 tm-zindex-0\">\n\t<div class=\"vc_column-inner\">\n\t\t\t\t<div class=\"wpb_wrapper\">\n\t\t\t\n\t<div  class=\"wpb_single_image wpb_content_element vc_align_center\">\n\t\t\n\t\t<figure class=\"wpb_wrapper vc_figure\">\n\t\t\t<div class=\"vc_single_image-wrapper   vc_box_border_grey\"><img loading=\"lazy\" decoding=\"async\" width=\"150\" height=\"150\" src=\"https:\/\/festivalrem.eu\/wp-content\/uploads\/2018\/11\/fast-food-icons-freecoke-soda_107427-150x150.png\" class=\"vc_single_image-img attachment-thumbnail\" alt=\"\" title=\"fast-food-icons-freecoke-soda_107427\" srcset=\"https:\/\/festivalrem.eu\/wp-content\/uploads\/2018\/11\/fast-food-icons-freecoke-soda_107427-150x150.png 150w, https:\/\/festivalrem.eu\/wp-content\/uploads\/2018\/11\/fast-food-icons-freecoke-soda_107427-300x300.png 300w, https:\/\/festivalrem.eu\/wp-content\/uploads\/2018\/11\/fast-food-icons-freecoke-soda_107427.png 512w\" sizes=\"(max-width: 150px) 100vw, 150px\" data-id=\"365\" \/><\/div>\n\t\t<\/figure>\n\t<\/div>\n\n\t<div class=\"wpb_text_column wpb_content_element\" >\n\t\t<div class=\"wpb_wrapper\">\n\t\t\t<p style=\"text-align: center;\">Softdrinks<\/p>\n\n\t\t<\/div>\n\t<\/div>\n\t\t<\/div>\n\t<\/div>\n<\/div>\n\n\n\n\n\n<div class=\"wpb_column tm-column vc_column_container vc_col-sm-4 tm-zindex-0\">\n\t<div class=\"vc_column-inner\">\n\t\t\t\t<div class=\"wpb_wrapper\">\n\t\t\t\n\t<div  class=\"wpb_single_image wpb_content_element vc_align_center\">\n\t\t\n\t\t<figure class=\"wpb_wrapper vc_figure\">\n\t\t\t<div class=\"vc_single_image-wrapper   vc_box_border_grey\"><img loading=\"lazy\" decoding=\"async\" width=\"150\" height=\"150\" src=\"https:\/\/festivalrem.eu\/wp-content\/uploads\/2018\/11\/wine-bottle_icon-icons.com_60728-150x150.png\" class=\"vc_single_image-img attachment-thumbnail\" alt=\"\" title=\"wine-bottle_icon-icons.com_60728\" srcset=\"https:\/\/festivalrem.eu\/wp-content\/uploads\/2018\/11\/wine-bottle_icon-icons.com_60728-150x150.png 150w, https:\/\/festivalrem.eu\/wp-content\/uploads\/2018\/11\/wine-bottle_icon-icons.com_60728-300x300.png 300w, https:\/\/festivalrem.eu\/wp-content\/uploads\/2018\/11\/wine-bottle_icon-icons.com_60728.png 512w\" sizes=\"(max-width: 150px) 100vw, 150px\" data-id=\"367\" \/><\/div>\n\t\t<\/figure>\n\t<\/div>\n\n\t<div class=\"wpb_text_column wpb_content_element\" >\n\t\t<div class=\"wpb_wrapper\">\n\t\t\t<p style=\"text-align: center;\">Wein \/ Cr\u00e9mant<\/p>\n\n\t\t<\/div>\n\t<\/div>\n\t\t<\/div>\n\t<\/div>\n<\/div>\n\n\n\n\t\t\n\t<\/div>\n<\/div>","protected":false},"excerpt":{"rendered":"Restauration Nous vous proposons une restauration \u00e0 prix abordable \u00e0 partir de 18h30 : Pizza \/ Flamms Saucisses \/ Schwenk \/ Frites Cr\u00eapes Caf\u00e9 g\u00e2teaux Mais aussi des boissons dans &hellip; <a href=\"https:\/\/festivalrem.eu\/de\/infos-pratiques\/restauration\" class=\"more-link\">Continue reading <span class=\"screen-reader-text\">Catering<\/span><\/a>","protected":false},"author":1,"featured_media":0,"parent":58,"menu_order":0,"comment_status":"closed","ping_status":"closed","template":"","meta":{"ngg_post_thumbnail":0,"footnotes":""},"class_list":["post-63","page","type-page","status-publish","hentry"],"yoast_head":"<!-- This site is optimized with the Yoast SEO plugin v27.5 - https:\/\/yoast.com\/product\/yoast-seo-wordpress\/ -->\n<title>Restauration - FestivalRem<\/title>\n<meta name=\"description\" content=\"Le Festival REM a g\u00e9n\u00e9ralement lieu le samedi \u00e0 partir de 17h !Nous vous proposons une restauration \u00e0 prix abordable.\" \/>\n<meta name=\"robots\" content=\"index, follow, max-snippet:-1, max-image-preview:large, max-video-preview:-1\" \/>\n<link rel=\"canonical\" href=\"https:\/\/festivalrem.eu\/de\/infos-pratiques\/restauration\/\" \/>\n<meta property=\"og:locale\" content=\"de_DE\" \/>\n<meta property=\"og:type\" content=\"article\" \/>\n<meta property=\"og:title\" content=\"Restauration - FestivalRem\" \/>\n<meta property=\"og:description\" content=\"Le Festival REM a g\u00e9n\u00e9ralement lieu le samedi \u00e0 partir de 17h !Nous vous proposons une restauration \u00e0 prix abordable.\" \/>\n<meta property=\"og:url\" content=\"https:\/\/festivalrem.eu\/de\/infos-pratiques\/restauration\/\" \/>\n<meta property=\"og:site_name\" content=\"FestivalRem\" \/>\n<meta property=\"article:modified_time\" content=\"2022-05-07T16:57:10+00:00\" \/>\n<meta name=\"twitter:card\" content=\"summary_large_image\" \/>\n<meta name=\"twitter:label1\" content=\"Gesch\u00e4tzte Lesezeit\" \/>\n\t<meta name=\"twitter:data1\" content=\"1\u00a0Minute\" \/>\n<script type=\"application\/ld+json\" class=\"yoast-schema-graph\">{\"@context\":\"https:\\\/\\\/schema.org\",\"@graph\":[{\"@type\":\"WebPage\",\"@id\":\"https:\\\/\\\/festivalrem.eu\\\/infos-pratiques\\\/restauration\",\"url\":\"https:\\\/\\\/festivalrem.eu\\\/infos-pratiques\\\/restauration\",\"name\":\"Restauration - FestivalRem\",\"isPartOf\":{\"@id\":\"https:\\\/\\\/festivalrem.eu\\\/#website\"},\"datePublished\":\"2018-11-22T10:40:46+00:00\",\"dateModified\":\"2022-05-07T16:57:10+00:00\",\"description\":\"Le Festival REM a g\u00e9n\u00e9ralement lieu le samedi \u00e0 partir de 17h !Nous vous proposons une restauration \u00e0 prix abordable.\",\"breadcrumb\":{\"@id\":\"https:\\\/\\\/festivalrem.eu\\\/infos-pratiques\\\/restauration#breadcrumb\"},\"inLanguage\":\"de\",\"potentialAction\":[{\"@type\":\"ReadAction\",\"target\":[\"https:\\\/\\\/festivalrem.eu\\\/infos-pratiques\\\/restauration\"]}]},{\"@type\":\"BreadcrumbList\",\"@id\":\"https:\\\/\\\/festivalrem.eu\\\/infos-pratiques\\\/restauration#breadcrumb\",\"itemListElement\":[{\"@type\":\"ListItem\",\"position\":1,\"name\":\"Startseite\",\"item\":\"https:\\\/\\\/festivalrem.eu\\\/\"},{\"@type\":\"ListItem\",\"position\":2,\"name\":\"Infos pratiques\",\"item\":\"https:\\\/\\\/festivalrem.eu\\\/infos-pratiques\"},{\"@type\":\"ListItem\",\"position\":3,\"name\":\"Restauration\"}]},{\"@type\":\"WebSite\",\"@id\":\"https:\\\/\\\/festivalrem.eu\\\/#website\",\"url\":\"https:\\\/\\\/festivalrem.eu\\\/\",\"name\":\"FestivalRem\",\"description\":\"\",\"potentialAction\":[{\"@type\":\"SearchAction\",\"target\":{\"@type\":\"EntryPoint\",\"urlTemplate\":\"https:\\\/\\\/festivalrem.eu\\\/?s={search_term_string}\"},\"query-input\":{\"@type\":\"PropertyValueSpecification\",\"valueRequired\":true,\"valueName\":\"search_term_string\"}}],\"inLanguage\":\"de\"}]}<\/script>\n<!-- \/ Yoast SEO plugin. -->","yoast_head_json":{"title":"Restauration - FestivalRem","description":"Le Festival REM a g\u00e9n\u00e9ralement lieu le samedi \u00e0 partir de 17h !Nous vous proposons une restauration \u00e0 prix abordable.","robots":{"index":"index","follow":"follow","max-snippet":"max-snippet:-1","max-image-preview":"max-image-preview:large","max-video-preview":"max-video-preview:-1"},"canonical":"https:\/\/festivalrem.eu\/de\/infos-pratiques\/restauration\/","og_locale":"de_DE","og_type":"article","og_title":"Restauration - FestivalRem","og_description":"Le Festival REM a g\u00e9n\u00e9ralement lieu le samedi \u00e0 partir de 17h !Nous vous proposons une restauration \u00e0 prix abordable.","og_url":"https:\/\/festivalrem.eu\/de\/infos-pratiques\/restauration\/","og_site_name":"FestivalRem","article_modified_time":"2022-05-07T16:57:10+00:00","twitter_card":"summary_large_image","twitter_misc":{"Gesch\u00e4tzte Lesezeit":"1\u00a0Minute"},"schema":{"@context":"https:\/\/schema.org","@graph":[{"@type":"WebPage","@id":"https:\/\/festivalrem.eu\/infos-pratiques\/restauration","url":"https:\/\/festivalrem.eu\/infos-pratiques\/restauration","name":"Restauration - FestivalRem","isPartOf":{"@id":"https:\/\/festivalrem.eu\/#website"},"datePublished":"2018-11-22T10:40:46+00:00","dateModified":"2022-05-07T16:57:10+00:00","description":"Le Festival REM a g\u00e9n\u00e9ralement lieu le samedi \u00e0 partir de 17h !Nous vous proposons une restauration \u00e0 prix abordable.","breadcrumb":{"@id":"https:\/\/festivalrem.eu\/infos-pratiques\/restauration#breadcrumb"},"inLanguage":"de","potentialAction":[{"@type":"ReadAction","target":["https:\/\/festivalrem.eu\/infos-pratiques\/restauration"]}]},{"@type":"BreadcrumbList","@id":"https:\/\/festivalrem.eu\/infos-pratiques\/restauration#breadcrumb","itemListElement":[{"@type":"ListItem","position":1,"name":"Startseite","item":"https:\/\/festivalrem.eu\/"},{"@type":"ListItem","position":2,"name":"Infos pratiques","item":"https:\/\/festivalrem.eu\/infos-pratiques"},{"@type":"ListItem","position":3,"name":"Restauration"}]},{"@type":"WebSite","@id":"https:\/\/festivalrem.eu\/#website","url":"https:\/\/festivalrem.eu\/","name":"FestivalRem","description":"","potentialAction":[{"@type":"SearchAction","target":{"@type":"EntryPoint","urlTemplate":"https:\/\/festivalrem.eu\/?s={search_term_string}"},"query-input":{"@type":"PropertyValueSpecification","valueRequired":true,"valueName":"search_term_string"}}],"inLanguage":"de"}]}},"_links":{"self":[{"href":"https:\/\/festivalrem.eu\/de\/wp-json\/wp\/v2\/pages\/63","targetHints":{"allow":["GET"]}}],"collection":[{"href":"https:\/\/festivalrem.eu\/de\/wp-json\/wp\/v2\/pages"}],"about":[{"href":"https:\/\/festivalrem.eu\/de\/wp-json\/wp\/v2\/types\/page"}],"author":[{"embeddable":true,"href":"https:\/\/festivalrem.eu\/de\/wp-json\/wp\/v2\/users\/1"}],"replies":[{"embeddable":true,"href":"https:\/\/festivalrem.eu\/de\/wp-json\/wp\/v2\/comments?post=63"}],"version-history":[{"count":7,"href":"https:\/\/festivalrem.eu\/de\/wp-json\/wp\/v2\/pages\/63\/revisions"}],"predecessor-version":[{"id":1347,"href":"https:\/\/festivalrem.eu\/de\/wp-json\/wp\/v2\/pages\/63\/revisions\/1347"}],"up":[{"embeddable":true,"href":"https:\/\/festivalrem.eu\/de\/wp-json\/wp\/v2\/pages\/58"}],"wp:attachment":[{"href":"https:\/\/festivalrem.eu\/de\/wp-json\/wp\/v2\/media?parent=63"}],"curies":[{"name":"wp","href":"https:\/\/api.w.org\/{rel}","templated":true}]}}