{"id":61,"date":"2018-11-22T10:40:23","date_gmt":"2018-11-22T10:40:23","guid":{"rendered":"http:\/\/www.larsborrmann.de\/?page_id=61"},"modified":"2022-05-07T16:55:56","modified_gmt":"2022-05-07T16:55:56","slug":"acces","status":"publish","type":"page","link":"https:\/\/festivalrem.eu\/de\/infos-pratiques\/acces","title":{"rendered":"Anfahrt"},"content":{"rendered":"<div class=\"wpb-content-wrapper\">\n\n\n\n<div class=\"tm-row wpb_row vc_row-fluid tm-zindex-0 vc_row container tm-bgimage-position-center_center\">\n\n\t\t\n\t\t\n\t\t\n\n<div class=\"wpb_column tm-column vc_column_container vc_col-sm-6 tm-zindex-0\">\n\t<div class=\"vc_column-inner\">\n\t\t\t\t<div class=\"wpb_wrapper\">\n\t\t\t<h1 style=\"text-align: left;font-family:Source Sans Pro;font-weight:600;font-style:normal\" class=\"vc_custom_heading\" >Anfahrt<\/h1>\n\t<div class=\"wpb_text_column wpb_content_element\" >\n\t\t<div class=\"wpb_wrapper\">\n\t\t\t<p>Das REM Festival findet auf dem Place du Ch\u00e2teau in R\u00e9melfing (Mosel, Frankreich) statt, wo sich das heutige Rathaus befindet.<\/p>\n<p>Adresse f\u00fcr das Navi: <strong>1 place du ch\u00e2teau 57200 R\u00e9melfing<\/strong><\/p>\n<p><em>Von Sarreguemines:<\/em><\/p>\n<ul>\n<li>Am Kreisverkehr des Intermarch\u00e9-Marktes folgen Sie das Schild \"R\u00e9melfing\".<\/li>\n<li>Die Saar entlangfahren<\/li>\n<\/ul>\n\n\t\t<\/div>\n\t<\/div>\n\t\t<\/div>\n\t<\/div>\n<\/div>\n\n\n\n\n\n<div class=\"wpb_column tm-column vc_column_container vc_col-sm-6 tm-zindex-0\">\n\t<div class=\"vc_column-inner\">\n\t\t\t\t<div class=\"wpb_wrapper\">\n\t\t\t<div class=\"wpb_gmaps_widget wpb_content_element\"><div class=\"wpb_wrapper\"><div class=\"wpb_map_wraper\"><iframe src=\"https:\/\/www.google.com\/maps\/embed?pb=!1m18!1m12!1m3!1d2612.67938756837!2d7.088460115701822!3d49.0927325793112!2m3!1f0!2f0!3f0!3m2!1i1024!2i768!4f13.1!3m3!1m2!1s0x479435b15f9115ab%3A0x8657a285f8d7f80b!2s1+Place+du+Ch%C3%A2teau%2C+57200+R%C3%A9melfing%2C+Frankreich!5e0!3m2!1sde!2sde!4v1542893849033\" width=\"600\" height=\"450\" frameborder=\"0\" style=\"border:0\" allowfullscreen><\/iframe><\/div><\/div><\/div>\t\t<\/div>\n\t<\/div>\n<\/div>\n\n\n\n\t\t\n\t<\/div>\n\n\n\n\n\n\n\n\n<\/div>","protected":false},"excerpt":{"rendered":"Acc\u00e8s Le Festival REM a lieu sur la place du Ch\u00e2teau \u00e0 R\u00e9melfing (Moselle, France) o\u00f9 se trouve l\u2019actuelle mairie. Adresse pour le GPS: 1 place du ch\u00e2teau 57200 R\u00e9melfing &hellip; <a href=\"https:\/\/festivalrem.eu\/de\/infos-pratiques\/acces\" class=\"more-link\">Continue reading <span class=\"screen-reader-text\">Anfahrt<\/span><\/a>","protected":false},"author":1,"featured_media":0,"parent":58,"menu_order":0,"comment_status":"closed","ping_status":"closed","template":"","meta":{"ngg_post_thumbnail":0,"footnotes":""},"class_list":["post-61","page","type-page","status-publish","hentry"],"yoast_head":"<!-- This site is optimized with the Yoast SEO plugin v27.5 - https:\/\/yoast.com\/product\/yoast-seo-wordpress\/ -->\n<title>Acc\u00e8s - FestivalRem<\/title>\n<meta name=\"description\" content=\"Le Festival REM a lieu sur la place du Ch\u00e2teau \u00e0 R\u00e9melfing (Moselle, France) o\u00f9 se trouve l\u2019actuelle mairie.\" \/>\n<meta name=\"robots\" content=\"index, follow, max-snippet:-1, max-image-preview:large, max-video-preview:-1\" \/>\n<link rel=\"canonical\" href=\"https:\/\/festivalrem.eu\/de\/infos-pratiques\/acces\/\" \/>\n<meta property=\"og:locale\" content=\"de_DE\" \/>\n<meta property=\"og:type\" content=\"article\" \/>\n<meta property=\"og:title\" content=\"Acc\u00e8s - FestivalRem\" \/>\n<meta property=\"og:description\" content=\"Le Festival REM a lieu sur la place du Ch\u00e2teau \u00e0 R\u00e9melfing (Moselle, France) o\u00f9 se trouve l\u2019actuelle mairie.\" \/>\n<meta property=\"og:url\" content=\"https:\/\/festivalrem.eu\/de\/infos-pratiques\/acces\/\" \/>\n<meta property=\"og:site_name\" content=\"FestivalRem\" \/>\n<meta property=\"article:modified_time\" content=\"2022-05-07T16:55:56+00:00\" \/>\n<meta name=\"twitter:card\" content=\"summary_large_image\" \/>\n<meta name=\"twitter:label1\" content=\"Gesch\u00e4tzte Lesezeit\" \/>\n\t<meta name=\"twitter:data1\" content=\"1\u00a0Minute\" \/>\n<script type=\"application\/ld+json\" class=\"yoast-schema-graph\">{\"@context\":\"https:\\\/\\\/schema.org\",\"@graph\":[{\"@type\":\"WebPage\",\"@id\":\"https:\\\/\\\/festivalrem.eu\\\/infos-pratiques\\\/acces\",\"url\":\"https:\\\/\\\/festivalrem.eu\\\/infos-pratiques\\\/acces\",\"name\":\"Acc\u00e8s - FestivalRem\",\"isPartOf\":{\"@id\":\"https:\\\/\\\/festivalrem.eu\\\/#website\"},\"datePublished\":\"2018-11-22T10:40:23+00:00\",\"dateModified\":\"2022-05-07T16:55:56+00:00\",\"description\":\"Le Festival REM a lieu sur la place du Ch\u00e2teau \u00e0 R\u00e9melfing (Moselle, France) o\u00f9 se trouve l\u2019actuelle mairie.\",\"breadcrumb\":{\"@id\":\"https:\\\/\\\/festivalrem.eu\\\/infos-pratiques\\\/acces#breadcrumb\"},\"inLanguage\":\"de\",\"potentialAction\":[{\"@type\":\"ReadAction\",\"target\":[\"https:\\\/\\\/festivalrem.eu\\\/infos-pratiques\\\/acces\"]}]},{\"@type\":\"BreadcrumbList\",\"@id\":\"https:\\\/\\\/festivalrem.eu\\\/infos-pratiques\\\/acces#breadcrumb\",\"itemListElement\":[{\"@type\":\"ListItem\",\"position\":1,\"name\":\"Startseite\",\"item\":\"https:\\\/\\\/festivalrem.eu\\\/\"},{\"@type\":\"ListItem\",\"position\":2,\"name\":\"Infos pratiques\",\"item\":\"https:\\\/\\\/festivalrem.eu\\\/infos-pratiques\"},{\"@type\":\"ListItem\",\"position\":3,\"name\":\"Acc\u00e8s\"}]},{\"@type\":\"WebSite\",\"@id\":\"https:\\\/\\\/festivalrem.eu\\\/#website\",\"url\":\"https:\\\/\\\/festivalrem.eu\\\/\",\"name\":\"FestivalRem\",\"description\":\"\",\"potentialAction\":[{\"@type\":\"SearchAction\",\"target\":{\"@type\":\"EntryPoint\",\"urlTemplate\":\"https:\\\/\\\/festivalrem.eu\\\/?s={search_term_string}\"},\"query-input\":{\"@type\":\"PropertyValueSpecification\",\"valueRequired\":true,\"valueName\":\"search_term_string\"}}],\"inLanguage\":\"de\"}]}<\/script>\n<!-- \/ Yoast SEO plugin. -->","yoast_head_json":{"title":"Acc\u00e8s - FestivalRem","description":"Das REM Festival findet auf dem Place du Ch\u00e2teau in R\u00e9melfing (Mosel, Frankreich) statt, wo sich das heutige Rathaus befindet.","robots":{"index":"index","follow":"follow","max-snippet":"max-snippet:-1","max-image-preview":"max-image-preview:large","max-video-preview":"max-video-preview:-1"},"canonical":"https:\/\/festivalrem.eu\/de\/infos-pratiques\/acces\/","og_locale":"de_DE","og_type":"article","og_title":"Acc\u00e8s - FestivalRem","og_description":"Le Festival REM a lieu sur la place du Ch\u00e2teau \u00e0 R\u00e9melfing (Moselle, France) o\u00f9 se trouve l\u2019actuelle mairie.","og_url":"https:\/\/festivalrem.eu\/de\/infos-pratiques\/acces\/","og_site_name":"FestivalRem","article_modified_time":"2022-05-07T16:55:56+00:00","twitter_card":"summary_large_image","twitter_misc":{"Gesch\u00e4tzte Lesezeit":"1\u00a0Minute"},"schema":{"@context":"https:\/\/schema.org","@graph":[{"@type":"WebPage","@id":"https:\/\/festivalrem.eu\/infos-pratiques\/acces","url":"https:\/\/festivalrem.eu\/infos-pratiques\/acces","name":"Acc\u00e8s - FestivalRem","isPartOf":{"@id":"https:\/\/festivalrem.eu\/#website"},"datePublished":"2018-11-22T10:40:23+00:00","dateModified":"2022-05-07T16:55:56+00:00","description":"Das REM Festival findet auf dem Place du Ch\u00e2teau in R\u00e9melfing (Mosel, Frankreich) statt, wo sich das heutige Rathaus befindet.","breadcrumb":{"@id":"https:\/\/festivalrem.eu\/infos-pratiques\/acces#breadcrumb"},"inLanguage":"de","potentialAction":[{"@type":"ReadAction","target":["https:\/\/festivalrem.eu\/infos-pratiques\/acces"]}]},{"@type":"BreadcrumbList","@id":"https:\/\/festivalrem.eu\/infos-pratiques\/acces#breadcrumb","itemListElement":[{"@type":"ListItem","position":1,"name":"Startseite","item":"https:\/\/festivalrem.eu\/"},{"@type":"ListItem","position":2,"name":"Infos pratiques","item":"https:\/\/festivalrem.eu\/infos-pratiques"},{"@type":"ListItem","position":3,"name":"Acc\u00e8s"}]},{"@type":"WebSite","@id":"https:\/\/festivalrem.eu\/#website","url":"https:\/\/festivalrem.eu\/","name":"FestivalRem","description":"","potentialAction":[{"@type":"SearchAction","target":{"@type":"EntryPoint","urlTemplate":"https:\/\/festivalrem.eu\/?s={search_term_string}"},"query-input":{"@type":"PropertyValueSpecification","valueRequired":true,"valueName":"search_term_string"}}],"inLanguage":"de"}]}},"_links":{"self":[{"href":"https:\/\/festivalrem.eu\/de\/wp-json\/wp\/v2\/pages\/61","targetHints":{"allow":["GET"]}}],"collection":[{"href":"https:\/\/festivalrem.eu\/de\/wp-json\/wp\/v2\/pages"}],"about":[{"href":"https:\/\/festivalrem.eu\/de\/wp-json\/wp\/v2\/types\/page"}],"author":[{"embeddable":true,"href":"https:\/\/festivalrem.eu\/de\/wp-json\/wp\/v2\/users\/1"}],"replies":[{"embeddable":true,"href":"https:\/\/festivalrem.eu\/de\/wp-json\/wp\/v2\/comments?post=61"}],"version-history":[{"count":4,"href":"https:\/\/festivalrem.eu\/de\/wp-json\/wp\/v2\/pages\/61\/revisions"}],"predecessor-version":[{"id":1346,"href":"https:\/\/festivalrem.eu\/de\/wp-json\/wp\/v2\/pages\/61\/revisions\/1346"}],"up":[{"embeddable":true,"href":"https:\/\/festivalrem.eu\/de\/wp-json\/wp\/v2\/pages\/58"}],"wp:attachment":[{"href":"https:\/\/festivalrem.eu\/de\/wp-json\/wp\/v2\/media?parent=61"}],"curies":[{"name":"wp","href":"https:\/\/api.w.org\/{rel}","templated":true}]}}