{"id":49,"date":"2018-11-22T10:37:57","date_gmt":"2018-11-22T10:37:57","guid":{"rendered":"http:\/\/www.larsborrmann.de\/?page_id=49"},"modified":"2023-03-23T09:59:48","modified_gmt":"2023-03-23T09:59:48","slug":"faire-un-don","status":"publish","type":"page","link":"https:\/\/festivalrem.eu\/de\/partenaires-donateurs\/faire-un-don","title":{"rendered":"Spenden"},"content":{"rendered":"<div class=\"wpb-content-wrapper\"><div class=\"tm-row wpb_row vc_row-fluid tm-zindex-0 vc_row container tm-bgimage-position-center_center\">\n\n\t\t\n\t\t\n\t\t\n\n<div class=\"wpb_column tm-column vc_column_container vc_col-sm-12 tm-zindex-0\">\n\t<div class=\"vc_column-inner\">\n\t\t\t\t<div class=\"wpb_wrapper\">\n\t\t\t<h2 style=\"text-align: center;font-family:Source Sans Pro;font-weight:600;font-style:normal\" class=\"vc_custom_heading\" >Spenden<\/h2>\t\t<\/div>\n\t<\/div>\n<\/div>\n\n\n\n\t\t\n\t<\/div>\n\n\n\n\n\n\n\n\n\n\n\n<div class=\"tm-row wpb_row vc_row-fluid tm-zindex-0 vc_row container tm-bgimage-position-center_center\">\n\n\t\t\n\t\t\n\t\t\n\n<div class=\"wpb_column tm-column vc_column_container vc_col-sm-12 tm-zindex-0\">\n\t<div class=\"vc_column-inner\">\n\t\t\t\t<div class=\"wpb_wrapper\">\n\t\t\t\n\t<div class=\"wpb_text_column wpb_content_element\" >\n\t\t<div class=\"wpb_wrapper\">\n\t\t\t<p>Das Festival lebt nur von den Spenden seiner Mitglieder. <b>Partner<\/b> und der <b>Ertr\u00e4ge<\/b> der Veranstaltung (Catering und Getr\u00e4nke), obwohl sie einen gro\u00dfen Teil zum Verein Agir Ensemble beitr\u00e4gt!<\/p>\n<p>&nbsp;<\/p>\n<p>M\u00f6chten Sie das Festival als Privatperson unterst\u00fctzen?<span class=\"Apple-converted-space\">&nbsp;<\/span><\/p>\n<p>&nbsp;<\/p>\n<p>Es ist m\u00f6glich am Tag des Festivals an einem Stand (Getr\u00e4nke, Pizzen\/Flammkuchen, W\u00fcrstchen\/Fr\u00fcchte....) zu verkaufen.<\/p>\n<p>&nbsp;<\/p>\n<p>Aber du kannst auch vor dem Festival eine Spende machen - es w\u00fcrde uns sehr helfen!<\/p>\n<p>&nbsp;<\/p>\n<p>De plus, comme il s\u2019agit d\u2019un don pour une association, <strong>il est d\u00e9ductible des imp\u00f4ts \u00e0 hauteur de 66%<\/strong> !<\/p>\n<p>&nbsp;<\/p>\n<p><strong>Un don de 100\u20ac ne vous co\u00fbtera en r\u00e9alit\u00e9 que 34\u20ac. Alors n\u2019h\u00e9sitez plus \u00e0 nous soutenir \u2013 pour le village, pour la musique, pour la culture !<\/strong><\/p>\n<p>Vous pouvez envoyer votre don par ch\u00e8que ou esp\u00e8ces ainsi que vos coordonn\u00e9es \u00e0 :<\/p>\n<p>Interassociation de R\u00e9melfing<br \/>\nMonsieur le Pr\u00e9sident Daniel SCHMIT<br \/>\n28 rue de Nancy 57200 R\u00e9melfing<\/p>\n<p>Anschlie\u00dfend senden wir Ihnen eine Quittung f\u00fcr Ihre Buchhaltung zu.<\/p>\n<p>VIELEN DANK IM VORAUS!<\/p>\n\n\t\t<\/div>\n\t<\/div>\n\t\t<\/div>\n\t<\/div>\n<\/div>\n\n\n\n\t\t\n\t<\/div>\n<\/div>","protected":false},"excerpt":{"rendered":"Faire un don Le festival vit uniquement des dons de ses partenaires et des b\u00e9n\u00e9fices de l\u2019\u00e9v\u00e9nement (restauration et buvette), bien qu\u2019il remet une grande partie \u00e0 l\u2019association Agir Ensemble &hellip; <a href=\"https:\/\/festivalrem.eu\/de\/partenaires-donateurs\/faire-un-don\" class=\"more-link\">Continue reading <span class=\"screen-reader-text\">Spenden<\/span><\/a>","protected":false},"author":1,"featured_media":0,"parent":42,"menu_order":0,"comment_status":"closed","ping_status":"closed","template":"","meta":{"ngg_post_thumbnail":0,"footnotes":""},"class_list":["post-49","page","type-page","status-publish","hentry"],"yoast_head":"<!-- This site is optimized with the Yoast SEO plugin v27.5 - https:\/\/yoast.com\/product\/yoast-seo-wordpress\/ -->\n<title>Faire un don - FestivalRem<\/title>\n<meta name=\"robots\" content=\"index, follow, max-snippet:-1, max-image-preview:large, max-video-preview:-1\" \/>\n<link rel=\"canonical\" href=\"https:\/\/festivalrem.eu\/de\/partenaires-donateurs\/faire-un-don\/\" \/>\n<meta property=\"og:locale\" content=\"de_DE\" \/>\n<meta property=\"og:type\" content=\"article\" \/>\n<meta property=\"og:title\" content=\"Faire un don - FestivalRem\" \/>\n<meta property=\"og:url\" content=\"https:\/\/festivalrem.eu\/de\/partenaires-donateurs\/faire-un-don\/\" \/>\n<meta property=\"og:site_name\" content=\"FestivalRem\" \/>\n<meta property=\"article:modified_time\" content=\"2023-03-23T09:59:48+00:00\" \/>\n<meta name=\"twitter:card\" content=\"summary_large_image\" \/>\n<meta name=\"twitter:label1\" content=\"Gesch\u00e4tzte Lesezeit\" \/>\n\t<meta name=\"twitter:data1\" content=\"1\u00a0Minute\" \/>\n<script type=\"application\/ld+json\" class=\"yoast-schema-graph\">{\"@context\":\"https:\\\/\\\/schema.org\",\"@graph\":[{\"@type\":\"WebPage\",\"@id\":\"https:\\\/\\\/festivalrem.eu\\\/partenaires-donateurs\\\/faire-un-don\",\"url\":\"https:\\\/\\\/festivalrem.eu\\\/partenaires-donateurs\\\/faire-un-don\",\"name\":\"Faire un don - FestivalRem\",\"isPartOf\":{\"@id\":\"https:\\\/\\\/festivalrem.eu\\\/#website\"},\"datePublished\":\"2018-11-22T10:37:57+00:00\",\"dateModified\":\"2023-03-23T09:59:48+00:00\",\"breadcrumb\":{\"@id\":\"https:\\\/\\\/festivalrem.eu\\\/partenaires-donateurs\\\/faire-un-don#breadcrumb\"},\"inLanguage\":\"de\",\"potentialAction\":[{\"@type\":\"ReadAction\",\"target\":[\"https:\\\/\\\/festivalrem.eu\\\/partenaires-donateurs\\\/faire-un-don\"]}]},{\"@type\":\"BreadcrumbList\",\"@id\":\"https:\\\/\\\/festivalrem.eu\\\/partenaires-donateurs\\\/faire-un-don#breadcrumb\",\"itemListElement\":[{\"@type\":\"ListItem\",\"position\":1,\"name\":\"Startseite\",\"item\":\"https:\\\/\\\/festivalrem.eu\\\/\"},{\"@type\":\"ListItem\",\"position\":2,\"name\":\"Partenaires &#038; donateurs\",\"item\":\"https:\\\/\\\/festivalrem.eu\\\/partenaires-donateurs\"},{\"@type\":\"ListItem\",\"position\":3,\"name\":\"Faire un don\"}]},{\"@type\":\"WebSite\",\"@id\":\"https:\\\/\\\/festivalrem.eu\\\/#website\",\"url\":\"https:\\\/\\\/festivalrem.eu\\\/\",\"name\":\"FestivalRem\",\"description\":\"\",\"potentialAction\":[{\"@type\":\"SearchAction\",\"target\":{\"@type\":\"EntryPoint\",\"urlTemplate\":\"https:\\\/\\\/festivalrem.eu\\\/?s={search_term_string}\"},\"query-input\":{\"@type\":\"PropertyValueSpecification\",\"valueRequired\":true,\"valueName\":\"search_term_string\"}}],\"inLanguage\":\"de\"}]}<\/script>\n<!-- \/ Yoast SEO plugin. -->","yoast_head_json":{"title":"Faire un don - FestivalRem","robots":{"index":"index","follow":"follow","max-snippet":"max-snippet:-1","max-image-preview":"max-image-preview:large","max-video-preview":"max-video-preview:-1"},"canonical":"https:\/\/festivalrem.eu\/de\/partenaires-donateurs\/faire-un-don\/","og_locale":"de_DE","og_type":"article","og_title":"Faire un don - FestivalRem","og_url":"https:\/\/festivalrem.eu\/de\/partenaires-donateurs\/faire-un-don\/","og_site_name":"FestivalRem","article_modified_time":"2023-03-23T09:59:48+00:00","twitter_card":"summary_large_image","twitter_misc":{"Gesch\u00e4tzte Lesezeit":"1\u00a0Minute"},"schema":{"@context":"https:\/\/schema.org","@graph":[{"@type":"WebPage","@id":"https:\/\/festivalrem.eu\/partenaires-donateurs\/faire-un-don","url":"https:\/\/festivalrem.eu\/partenaires-donateurs\/faire-un-don","name":"Faire un don - FestivalRem","isPartOf":{"@id":"https:\/\/festivalrem.eu\/#website"},"datePublished":"2018-11-22T10:37:57+00:00","dateModified":"2023-03-23T09:59:48+00:00","breadcrumb":{"@id":"https:\/\/festivalrem.eu\/partenaires-donateurs\/faire-un-don#breadcrumb"},"inLanguage":"de","potentialAction":[{"@type":"ReadAction","target":["https:\/\/festivalrem.eu\/partenaires-donateurs\/faire-un-don"]}]},{"@type":"BreadcrumbList","@id":"https:\/\/festivalrem.eu\/partenaires-donateurs\/faire-un-don#breadcrumb","itemListElement":[{"@type":"ListItem","position":1,"name":"Startseite","item":"https:\/\/festivalrem.eu\/"},{"@type":"ListItem","position":2,"name":"Partenaires &#038; donateurs","item":"https:\/\/festivalrem.eu\/partenaires-donateurs"},{"@type":"ListItem","position":3,"name":"Faire un don"}]},{"@type":"WebSite","@id":"https:\/\/festivalrem.eu\/#website","url":"https:\/\/festivalrem.eu\/","name":"FestivalRem","description":"","potentialAction":[{"@type":"SearchAction","target":{"@type":"EntryPoint","urlTemplate":"https:\/\/festivalrem.eu\/?s={search_term_string}"},"query-input":{"@type":"PropertyValueSpecification","valueRequired":true,"valueName":"search_term_string"}}],"inLanguage":"de"}]}},"_links":{"self":[{"href":"https:\/\/festivalrem.eu\/de\/wp-json\/wp\/v2\/pages\/49","targetHints":{"allow":["GET"]}}],"collection":[{"href":"https:\/\/festivalrem.eu\/de\/wp-json\/wp\/v2\/pages"}],"about":[{"href":"https:\/\/festivalrem.eu\/de\/wp-json\/wp\/v2\/types\/page"}],"author":[{"embeddable":true,"href":"https:\/\/festivalrem.eu\/de\/wp-json\/wp\/v2\/users\/1"}],"replies":[{"embeddable":true,"href":"https:\/\/festivalrem.eu\/de\/wp-json\/wp\/v2\/comments?post=49"}],"version-history":[{"count":12,"href":"https:\/\/festivalrem.eu\/de\/wp-json\/wp\/v2\/pages\/49\/revisions"}],"predecessor-version":[{"id":1509,"href":"https:\/\/festivalrem.eu\/de\/wp-json\/wp\/v2\/pages\/49\/revisions\/1509"}],"up":[{"embeddable":true,"href":"https:\/\/festivalrem.eu\/de\/wp-json\/wp\/v2\/pages\/42"}],"wp:attachment":[{"href":"https:\/\/festivalrem.eu\/de\/wp-json\/wp\/v2\/media?parent=49"}],"curies":[{"name":"wp","href":"https:\/\/api.w.org\/{rel}","templated":true}]}}