{"id":47,"date":"2018-11-22T10:37:08","date_gmt":"2018-11-22T10:37:08","guid":{"rendered":"http:\/\/www.larsborrmann.de\/?page_id=47"},"modified":"2023-03-09T14:07:13","modified_gmt":"2023-03-09T14:07:13","slug":"devenir-partenaire","status":"publish","type":"page","link":"https:\/\/festivalrem.eu\/de\/partenaires-donateurs\/devenir-partenaire","title":{"rendered":"Werden Sie Partner"},"content":{"rendered":"<div class=\"wpb-content-wrapper\"><div class=\"tm-row wpb_row vc_row-fluid tm-zindex-0 vc_row container tm-bgimage-position-center_center\">\n\n\t\t\n\t\t\n\t\t\n\n<div class=\"wpb_column tm-column vc_column_container vc_col-sm-6 tm-zindex-0\">\n\t<div class=\"vc_column-inner  \">\n\t\t\t\t<div class=\"wpb_wrapper\">\n\t\t\t<h2 style=\"text-align: left;font-family:Source Sans Pro;font-weight:600;font-style:normal\" class=\"vc_custom_heading\" >Devenir partenaire<\/h2>\n\t<div class=\"wpb_text_column wpb_content_element \" >\n\t\t<div class=\"wpb_wrapper\">\n\t\t\t<p>Pour la 12\u00e8me \u00e9dition du Festival REM, nous recherchons des partenaires pour nous aider \u00e0 financer l\u2019\u00e9v\u00e9nement.<span class=\"Apple-converted-space\">&nbsp;<\/span><\/p>\n<p>Vous avez tout int\u00e9r\u00eat \u00e0 soutenir un \u00e9v\u00e9nement festif, local et caritatif !<\/p>\n<p>Pour avoir plus d\u2019informations n\u2019h\u00e9sitez pas \u00e0 contacter M. Daniel SCHMIT au&nbsp;0630469611 ou Mme Marl\u00e8ne GREBIL \u00e0 l&rsquo;adresse communication@festivalrem.eu<\/p>\n\n\t\t<\/div>\n\t<\/div>\n\n\t\t<div class=\"tm-vc_btn3-container tm-vc_btn3-inline\"><a class=\"tm-vc_general tm-vc_btn3 tm-vc_btn3-size-md tm-vc_btn3-shape-rounded tm-vc_btn3-style-flat tm-vc_btn3-weight-no tm-vc_btn3-color-skincolor\" href=\"https:\/\/festivalrem.eu\/partenaires-donateurs\/partenaires-2019\" title=\"Partenaires 2022\">Partenaires 2022<\/a><\/div>\t\t<\/div>\n\t<\/div>\n<\/div>\n\n\n\n\n\n<div class=\"wpb_column tm-column vc_column_container vc_col-sm-6 tm-zindex-0\">\n\t<div class=\"vc_column-inner  \">\n\t\t\t\t<div class=\"wpb_wrapper\">\n\t\t\t\n<div class=\"wpcf7 no-js\" id=\"wpcf7-f7-o1\" lang=\"de-DE\" dir=\"ltr\" data-wpcf7-id=\"7\">\n<div class=\"screen-reader-response\"><p role=\"status\" aria-live=\"polite\" aria-atomic=\"true\"><\/p> <ul><\/ul><\/div>\n<form action=\"\/de\/wp-json\/wp\/v2\/pages\/47#wpcf7-f7-o1\" method=\"post\" class=\"wpcf7-form init\" aria-label=\"Kontaktformular\" novalidate=\"novalidate\" data-status=\"init\">\n<fieldset class=\"hidden-fields-container\"><input type=\"hidden\" name=\"_wpcf7\" value=\"7\" \/><input type=\"hidden\" name=\"_wpcf7_version\" value=\"6.1.5\" \/><input type=\"hidden\" name=\"_wpcf7_locale\" value=\"de_DE\" \/><input type=\"hidden\" name=\"_wpcf7_unit_tag\" value=\"wpcf7-f7-o1\" \/><input type=\"hidden\" name=\"_wpcf7_container_post\" value=\"0\" \/><input type=\"hidden\" name=\"_wpcf7_posted_data_hash\" value=\"\" \/>\n<\/fieldset>\n<p><label> Appellation (Pflichtfeld)<br \/>\n<span class=\"wpcf7-form-control-wrap\" data-name=\"your-name\"><input size=\"40\" maxlength=\"400\" class=\"wpcf7-form-control wpcf7-text wpcf7-validates-as-required\" aria-required=\"true\" aria-invalid=\"false\" value=\"\" type=\"text\" name=\"your-name\" \/><\/span> <\/label>\n<\/p>\n<p><label> Adresse \u00e9lectronique (Pflichtfeld)<br \/>\n<span class=\"wpcf7-form-control-wrap\" data-name=\"your-email\"><input size=\"40\" maxlength=\"400\" class=\"wpcf7-form-control wpcf7-email wpcf7-validates-as-required wpcf7-text wpcf7-validates-as-email\" aria-required=\"true\" aria-invalid=\"false\" value=\"\" type=\"email\" name=\"your-email\" \/><\/span> <\/label>\n<\/p>\n<p><label> Th\u00e8me<br \/>\n<span class=\"wpcf7-form-control-wrap\" data-name=\"your-subject\"><input size=\"40\" maxlength=\"400\" class=\"wpcf7-form-control wpcf7-text\" aria-invalid=\"false\" value=\"\" type=\"text\" name=\"your-subject\" \/><\/span> <\/label>\n<\/p>\n<p><label> Votre message<br \/>\n<span class=\"wpcf7-form-control-wrap\" data-name=\"your-message\"><textarea cols=\"40\" rows=\"10\" maxlength=\"2000\" class=\"wpcf7-form-control wpcf7-textarea\" aria-invalid=\"false\" name=\"your-message\"><\/textarea><\/span> <\/label>\n<\/p>\n<p>[recaptcha]\n<\/p>\n<p><input class=\"wpcf7-form-control wpcf7-submit has-spinner\" type=\"submit\" value=\"transmission\" \/>\n<\/p><div class=\"wpcf7-response-output\" aria-hidden=\"true\"><\/div>\n<\/form>\n<\/div>\n\t\t<\/div>\n\t<\/div>\n<\/div>\n\n\n\n\t\t\n\t<\/div>\n\n\n\n\n\n\n\n\n\n\n\n<div class=\"tm-row wpb_row vc_row-fluid tm-zindex-0 vc_row container tm-bgimage-position-center_center\">\n\n\t\t\n\t\t\n\t\t\n\n<div class=\"wpb_column tm-column vc_column_container vc_col-sm-4 tm-zindex-0\">\n\t<div class=\"vc_column-inner  \">\n\t\t\t\t<div class=\"wpb_wrapper\">\n\t\t\t\n\t<div  class=\"wpb_single_image wpb_content_element vc_align_center\">\n\t\t\n\t\t<figure class=\"wpb_wrapper vc_figure\">\n\t\t\t<div class=\"vc_single_image-wrapper   vc_box_border_grey\"><img fetchpriority=\"high\" decoding=\"async\" width=\"300\" height=\"200\" src=\"https:\/\/festivalrem.eu\/wp-content\/uploads\/2018\/11\/cache_33663196-300x200.jpg\" class=\"vc_single_image-img attachment-medium\" alt=\"\" title=\"cache_33663196\" srcset=\"https:\/\/festivalrem.eu\/wp-content\/uploads\/2018\/11\/cache_33663196-300x200.jpg 300w, https:\/\/festivalrem.eu\/wp-content\/uploads\/2018\/11\/cache_33663196-768x512.jpg 768w, https:\/\/festivalrem.eu\/wp-content\/uploads\/2018\/11\/cache_33663196.jpg 800w\" sizes=\"(max-width: 300px) 100vw, 300px\" data-id=\"400\" \/><\/div>\n\t\t<\/figure>\n\t<\/div>\n\t\t<\/div>\n\t<\/div>\n<\/div>\n\n\n\n\n\n<div class=\"wpb_column tm-column vc_column_container vc_col-sm-4 tm-zindex-0\">\n\t<div class=\"vc_column-inner  \">\n\t\t\t\t<div class=\"wpb_wrapper\">\n\t\t\t\n\t<div  class=\"wpb_single_image wpb_content_element vc_align_center\">\n\t\t\n\t\t<figure class=\"wpb_wrapper vc_figure\">\n\t\t\t<div class=\"vc_single_image-wrapper   vc_box_border_grey\"><img decoding=\"async\" width=\"300\" height=\"200\" src=\"https:\/\/festivalrem.eu\/wp-content\/uploads\/2018\/11\/cache_30045495-300x200.jpg\" class=\"vc_single_image-img attachment-medium\" alt=\"\" title=\"cache_30045495\" srcset=\"https:\/\/festivalrem.eu\/wp-content\/uploads\/2018\/11\/cache_30045495-300x200.jpg 300w, https:\/\/festivalrem.eu\/wp-content\/uploads\/2018\/11\/cache_30045495-768x512.jpg 768w, https:\/\/festivalrem.eu\/wp-content\/uploads\/2018\/11\/cache_30045495.jpg 800w\" sizes=\"(max-width: 300px) 100vw, 300px\" data-id=\"118\" \/><\/div>\n\t\t<\/figure>\n\t<\/div>\n\t\t<\/div>\n\t<\/div>\n<\/div>\n\n\n\n\n\n<div class=\"wpb_column tm-column vc_column_container vc_col-sm-4 tm-zindex-0\">\n\t<div class=\"vc_column-inner  \">\n\t\t\t\t<div class=\"wpb_wrapper\">\n\t\t\t\n\t<div  class=\"wpb_single_image wpb_content_element vc_align_center\">\n\t\t\n\t\t<figure class=\"wpb_wrapper vc_figure\">\n\t\t\t<div class=\"vc_single_image-wrapper   vc_box_border_grey\"><img decoding=\"async\" width=\"300\" height=\"200\" src=\"https:\/\/festivalrem.eu\/wp-content\/uploads\/2018\/11\/cache_33663211-300x200.jpg\" class=\"vc_single_image-img attachment-medium\" alt=\"\" title=\"cache_33663211\" srcset=\"https:\/\/festivalrem.eu\/wp-content\/uploads\/2018\/11\/cache_33663211-300x200.jpg 300w, https:\/\/festivalrem.eu\/wp-content\/uploads\/2018\/11\/cache_33663211-768x512.jpg 768w, https:\/\/festivalrem.eu\/wp-content\/uploads\/2018\/11\/cache_33663211.jpg 800w\" sizes=\"(max-width: 300px) 100vw, 300px\" data-id=\"415\" \/><\/div>\n\t\t<\/figure>\n\t<\/div>\n\t\t<\/div>\n\t<\/div>\n<\/div>\n\n\n\n\t\t\n\t<\/div>\n\n\n\n\n\n\n\n\n\n\n\n<div class=\"tm-row wpb_row vc_row-fluid tm-zindex-0 vc_row container tm-bgimage-position-center_center\">\n\n\t\t\n\t\t\n\t\t\n\n<div class=\"wpb_column tm-column vc_column_container vc_col-sm-12 tm-zindex-0\">\n\t<div class=\"vc_column-inner  \">\n\t\t\t\t<div class=\"wpb_wrapper\">\n\t\t\t\t\t<\/div>\n\t<\/div>\n<\/div>\n\n\n\n\t\t\n\t<\/div>\n<\/div>","protected":false},"excerpt":{"rendered":"Devenir partenaire Pour la 12\u00e8me \u00e9dition du Festival REM, nous recherchons des partenaires pour nous aider \u00e0 financer l\u2019\u00e9v\u00e9nement.&nbsp; Vous avez tout int\u00e9r\u00eat \u00e0 soutenir un \u00e9v\u00e9nement festif, local et &hellip; <a href=\"https:\/\/festivalrem.eu\/de\/partenaires-donateurs\/devenir-partenaire\" class=\"more-link\">Continue reading <span class=\"screen-reader-text\">Werden Sie Partner<\/span><\/a>","protected":false},"author":1,"featured_media":0,"parent":42,"menu_order":0,"comment_status":"closed","ping_status":"closed","template":"","meta":{"ngg_post_thumbnail":0,"footnotes":""},"class_list":["post-47","page","type-page","status-publish","hentry"],"yoast_head":"<!-- This site is optimized with the Yoast SEO plugin v27.6 - https:\/\/yoast.com\/product\/yoast-seo-wordpress\/ -->\n<title>Devenir partenaire - FestivalRem<\/title>\n<meta name=\"description\" content=\"Pour la 10\u00e8me \u00e9dition du Festival REM, nous recherchons d\u2019ores-et-d\u00e9j\u00e0 des partenaires pour nous aider \u00e0 financer l\u2019\u00e9v\u00e9nement.\u00a0\" \/>\n<meta name=\"robots\" content=\"index, follow, max-snippet:-1, max-image-preview:large, max-video-preview:-1\" \/>\n<link rel=\"canonical\" href=\"https:\/\/festivalrem.eu\/de\/partenaires-donateurs\/devenir-partenaire\/\" \/>\n<meta property=\"og:locale\" content=\"de_DE\" \/>\n<meta property=\"og:type\" content=\"article\" \/>\n<meta property=\"og:title\" content=\"Devenir partenaire - FestivalRem\" \/>\n<meta property=\"og:description\" content=\"Pour la 10\u00e8me \u00e9dition du Festival REM, nous recherchons d\u2019ores-et-d\u00e9j\u00e0 des partenaires pour nous aider \u00e0 financer l\u2019\u00e9v\u00e9nement.\u00a0\" \/>\n<meta property=\"og:url\" content=\"https:\/\/festivalrem.eu\/de\/partenaires-donateurs\/devenir-partenaire\/\" \/>\n<meta property=\"og:site_name\" content=\"FestivalRem\" \/>\n<meta property=\"article:modified_time\" content=\"2023-03-09T14:07:13+00:00\" \/>\n<meta name=\"twitter:card\" content=\"summary_large_image\" \/>\n<meta name=\"twitter:label1\" content=\"Gesch\u00e4tzte Lesezeit\" \/>\n\t<meta name=\"twitter:data1\" content=\"1\u00a0Minute\" \/>\n<script type=\"application\/ld+json\" class=\"yoast-schema-graph\">{\"@context\":\"https:\\\/\\\/schema.org\",\"@graph\":[{\"@type\":\"WebPage\",\"@id\":\"https:\\\/\\\/festivalrem.eu\\\/partenaires-donateurs\\\/devenir-partenaire\",\"url\":\"https:\\\/\\\/festivalrem.eu\\\/partenaires-donateurs\\\/devenir-partenaire\",\"name\":\"Devenir partenaire - FestivalRem\",\"isPartOf\":{\"@id\":\"https:\\\/\\\/festivalrem.eu\\\/#website\"},\"datePublished\":\"2018-11-22T10:37:08+00:00\",\"dateModified\":\"2023-03-09T14:07:13+00:00\",\"description\":\"Pour la 10\u00e8me \u00e9dition du Festival REM, nous recherchons d\u2019ores-et-d\u00e9j\u00e0 des partenaires pour nous aider \u00e0 financer l\u2019\u00e9v\u00e9nement.\u00a0\",\"breadcrumb\":{\"@id\":\"https:\\\/\\\/festivalrem.eu\\\/partenaires-donateurs\\\/devenir-partenaire#breadcrumb\"},\"inLanguage\":\"de\",\"potentialAction\":[{\"@type\":\"ReadAction\",\"target\":[\"https:\\\/\\\/festivalrem.eu\\\/partenaires-donateurs\\\/devenir-partenaire\"]}]},{\"@type\":\"BreadcrumbList\",\"@id\":\"https:\\\/\\\/festivalrem.eu\\\/partenaires-donateurs\\\/devenir-partenaire#breadcrumb\",\"itemListElement\":[{\"@type\":\"ListItem\",\"position\":1,\"name\":\"Startseite\",\"item\":\"https:\\\/\\\/festivalrem.eu\\\/\"},{\"@type\":\"ListItem\",\"position\":2,\"name\":\"Partenaires &#038; donateurs\",\"item\":\"https:\\\/\\\/festivalrem.eu\\\/partenaires-donateurs\"},{\"@type\":\"ListItem\",\"position\":3,\"name\":\"Devenir partenaire\"}]},{\"@type\":\"WebSite\",\"@id\":\"https:\\\/\\\/festivalrem.eu\\\/#website\",\"url\":\"https:\\\/\\\/festivalrem.eu\\\/\",\"name\":\"FestivalRem\",\"description\":\"\",\"potentialAction\":[{\"@type\":\"SearchAction\",\"target\":{\"@type\":\"EntryPoint\",\"urlTemplate\":\"https:\\\/\\\/festivalrem.eu\\\/?s={search_term_string}\"},\"query-input\":{\"@type\":\"PropertyValueSpecification\",\"valueRequired\":true,\"valueName\":\"search_term_string\"}}],\"inLanguage\":\"de\"}]}<\/script>\n<!-- \/ Yoast SEO plugin. -->","yoast_head_json":{"title":"Devenir partenaire - FestivalRem","description":"F\u00fcr die 10. Ausgabe des REM Festivals sind wir bereits auf der Suche nach Partnern, die uns bei der Finanzierung der Veranstaltung unterst\u00fctzen.\u00a0","robots":{"index":"index","follow":"follow","max-snippet":"max-snippet:-1","max-image-preview":"max-image-preview:large","max-video-preview":"max-video-preview:-1"},"canonical":"https:\/\/festivalrem.eu\/de\/partenaires-donateurs\/devenir-partenaire\/","og_locale":"de_DE","og_type":"article","og_title":"Devenir partenaire - FestivalRem","og_description":"Pour la 10\u00e8me \u00e9dition du Festival REM, nous recherchons d\u2019ores-et-d\u00e9j\u00e0 des partenaires pour nous aider \u00e0 financer l\u2019\u00e9v\u00e9nement.\u00a0","og_url":"https:\/\/festivalrem.eu\/de\/partenaires-donateurs\/devenir-partenaire\/","og_site_name":"FestivalRem","article_modified_time":"2023-03-09T14:07:13+00:00","twitter_card":"summary_large_image","twitter_misc":{"Gesch\u00e4tzte Lesezeit":"1\u00a0Minute"},"schema":{"@context":"https:\/\/schema.org","@graph":[{"@type":"WebPage","@id":"https:\/\/festivalrem.eu\/partenaires-donateurs\/devenir-partenaire","url":"https:\/\/festivalrem.eu\/partenaires-donateurs\/devenir-partenaire","name":"Devenir partenaire - FestivalRem","isPartOf":{"@id":"https:\/\/festivalrem.eu\/#website"},"datePublished":"2018-11-22T10:37:08+00:00","dateModified":"2023-03-09T14:07:13+00:00","description":"F\u00fcr die 10. Ausgabe des REM Festivals sind wir bereits auf der Suche nach Partnern, die uns bei der Finanzierung der Veranstaltung unterst\u00fctzen.\u00a0","breadcrumb":{"@id":"https:\/\/festivalrem.eu\/partenaires-donateurs\/devenir-partenaire#breadcrumb"},"inLanguage":"de","potentialAction":[{"@type":"ReadAction","target":["https:\/\/festivalrem.eu\/partenaires-donateurs\/devenir-partenaire"]}]},{"@type":"BreadcrumbList","@id":"https:\/\/festivalrem.eu\/partenaires-donateurs\/devenir-partenaire#breadcrumb","itemListElement":[{"@type":"ListItem","position":1,"name":"Startseite","item":"https:\/\/festivalrem.eu\/"},{"@type":"ListItem","position":2,"name":"Partenaires &#038; donateurs","item":"https:\/\/festivalrem.eu\/partenaires-donateurs"},{"@type":"ListItem","position":3,"name":"Devenir partenaire"}]},{"@type":"WebSite","@id":"https:\/\/festivalrem.eu\/#website","url":"https:\/\/festivalrem.eu\/","name":"FestivalRem","description":"","potentialAction":[{"@type":"SearchAction","target":{"@type":"EntryPoint","urlTemplate":"https:\/\/festivalrem.eu\/?s={search_term_string}"},"query-input":{"@type":"PropertyValueSpecification","valueRequired":true,"valueName":"search_term_string"}}],"inLanguage":"de"}]}},"_links":{"self":[{"href":"https:\/\/festivalrem.eu\/de\/wp-json\/wp\/v2\/pages\/47","targetHints":{"allow":["GET"]}}],"collection":[{"href":"https:\/\/festivalrem.eu\/de\/wp-json\/wp\/v2\/pages"}],"about":[{"href":"https:\/\/festivalrem.eu\/de\/wp-json\/wp\/v2\/types\/page"}],"author":[{"embeddable":true,"href":"https:\/\/festivalrem.eu\/de\/wp-json\/wp\/v2\/users\/1"}],"replies":[{"embeddable":true,"href":"https:\/\/festivalrem.eu\/de\/wp-json\/wp\/v2\/comments?post=47"}],"version-history":[{"count":10,"href":"https:\/\/festivalrem.eu\/de\/wp-json\/wp\/v2\/pages\/47\/revisions"}],"predecessor-version":[{"id":1502,"href":"https:\/\/festivalrem.eu\/de\/wp-json\/wp\/v2\/pages\/47\/revisions\/1502"}],"up":[{"embeddable":true,"href":"https:\/\/festivalrem.eu\/de\/wp-json\/wp\/v2\/pages\/42"}],"wp:attachment":[{"href":"https:\/\/festivalrem.eu\/de\/wp-json\/wp\/v2\/media?parent=47"}],"curies":[{"name":"wp","href":"https:\/\/api.w.org\/{rel}","templated":true}]}}