{"id":40,"date":"2018-11-22T10:35:42","date_gmt":"2018-11-22T10:35:42","guid":{"rendered":"http:\/\/www.larsborrmann.de\/?page_id=40"},"modified":"2020-01-01T14:07:46","modified_gmt":"2020-01-01T14:07:46","slug":"artistes2018","status":"publish","type":"page","link":"https:\/\/festivalrem.eu\/de\/programmation\/artistes2018","title":{"rendered":"Artisten 2018"},"content":{"rendered":"<div class=\"wpb-content-wrapper\"><div class=\"tm-row wpb_row vc_row-fluid tm-zindex-0 vc_row container tm-bgimage-position-center_center\">\n\n\t\t\n\t\t\n\t\t\n\n<div class=\"wpb_column tm-column vc_column_container vc_col-sm-12 tm-zindex-0\">\n\t<div class=\"vc_column-inner\">\n\t\t\t\t<div class=\"wpb_wrapper\">\n\t\t\t<h1 style=\"text-align: center;font-family:Source Sans Pro;font-weight:600;font-style:normal\" class=\"vc_custom_heading\" >Artisten 2018<\/h1>\t\t<\/div>\n\t<\/div>\n<\/div>\n\n\n\n\t\t\n\t<\/div>\n\n\n\n\n\n\n\n\n\n\n\n<div class=\"tm-row wpb_row vc_row-fluid tm-zindex-0 vc_row container tm-bgimage-position-center_center\">\n\n\t\t\n\t\t\n\t\t\n\n<div class=\"wpb_column tm-column vc_column_container vc_col-sm-12 tm-zindex-0\">\n\t<div class=\"vc_column-inner\">\n\t\t\t\t<div class=\"wpb_wrapper\">\n\t\t\t\n\t<div class=\"wpb_text_column wpb_content_element\" >\n\t\t<div class=\"wpb_wrapper\">\n\t\t\t<div class=\"tmm tmm_artist-2018\"><div class=\"tmm_4_columns tmm_wrap tmm_theme_f\"><span class=\"tmm_two_containers_tablet\"><\/span><div class=\"tmm_container\"><div class=\"tmm_member\" style=\"border-top:#7a0302 solid 5px;\"><div class=\"tmm_photo tmm_pic_artist-2018_0\" style=\"background: url(https:\/\/festivalrem.eu\/wp-content\/uploads\/2018\/11\/Roxanne-1-e1543491345691.png); margin-left: auto; margin-right:auto; background-size:cover !important;\"><\/div><div class=\"tmm_textblock\"><div class=\"tmm_names\"><span class=\"tmm_fname\">Roxanne <\/span> <\/div><div class=\"tmm_desc\" style=\"text-align:justify\"><p>Roxanne spielt die bekannten und weniger bekannten Hits der Band New Wave \/ Punk \/ Reggae \"The Police\". Das Trio besteht aus dem S\u00e4nger Jochen Philippi am Bass, Steven Buch am Schlagzeug und Endi Caspar an der Gitarre. Sie teilen ihre Begeisterung f\u00fcr die weltber\u00fchmten Lieder von Sting, Summers und Copeland mit Leidenschaft und Hingabe. Nahe am Original und doch mit eigenen Akzenten und Spielraum f\u00fcr Improvisationen, l\u00e4sst man sich von der Spielfreude und der Energie der drei Musiker mitrei\u00dfen.<\/p><\/div><div class=\"tmm_scblock\"><\/div><\/div><\/div><div class=\"tmm_member\" style=\"border-top:#7a0302 solid 5px;\"><div class=\"tmm_photo tmm_pic_artist-2018_1\" style=\"background: url(https:\/\/festivalrem.eu\/wp-content\/uploads\/2018\/11\/Vintage-1-e1543491362406.png); margin-left: auto; margin-right:auto; background-size:cover !important;\"><\/div><div class=\"tmm_textblock\"><div class=\"tmm_names\"><span class=\"tmm_fname\">Vintage<\/span> <\/div><div class=\"tmm_desc\" style=\"text-align:justify\">Vintage ist eine Gruppe von Nancy's Freunden, die gerne ihre Musik teilen, indem sie die gro\u00dfen Hits des American Rock'n'Roll von Little Richard, Gene Vincent, Eddie Cochran, Chuck Berry, Elvis Presley, Jerry Lee Lewis und anderen spielen. Mit einem 100%igen Rock'n' Roll-Repertoire aus den 50er und 60er Jahren werden Vintage's erfahrene Musiker und \"Stainless Rocker\" die REM Festival-Szene in Brand setzen!<\/div><div class=\"tmm_scblock\"><\/div><\/div><\/div><span class=\"tmm_two_containers_tablet\"><\/span><div class=\"tmm_member\" style=\"border-top:#7a0302 solid 5px;\"><div class=\"tmm_photo tmm_pic_artist-2018_2\" style=\"background: url(https:\/\/festivalrem.eu\/wp-content\/uploads\/2018\/11\/44990500_10217965689203976_2735676034752970752_n-e1543077474786.jpg); margin-left: auto; margin-right:auto; background-size:cover !important;\"><\/div><div class=\"tmm_textblock\"><div class=\"tmm_names\"><span class=\"tmm_fname\">Johanna<\/span> <span class=\"tmm_lname\">Flauder<\/span><\/div><div class=\"tmm_desc\" style=\"text-align:justify\">Johanna machte ihre erste Szene in der Grundschule, indem sie an einem Projekt mit dem S\u00e4nger Yves Duteil teilnahm, so dass sie die Freuden der B\u00fchne zum ersten Mal erleben konnte. Nach und nach sp\u00fcrte sie das Bed\u00fcrfnis zu singen. Im Alter von 12 Jahren trat sie dem Verein Agir Ensemble bei, der ihr ihre erste Stufe anbot und dann weiterhin in der gesamten Region auftrat. Im Jahr 2009 kam sie zu Blinding Sparks, in dem sie immer noch singt. Das Jahr 2017 beendete sie mit einer Apotheose, indem sie an der Sendung \"Don't forget the lyrics\" auf France 2 teilnahm, die es ihr erm\u00f6glichte, in die Rangliste der gr\u00f6\u00dften Maestros der Show aufzunehmen.<\/div><div class=\"tmm_scblock\"><\/div><\/div><\/div><div class=\"tmm_member\" style=\"border-top:#7a0302 solid 5px;\"><div class=\"tmm_photo tmm_pic_artist-2018_3\" style=\"background: url(https:\/\/festivalrem.eu\/wp-content\/uploads\/2018\/11\/Blues-Dogs-1-e1543491321703.png); margin-left: auto; margin-right:auto; background-size:cover !important;\"><\/div><div class=\"tmm_textblock\"><div class=\"tmm_names\"><span class=\"tmm_fname\">Blue<\/span> <span class=\"tmm_lname\">Dogs<\/span><\/div><div class=\"tmm_desc\" style=\"text-align:justify\">Die seit 2009 bestehende Band \u00fcberzeugt immer wieder durch die authentisch sensible Bluesnote in ihren Songs. Dieser \"Slang\" gelingt durch den Einsatz von drei Gitarren. Reinhard Gombert (Gitarre), Fredi Rider (Stimme), Martin Herrmann (Gitarre), Markus Salzmann (Gitarre), Manuel Matt (Schlagzeug) und Andreas Becker (Bass und Gesang) f\u00fchren das Publikum mit gro\u00dfer Begeisterung immer wieder in seinen Bann. In vielen Clubkonzerten haben die Musiker viel Erfahrung gesammelt, man kann ein ausgezeichnetes Repertoire erwarten: Songs von Stevie Ray Vaughan, Kenny Wayne, BBKing, Gary Moore, ZZ Top und mehr.<\/div><div class=\"tmm_scblock\"><\/div><\/div><\/div><span class=\"tmm_two_containers_tablet\"><\/span><\/div><span class=\"tmm_columns_containers_desktop\"><\/span><div class=\"tmm_container\"><div class=\"tmm_member\" style=\"border-top:#7a0302 solid 5px;\"><div class=\"tmm_photo tmm_pic_artist-2018_4\" style=\"background: url(https:\/\/festivalrem.eu\/wp-content\/uploads\/2018\/11\/Radio-Bistro-1-e1543491337990.png); margin-left: auto; margin-right:auto; background-size:cover !important;\"><\/div><div class=\"tmm_textblock\"><div class=\"tmm_names\"><span class=\"tmm_fname\">Radio <\/span> <span class=\"tmm_lname\">Bistro<\/span><\/div><div class=\"tmm_desc\" style=\"text-align:justify\">Vor einigen Jahren hatte das Radio Bistro mehr als hundert Konzerte. Autoren und Komponisten, im bodenlosen Reservoir der Counter Slips f\u00fcttern die f\u00fcnf Musiker ihr Repertoire. Parodische Texte, unverhohlene Kompositionen von Wahrheit, ber\u00fchrend und verr\u00fcckt, frech, aber nie unanst\u00e4ndig. Yano (Gesang), Polux (Schlagzeug), Manu (Bass), Mono (Gitarre) und Juju (Akkordeon) servieren einen festlichen, ja explosiven Cocktail ohne Einschr\u00e4nkungen.<\/div><div class=\"tmm_scblock\"><\/div><\/div><\/div><div class=\"tmm_member\" style=\"border-top:#7a0302 solid 5px;\"><div class=\"tmm_photo tmm_pic_artist-2018_5\" style=\"background: url(https:\/\/festivalrem.eu\/wp-content\/uploads\/2018\/11\/Krakin-Kellys-1-e1543491330306.png); margin-left: auto; margin-right:auto; background-size:cover !important;\"><\/div><div class=\"tmm_textblock\"><div class=\"tmm_names\"><span class=\"tmm_fname\">Krakin<\/span> <span class=\"tmm_lname\">Kellys<\/span><\/div><div class=\"tmm_job\"> <\/div><div class=\"tmm_desc\" style=\"text-align:justify\">Wenn Krakin'Kellys' sechs Namuriten irischen Rock mit einer Americano-Punk-Sauce neu interpretieren, kann das Ergebnis nur \u00fcberraschend sein! Im Gegensatz zu den Bossen des Genres, den in Boston ans\u00e4ssigen Dropkick Murphys, beginnen die Krakin' Kellys mit Punkrock-Riffs, deren pulsierende Energie sie dann mit Melodien kombinieren, die von der Ile d'Eire inspiriert sind. Ein irritiertes Mikrofon und ein gut ge\u00f6lter Bass treffen auf Dudelsack, Fl\u00f6te und Akkordeon.... An der Kreuzung alter Dubliner Pubs und Larry Clarkes Filmen nimmt Krakin' Kellys einen besonderen Platz in der europ\u00e4ischen Musiklandschaft ein.<\/div><div class=\"tmm_scblock\"><\/div><\/div><\/div><span class=\"tmm_two_containers_tablet\"><\/span><div class=\"tmm_member\" style=\"border-top:#7a0302 solid 5px;\"><div class=\"tmm_photo tmm_pic_artist-2018_6\" style=\"background: url(https:\/\/festivalrem.eu\/wp-content\/uploads\/2018\/11\/58-Shots-1-e1543491312452.png); margin-left: auto; margin-right:auto; background-size:cover !important;\"><\/div><div class=\"tmm_textblock\"><div class=\"tmm_names\"><span class=\"tmm_fname\">58 <\/span> <span class=\"tmm_lname\">Shots<\/span><\/div><div class=\"tmm_desc\" style=\"text-align:justify\">Inspiriert vom Rock'n' Roll der 70er Jahre, sind 58 SHOTS eine explosive Mischung! Die englische Presse definiert sie als \"Frankreichs ersten Fackeltr\u00e4ger des Rock'n'Roll High Voltage\" (Classic Rock Magazine) In nur wenigen Jahren ihres Bestehens hatten 58 Shots die Ehre, nationale und internationale Blues- und Rockstars wie Deborah Bonham, The Quireboys, Bonafide, Fred Chapellier, Christophe Godin, Gotthard oder sogar die Dia-Legende Johnny Winter zu begr\u00fc\u00dfen. Wenn du AC\/DC-Kartoffel, Led Zeppelin-Melodien und Deep Purple Swing magst.... dann gibt es nur eine Sache zu tun: 58 Shots h\u00f6ren (und laut h\u00f6ren!).<\/div><div class=\"tmm_scblock\"><\/div><\/div><\/div><div style=\"clear:both;\"><\/div><\/div><\/div><\/div>\n\n\t\t<\/div>\n\t<\/div>\n\t\t<\/div>\n\t<\/div>\n<\/div>\n\n\n\n\t\t\n\t<\/div>\n<\/div>","protected":false},"excerpt":{"rendered":"","protected":false},"author":1,"featured_media":0,"parent":35,"menu_order":0,"comment_status":"closed","ping_status":"closed","template":"","meta":{"ngg_post_thumbnail":0,"footnotes":""},"class_list":["post-40","page","type-page","status-publish","hentry"],"yoast_head":"<!-- This site is optimized with the Yoast SEO plugin v27.5 - https:\/\/yoast.com\/product\/yoast-seo-wordpress\/ -->\n<title>Artistes 2018 - FestivalRem<\/title>\n<meta name=\"description\" content=\"Artists 2018 FestivalRem\" \/>\n<meta name=\"robots\" content=\"index, follow, max-snippet:-1, max-image-preview:large, max-video-preview:-1\" \/>\n<link rel=\"canonical\" href=\"https:\/\/festivalrem.eu\/de\/programmation\/artistes2018\/\" \/>\n<meta property=\"og:locale\" content=\"de_DE\" \/>\n<meta property=\"og:type\" content=\"article\" \/>\n<meta property=\"og:title\" content=\"Artistes 2018 - FestivalRem\" \/>\n<meta property=\"og:description\" content=\"Artists 2018 FestivalRem\" \/>\n<meta property=\"og:url\" content=\"https:\/\/festivalrem.eu\/de\/programmation\/artistes2018\/\" \/>\n<meta property=\"og:site_name\" content=\"FestivalRem\" \/>\n<meta property=\"article:modified_time\" content=\"2020-01-01T14:07:46+00:00\" \/>\n<meta name=\"twitter:card\" content=\"summary_large_image\" \/>\n<script type=\"application\/ld+json\" class=\"yoast-schema-graph\">{\"@context\":\"https:\\\/\\\/schema.org\",\"@graph\":[{\"@type\":\"WebPage\",\"@id\":\"https:\\\/\\\/festivalrem.eu\\\/programmation\\\/artistes2018\",\"url\":\"https:\\\/\\\/festivalrem.eu\\\/programmation\\\/artistes2018\",\"name\":\"Artistes 2018 - FestivalRem\",\"isPartOf\":{\"@id\":\"https:\\\/\\\/festivalrem.eu\\\/#website\"},\"datePublished\":\"2018-11-22T10:35:42+00:00\",\"dateModified\":\"2020-01-01T14:07:46+00:00\",\"description\":\"Artists 2018 FestivalRem\",\"breadcrumb\":{\"@id\":\"https:\\\/\\\/festivalrem.eu\\\/programmation\\\/artistes2018#breadcrumb\"},\"inLanguage\":\"de\",\"potentialAction\":[{\"@type\":\"ReadAction\",\"target\":[\"https:\\\/\\\/festivalrem.eu\\\/programmation\\\/artistes2018\"]}]},{\"@type\":\"BreadcrumbList\",\"@id\":\"https:\\\/\\\/festivalrem.eu\\\/programmation\\\/artistes2018#breadcrumb\",\"itemListElement\":[{\"@type\":\"ListItem\",\"position\":1,\"name\":\"Startseite\",\"item\":\"https:\\\/\\\/festivalrem.eu\\\/\"},{\"@type\":\"ListItem\",\"position\":2,\"name\":\"Programmation\",\"item\":\"https:\\\/\\\/festivalrem.eu\\\/programmation\"},{\"@type\":\"ListItem\",\"position\":3,\"name\":\"Artistes 2018\"}]},{\"@type\":\"WebSite\",\"@id\":\"https:\\\/\\\/festivalrem.eu\\\/#website\",\"url\":\"https:\\\/\\\/festivalrem.eu\\\/\",\"name\":\"FestivalRem\",\"description\":\"\",\"potentialAction\":[{\"@type\":\"SearchAction\",\"target\":{\"@type\":\"EntryPoint\",\"urlTemplate\":\"https:\\\/\\\/festivalrem.eu\\\/?s={search_term_string}\"},\"query-input\":{\"@type\":\"PropertyValueSpecification\",\"valueRequired\":true,\"valueName\":\"search_term_string\"}}],\"inLanguage\":\"de\"}]}<\/script>\n<!-- \/ Yoast SEO plugin. -->","yoast_head_json":{"title":"Artistes 2018 - FestivalRem","description":"Artists 2018 FestivalRem","robots":{"index":"index","follow":"follow","max-snippet":"max-snippet:-1","max-image-preview":"max-image-preview:large","max-video-preview":"max-video-preview:-1"},"canonical":"https:\/\/festivalrem.eu\/de\/programmation\/artistes2018\/","og_locale":"de_DE","og_type":"article","og_title":"Artistes 2018 - FestivalRem","og_description":"Artists 2018 FestivalRem","og_url":"https:\/\/festivalrem.eu\/de\/programmation\/artistes2018\/","og_site_name":"FestivalRem","article_modified_time":"2020-01-01T14:07:46+00:00","twitter_card":"summary_large_image","schema":{"@context":"https:\/\/schema.org","@graph":[{"@type":"WebPage","@id":"https:\/\/festivalrem.eu\/programmation\/artistes2018","url":"https:\/\/festivalrem.eu\/programmation\/artistes2018","name":"Artistes 2018 - FestivalRem","isPartOf":{"@id":"https:\/\/festivalrem.eu\/#website"},"datePublished":"2018-11-22T10:35:42+00:00","dateModified":"2020-01-01T14:07:46+00:00","description":"Artists 2018 FestivalRem","breadcrumb":{"@id":"https:\/\/festivalrem.eu\/programmation\/artistes2018#breadcrumb"},"inLanguage":"de","potentialAction":[{"@type":"ReadAction","target":["https:\/\/festivalrem.eu\/programmation\/artistes2018"]}]},{"@type":"BreadcrumbList","@id":"https:\/\/festivalrem.eu\/programmation\/artistes2018#breadcrumb","itemListElement":[{"@type":"ListItem","position":1,"name":"Startseite","item":"https:\/\/festivalrem.eu\/"},{"@type":"ListItem","position":2,"name":"Programmation","item":"https:\/\/festivalrem.eu\/programmation"},{"@type":"ListItem","position":3,"name":"Artistes 2018"}]},{"@type":"WebSite","@id":"https:\/\/festivalrem.eu\/#website","url":"https:\/\/festivalrem.eu\/","name":"FestivalRem","description":"","potentialAction":[{"@type":"SearchAction","target":{"@type":"EntryPoint","urlTemplate":"https:\/\/festivalrem.eu\/?s={search_term_string}"},"query-input":{"@type":"PropertyValueSpecification","valueRequired":true,"valueName":"search_term_string"}}],"inLanguage":"de"}]}},"_links":{"self":[{"href":"https:\/\/festivalrem.eu\/de\/wp-json\/wp\/v2\/pages\/40","targetHints":{"allow":["GET"]}}],"collection":[{"href":"https:\/\/festivalrem.eu\/de\/wp-json\/wp\/v2\/pages"}],"about":[{"href":"https:\/\/festivalrem.eu\/de\/wp-json\/wp\/v2\/types\/page"}],"author":[{"embeddable":true,"href":"https:\/\/festivalrem.eu\/de\/wp-json\/wp\/v2\/users\/1"}],"replies":[{"embeddable":true,"href":"https:\/\/festivalrem.eu\/de\/wp-json\/wp\/v2\/comments?post=40"}],"version-history":[{"count":14,"href":"https:\/\/festivalrem.eu\/de\/wp-json\/wp\/v2\/pages\/40\/revisions"}],"predecessor-version":[{"id":872,"href":"https:\/\/festivalrem.eu\/de\/wp-json\/wp\/v2\/pages\/40\/revisions\/872"}],"up":[{"embeddable":true,"href":"https:\/\/festivalrem.eu\/de\/wp-json\/wp\/v2\/pages\/35"}],"wp:attachment":[{"href":"https:\/\/festivalrem.eu\/de\/wp-json\/wp\/v2\/media?parent=40"}],"curies":[{"name":"wp","href":"https:\/\/api.w.org\/{rel}","templated":true}]}}