{"id":38,"date":"2018-11-22T10:35:11","date_gmt":"2018-11-22T10:35:11","guid":{"rendered":"http:\/\/www.larsborrmann.de\/?page_id=38"},"modified":"2020-01-01T14:06:25","modified_gmt":"2020-01-01T14:06:25","slug":"artistes2019","status":"publish","type":"page","link":"https:\/\/festivalrem.eu\/de\/programmation\/artistes2019","title":{"rendered":"Artisten 2019"},"content":{"rendered":"<h2 class=\"wp-block-heading\"><br><\/h2>\n\n\n\n<h2 class=\"has-text-align-center wp-block-heading\"><strong>FREITAG DEN 7.JUNI<\/strong><\/h2>\n\n\n\n<p style=\"font-size:40px\" class=\"has-text-align-center\"><strong>BOHEMIAN DUST<br><\/strong><\/p>\n\n\n\n<div class=\"wp-block-image\"><figure class=\"aligncenter\"><img fetchpriority=\"high\" decoding=\"async\" width=\"592\" height=\"386\" src=\"https:\/\/festivalrem.eu\/wp-content\/uploads\/2019\/02\/bohemian2-2.png\" alt=\"\" class=\"wp-image-1036\" srcset=\"https:\/\/festivalrem.eu\/wp-content\/uploads\/2019\/02\/bohemian2-2.png 592w, https:\/\/festivalrem.eu\/wp-content\/uploads\/2019\/02\/bohemian2-2-300x196.png 300w, https:\/\/festivalrem.eu\/wp-content\/uploads\/2019\/02\/bohemian2-2-24x16.png 24w, https:\/\/festivalrem.eu\/wp-content\/uploads\/2019\/02\/bohemian2-2-36x23.png 36w, https:\/\/festivalrem.eu\/wp-content\/uploads\/2019\/02\/bohemian2-2-48x31.png 48w\" sizes=\"(max-width: 592px) 100vw, 592px\" \/><figcaption class=\"translation-block\">Das Beste der Kultband Queen, reinterpretiert von 4 Musikern und 7 S\u00e4ngern. Mit mehr als 300 Millionen verkauften Alben z\u00e4hlt Queen zu den bekanntesten Bands der Welt. Bohemien Dust l\u00e4sst ihren Geist f\u00fcr einen Abend wieder aufleben. \n\nIn zehn Jahren haben Bohemian Dust schon bei \u00fcber 100 Auftritten in ganz Frankreich mit Ihrer Energie und ihren Neuinterpretationen der bekannten Songs \u00fcberzeugt. Lassen auch Sie sich mitrei\u00dfen!\n\nPop, Rock, Hard Rock, Folk \u2013 Queen wussten es alle Stilrichtungen zu verbinden und Bohemian Dust macht es ihnen gleich.\n\nWann? Am Freitag ab 20:30 Uhr. Eintritt ab 19 Uhr\n\nWo? Place du ch\u00e2teau R\u00e9melfing\n\nWieviel? 10\u20ac im Vorverkauf in Cora Sarreguemines<\/figcaption><\/figure><\/div>\n\n\n\n<p><\/p>\n\n\n\n<h2 class=\"has-text-align-center wp-block-heading\">SAMSTAG DEN 8. JUNI<\/h2>\n\n\n\n<p style=\"font-size:40px\" class=\"has-text-align-center\"><strong>FANFARE ST-PIERRE<\/strong><\/p>\n\n\n\n<div class=\"wp-block-image\"><figure class=\"aligncenter is-resized\"><img decoding=\"async\" src=\"https:\/\/festivalrem.eu\/wp-content\/uploads\/2018\/11\/cache_33663271.jpg\" alt=\"\" class=\"wp-image-471\" width=\"450\" height=\"237\" srcset=\"https:\/\/festivalrem.eu\/wp-content\/uploads\/2018\/11\/cache_33663271.jpg 800w, https:\/\/festivalrem.eu\/wp-content\/uploads\/2018\/11\/cache_33663271-300x159.jpg 300w, https:\/\/festivalrem.eu\/wp-content\/uploads\/2018\/11\/cache_33663271-768x406.jpg 768w\" sizes=\"(max-width: 450px) 100vw, 450px\" \/><figcaption>Die 10. Ausgabe des Festivals REM f\u00fchrt die Tradition fort\u00a0: Die Fanfare St-Pierre von R\u00e9melfing unter der Leitung von Dany Schwartz er\u00f6ffnet das Festival am Samstag um 17 Uhr 30, gefolgt von der Begr\u00fc\u00dfung durch die Lokalpolitik.<br><br> <strong>Wann? Samstag ab 17:30 Uhr<br>Wo? Ausserb\u00fchne, place du ch\u00e2teau in R\u00e9melfing<br>Wieviel? Kostenlos!<\/strong> <br> <\/figcaption><\/figure><\/div>\n\n\n\n<h2 class=\"has-text-align-center wp-block-heading\">SERGE, ELEGANCE ACOUSTIQUE<\/h2>\n\n\n\n<div class=\"wp-block-image\"><figure class=\"aligncenter is-resized\"><img decoding=\"async\" src=\"https:\/\/festivalrem.eu\/wp-content\/uploads\/2019\/02\/SERGE2.png\" alt=\"\" class=\"wp-image-1016\" width=\"515\" height=\"421\" srcset=\"https:\/\/festivalrem.eu\/wp-content\/uploads\/2019\/02\/SERGE2.png 462w, https:\/\/festivalrem.eu\/wp-content\/uploads\/2019\/02\/SERGE2-300x245.png 300w, https:\/\/festivalrem.eu\/wp-content\/uploads\/2019\/02\/SERGE2-24x20.png 24w, https:\/\/festivalrem.eu\/wp-content\/uploads\/2019\/02\/SERGE2-36x29.png 36w, https:\/\/festivalrem.eu\/wp-content\/uploads\/2019\/02\/SERGE2-48x39.png 48w\" sizes=\"(max-width: 515px) 100vw, 515px\" \/><figcaption>Er verk\u00f6rpert perfekt die entspannte Eleganz Gainsbourgs<br> und Sie schl\u00fcpft mit erstaunlicher Leichtigkeit in die Rollen seiner verschiedenen Duettpartnerinnen \u2013 ein perfektes Duo!\n\nDie minimalistische Inszenierung stellt die Musik in den Vordergrund.\n\nSerge Gainsbourg: die einen lieben ihn, die anderen hassen ihn \u2013 aber er l\u00e4sst niemanden unber\u00fchrt!<br> <br> Die minimalistische Inszenierung stellt die Musik in den Vordergrund.<br>Serge Gainsbourg: die einen lieben ihn, die anderen hassen ihn \u2013 aber er l\u00e4sst niemanden unber\u00fchrt! <br> <br><strong>Wann? Am Samstag ab 18 Uhr<br>Wo? Place du ch\u00e2teau R\u00e9melfing<br>Wieviel? Kostenlos!<\/strong><br><br>Site web : http:\/\/www.artechris.com\/ArteChris\/ART2.html<\/figcaption><\/figure><\/div>\n\n\n\n<h2 class=\"has-text-align-center wp-block-heading\">T-PURPLE<\/h2>\n\n\n\n<div class=\"wp-block-image\"><figure class=\"aligncenter is-resized\"><img loading=\"lazy\" decoding=\"async\" src=\"https:\/\/festivalrem.eu\/wp-content\/uploads\/2019\/02\/T-PURPLE.png\" alt=\"\" class=\"wp-image-1018\" width=\"524\" height=\"513\" srcset=\"https:\/\/festivalrem.eu\/wp-content\/uploads\/2019\/02\/T-PURPLE.png 372w, https:\/\/festivalrem.eu\/wp-content\/uploads\/2019\/02\/T-PURPLE-300x294.png 300w, https:\/\/festivalrem.eu\/wp-content\/uploads\/2019\/02\/T-PURPLE-24x24.png 24w, https:\/\/festivalrem.eu\/wp-content\/uploads\/2019\/02\/T-PURPLE-36x36.png 36w, https:\/\/festivalrem.eu\/wp-content\/uploads\/2019\/02\/T-PURPLE-48x48.png 48w\" sizes=\"(max-width: 524px) 100vw, 524px\" \/><figcaption>Eine unverf\u00e4lschte Reise ducht das Beste der Seventies!<br> <br> Berc\u00e9s par le blues et l&rsquo;improvisation, T Purple vous fera replonger dans une \u00e9poque o\u00f9 la guitare et l&rsquo;orgue Hammond dominaient les platines et le scratch.<br> <br> <strong>Wann? Am Samstag ab 19:40 Uhr<br>Wo? Place du ch\u00e2teau R\u00e9melfing<br>Wieviel? Kostenlos!<\/strong><br><br>Page Facebook : https:\/\/www.facebook.com\/TPurpleFrance\/<\/figcaption><\/figure><\/div>\n\n\n\n<h2 class=\"has-text-align-center wp-block-heading\">ACOUSTIC COLOUR<\/h2>\n\n\n\n<div class=\"wp-block-image\"><figure class=\"aligncenter is-resized\"><img loading=\"lazy\" decoding=\"async\" src=\"https:\/\/festivalrem.eu\/wp-content\/uploads\/2019\/02\/ACOUSTICOLOUR.png\" alt=\"\" class=\"wp-image-1019\" width=\"514\" height=\"320\" srcset=\"https:\/\/festivalrem.eu\/wp-content\/uploads\/2019\/02\/ACOUSTICOLOUR-300x188.png 300w, https:\/\/festivalrem.eu\/wp-content\/uploads\/2019\/02\/ACOUSTICOLOUR-24x15.png 24w, https:\/\/festivalrem.eu\/wp-content\/uploads\/2019\/02\/ACOUSTICOLOUR-36x23.png 36w, https:\/\/festivalrem.eu\/wp-content\/uploads\/2019\/02\/ACOUSTICOLOUR-48x30.png 48w\" sizes=\"(max-width: 514px) 100vw, 514px\" \/><figcaption>Seit f\u00fcnf Jahre gibt das deutsche Quintett jedem seiner Covers aus Soul, Pop und Jazz seine pers\u00f6nliche Note. Blues-Einfl\u00fcsse und Saxofon Impros machen jeden Auftritt von Acoustic Colour Einzigartig. <strong>Jazz, du Soul et de la Pop.<\/strong><br> <br> Innovant, ils laissent place <strong>\u00e0 l\u2019improvisation <\/strong>pour vous offrir un show <strong>unique<\/strong> ! <br><br> <strong>Wann? Samstag ab 20:50 Uhr<br>Wo? Place du ch\u00e2teau R\u00e9melfing<br>Wieviel? Kostenlos!<\/strong><br><br>Site web : http:\/\/www.acousticcolour.de<\/figcaption><\/figure><\/div>\n\n\n\n<h2 class=\"has-text-align-center wp-block-heading\">SPIT RECKLESS<\/h2>\n\n\n\n<div class=\"wp-block-image\"><figure class=\"aligncenter is-resized\"><img loading=\"lazy\" decoding=\"async\" src=\"https:\/\/festivalrem.eu\/wp-content\/uploads\/2019\/02\/SPITRECKLESS.png\" alt=\"\" class=\"wp-image-1020\" width=\"535\" height=\"359\" srcset=\"https:\/\/festivalrem.eu\/wp-content\/uploads\/2019\/02\/SPITRECKLESS.png 728w, https:\/\/festivalrem.eu\/wp-content\/uploads\/2019\/02\/SPITRECKLESS-300x202.png 300w, https:\/\/festivalrem.eu\/wp-content\/uploads\/2019\/02\/SPITRECKLESS-24x16.png 24w, https:\/\/festivalrem.eu\/wp-content\/uploads\/2019\/02\/SPITRECKLESS-36x24.png 36w, https:\/\/festivalrem.eu\/wp-content\/uploads\/2019\/02\/SPITRECKLESS-48x32.png 48w\" sizes=\"(max-width: 535px) 100vw, 535px\" \/><figcaption>Die Schweizer Band \u201eSpit Reckless\u201c aus Genf wurde 2015 gegr\u00fcndet. Auf ihrem Deb\u00fctalbum \u00ab\u00a0Heat Maker\u00a0\u00bb zeigen sie ihr ganzes K\u00f6nnen von Blues \u00fcber Hard Rock und Pop bis hin zu Punk. <strong>\u00e9nergiques<\/strong> und der <strong>refrains accrocheurs<\/strong>. <br> <br> Die energiegelandenen Songs und mitreissenden Refrains werden durch die rauhe und doch sensible Stimme des Lead-S\u00e4ngers und den starken und melodischen Gitarren perfekt in Szene gesetzt. <strong>voix sensible et \u00e9corch\u00e9e<\/strong> accompagn\u00e9e de guitares puissantes et m\u00e9lodiques. <br> <br> Die Newcomer bilden den perfekten Abschluss des Festivalabends. <strong>blues, hard, pop et punk !<\/strong><br><br> <strong>Wann? Samstag ab 22 Uhr<br>Wo? Place du ch\u00e2teau R\u00e9melfing<br>Wieviel? Kostenlos!<\/strong> <br><br>Site web : <a href=\"https:\/\/www.spit-reckless.com\">https:\/\/www.spit-reckless.com<\/a><\/figcaption><\/figure><\/div>\n\n\n\n<p><br><\/p>","protected":false},"excerpt":{"rendered":"<p>VENDREDI 7 JUIN BOHEMIAN DUST SAMEDI 8 JUIN FANFARE ST-PIERRE SERGE, ELEGANCE ACOUSTIQUE T-PURPLE ACOUSTIC COLOUR SPIT RECKLESS<\/p>","protected":false},"author":1,"featured_media":0,"parent":35,"menu_order":0,"comment_status":"closed","ping_status":"closed","template":"","meta":{"ngg_post_thumbnail":0,"footnotes":""},"class_list":["post-38","page","type-page","status-publish","hentry"],"yoast_head":"<!-- This site is optimized with the Yoast SEO plugin v27.5 - https:\/\/yoast.com\/product\/yoast-seo-wordpress\/ -->\n<title>Artistes 2019 - FestivalRem<\/title>\n<meta name=\"robots\" content=\"index, follow, max-snippet:-1, max-image-preview:large, max-video-preview:-1\" \/>\n<link rel=\"canonical\" href=\"https:\/\/festivalrem.eu\/de\/programmation\/artistes2019\/\" \/>\n<meta property=\"og:locale\" content=\"de_DE\" \/>\n<meta property=\"og:type\" content=\"article\" \/>\n<meta property=\"og:title\" content=\"Artistes 2019 - FestivalRem\" \/>\n<meta property=\"og:description\" content=\"VENDREDI 7 JUIN BOHEMIAN DUST SAMEDI 8 JUIN FANFARE ST-PIERRE SERGE, ELEGANCE ACOUSTIQUE T-PURPLE ACOUSTIC COLOUR SPIT RECKLESS\" \/>\n<meta property=\"og:url\" content=\"https:\/\/festivalrem.eu\/de\/programmation\/artistes2019\/\" \/>\n<meta property=\"og:site_name\" content=\"FestivalRem\" \/>\n<meta property=\"article:modified_time\" content=\"2020-01-01T14:06:25+00:00\" \/>\n<meta property=\"og:image\" content=\"https:\/\/festivalrem.eu\/wp-content\/uploads\/2019\/02\/bohemian2-2.png\" \/>\n<meta name=\"twitter:card\" content=\"summary_large_image\" \/>\n<meta name=\"twitter:label1\" content=\"Gesch\u00e4tzte Lesezeit\" \/>\n\t<meta name=\"twitter:data1\" content=\"2\u00a0Minuten\" \/>\n<script type=\"application\/ld+json\" class=\"yoast-schema-graph\">{\"@context\":\"https:\\\/\\\/schema.org\",\"@graph\":[{\"@type\":\"WebPage\",\"@id\":\"https:\\\/\\\/festivalrem.eu\\\/programmation\\\/artistes2019\",\"url\":\"https:\\\/\\\/festivalrem.eu\\\/programmation\\\/artistes2019\",\"name\":\"Artistes 2019 - FestivalRem\",\"isPartOf\":{\"@id\":\"https:\\\/\\\/festivalrem.eu\\\/#website\"},\"primaryImageOfPage\":{\"@id\":\"https:\\\/\\\/festivalrem.eu\\\/programmation\\\/artistes2019#primaryimage\"},\"image\":{\"@id\":\"https:\\\/\\\/festivalrem.eu\\\/programmation\\\/artistes2019#primaryimage\"},\"thumbnailUrl\":\"https:\\\/\\\/festivalrem.eu\\\/wp-content\\\/uploads\\\/2019\\\/02\\\/bohemian2-2.png\",\"datePublished\":\"2018-11-22T10:35:11+00:00\",\"dateModified\":\"2020-01-01T14:06:25+00:00\",\"breadcrumb\":{\"@id\":\"https:\\\/\\\/festivalrem.eu\\\/programmation\\\/artistes2019#breadcrumb\"},\"inLanguage\":\"de\",\"potentialAction\":[{\"@type\":\"ReadAction\",\"target\":[\"https:\\\/\\\/festivalrem.eu\\\/programmation\\\/artistes2019\"]}]},{\"@type\":\"ImageObject\",\"inLanguage\":\"de\",\"@id\":\"https:\\\/\\\/festivalrem.eu\\\/programmation\\\/artistes2019#primaryimage\",\"url\":\"https:\\\/\\\/festivalrem.eu\\\/wp-content\\\/uploads\\\/2019\\\/02\\\/bohemian2-2.png\",\"contentUrl\":\"https:\\\/\\\/festivalrem.eu\\\/wp-content\\\/uploads\\\/2019\\\/02\\\/bohemian2-2.png\"},{\"@type\":\"BreadcrumbList\",\"@id\":\"https:\\\/\\\/festivalrem.eu\\\/programmation\\\/artistes2019#breadcrumb\",\"itemListElement\":[{\"@type\":\"ListItem\",\"position\":1,\"name\":\"Startseite\",\"item\":\"https:\\\/\\\/festivalrem.eu\\\/\"},{\"@type\":\"ListItem\",\"position\":2,\"name\":\"Programmation\",\"item\":\"https:\\\/\\\/festivalrem.eu\\\/programmation\"},{\"@type\":\"ListItem\",\"position\":3,\"name\":\"Artistes 2019\"}]},{\"@type\":\"WebSite\",\"@id\":\"https:\\\/\\\/festivalrem.eu\\\/#website\",\"url\":\"https:\\\/\\\/festivalrem.eu\\\/\",\"name\":\"FestivalRem\",\"description\":\"\",\"potentialAction\":[{\"@type\":\"SearchAction\",\"target\":{\"@type\":\"EntryPoint\",\"urlTemplate\":\"https:\\\/\\\/festivalrem.eu\\\/?s={search_term_string}\"},\"query-input\":{\"@type\":\"PropertyValueSpecification\",\"valueRequired\":true,\"valueName\":\"search_term_string\"}}],\"inLanguage\":\"de\"}]}<\/script>\n<!-- \/ Yoast SEO plugin. -->","yoast_head_json":{"title":"Artistes 2019 - FestivalRem","robots":{"index":"index","follow":"follow","max-snippet":"max-snippet:-1","max-image-preview":"max-image-preview:large","max-video-preview":"max-video-preview:-1"},"canonical":"https:\/\/festivalrem.eu\/de\/programmation\/artistes2019\/","og_locale":"de_DE","og_type":"article","og_title":"Artistes 2019 - FestivalRem","og_description":"VENDREDI 7 JUIN BOHEMIAN DUST SAMEDI 8 JUIN FANFARE ST-PIERRE SERGE, ELEGANCE ACOUSTIQUE T-PURPLE ACOUSTIC COLOUR SPIT RECKLESS","og_url":"https:\/\/festivalrem.eu\/de\/programmation\/artistes2019\/","og_site_name":"FestivalRem","article_modified_time":"2020-01-01T14:06:25+00:00","og_image":[{"url":"https:\/\/festivalrem.eu\/wp-content\/uploads\/2019\/02\/bohemian2-2.png","type":"","width":"","height":""}],"twitter_card":"summary_large_image","twitter_misc":{"Gesch\u00e4tzte Lesezeit":"2\u00a0Minuten"},"schema":{"@context":"https:\/\/schema.org","@graph":[{"@type":"WebPage","@id":"https:\/\/festivalrem.eu\/programmation\/artistes2019","url":"https:\/\/festivalrem.eu\/programmation\/artistes2019","name":"Artistes 2019 - FestivalRem","isPartOf":{"@id":"https:\/\/festivalrem.eu\/#website"},"primaryImageOfPage":{"@id":"https:\/\/festivalrem.eu\/programmation\/artistes2019#primaryimage"},"image":{"@id":"https:\/\/festivalrem.eu\/programmation\/artistes2019#primaryimage"},"thumbnailUrl":"https:\/\/festivalrem.eu\/wp-content\/uploads\/2019\/02\/bohemian2-2.png","datePublished":"2018-11-22T10:35:11+00:00","dateModified":"2020-01-01T14:06:25+00:00","breadcrumb":{"@id":"https:\/\/festivalrem.eu\/programmation\/artistes2019#breadcrumb"},"inLanguage":"de","potentialAction":[{"@type":"ReadAction","target":["https:\/\/festivalrem.eu\/programmation\/artistes2019"]}]},{"@type":"ImageObject","inLanguage":"de","@id":"https:\/\/festivalrem.eu\/programmation\/artistes2019#primaryimage","url":"https:\/\/festivalrem.eu\/wp-content\/uploads\/2019\/02\/bohemian2-2.png","contentUrl":"https:\/\/festivalrem.eu\/wp-content\/uploads\/2019\/02\/bohemian2-2.png"},{"@type":"BreadcrumbList","@id":"https:\/\/festivalrem.eu\/programmation\/artistes2019#breadcrumb","itemListElement":[{"@type":"ListItem","position":1,"name":"Startseite","item":"https:\/\/festivalrem.eu\/"},{"@type":"ListItem","position":2,"name":"Programmation","item":"https:\/\/festivalrem.eu\/programmation"},{"@type":"ListItem","position":3,"name":"Artistes 2019"}]},{"@type":"WebSite","@id":"https:\/\/festivalrem.eu\/#website","url":"https:\/\/festivalrem.eu\/","name":"FestivalRem","description":"","potentialAction":[{"@type":"SearchAction","target":{"@type":"EntryPoint","urlTemplate":"https:\/\/festivalrem.eu\/?s={search_term_string}"},"query-input":{"@type":"PropertyValueSpecification","valueRequired":true,"valueName":"search_term_string"}}],"inLanguage":"de"}]}},"_links":{"self":[{"href":"https:\/\/festivalrem.eu\/de\/wp-json\/wp\/v2\/pages\/38","targetHints":{"allow":["GET"]}}],"collection":[{"href":"https:\/\/festivalrem.eu\/de\/wp-json\/wp\/v2\/pages"}],"about":[{"href":"https:\/\/festivalrem.eu\/de\/wp-json\/wp\/v2\/types\/page"}],"author":[{"embeddable":true,"href":"https:\/\/festivalrem.eu\/de\/wp-json\/wp\/v2\/users\/1"}],"replies":[{"embeddable":true,"href":"https:\/\/festivalrem.eu\/de\/wp-json\/wp\/v2\/comments?post=38"}],"version-history":[{"count":33,"href":"https:\/\/festivalrem.eu\/de\/wp-json\/wp\/v2\/pages\/38\/revisions"}],"predecessor-version":[{"id":1245,"href":"https:\/\/festivalrem.eu\/de\/wp-json\/wp\/v2\/pages\/38\/revisions\/1245"}],"up":[{"embeddable":true,"href":"https:\/\/festivalrem.eu\/de\/wp-json\/wp\/v2\/pages\/35"}],"wp:attachment":[{"href":"https:\/\/festivalrem.eu\/de\/wp-json\/wp\/v2\/media?parent=38"}],"curies":[{"name":"wp","href":"https:\/\/api.w.org\/{rel}","templated":true}]}}