{"id":33,"date":"2018-11-22T10:33:59","date_gmt":"2018-11-22T10:33:59","guid":{"rendered":"http:\/\/www.larsborrmann.de\/?page_id=33"},"modified":"2018-11-24T16:46:40","modified_gmt":"2018-11-24T16:46:40","slug":"style-musical","status":"publish","type":"page","link":"https:\/\/festivalrem.eu\/de\/le-festival\/style-musical","title":{"rendered":"Musikstyle"},"content":{"rendered":"<div class=\"wpb-content-wrapper\"><div class=\"tm-row wpb_row vc_row-fluid tm-zindex-0 vc_row container tm-bgimage-position-center_center\">\n\n\t\t\n\t\t\n\t\t\n\n<div class=\"wpb_column tm-column vc_column_container vc_col-sm-12 tm-zindex-0\">\n\t<div class=\"vc_column-inner\">\n\t\t\t\t<div class=\"wpb_wrapper\">\n\t\t\t<h1 style=\"text-align: center;font-family:Source Sans Pro;font-weight:600;font-style:normal\" class=\"vc_custom_heading\" >Musikstyle<\/h1>\t\t<\/div>\n\t<\/div>\n<\/div>\n\n\n\n\t\t\n\t<\/div>\n\n\n\n\n\n\n\n\n\n\n\n<div class=\"tm-row wpb_row vc_row-fluid tm-zindex-0 vc_row container tm-bgimage-position-center_center\">\n\n\t\t\n\t\t\n\t\t\n\n<div class=\"wpb_column tm-column vc_column_container vc_col-sm-12 tm-zindex-0\">\n\t<div class=\"vc_column-inner\">\n\t\t\t\t<div class=\"wpb_wrapper\">\n\t\t\t\n\t<div class=\"wpb_text_column wpb_content_element\" >\n\t\t<div class=\"wpb_wrapper\">\n\t\t\t<p>Seit Anfang 2009 begr\u00fc\u00dft das REM Festival f\u00fcnf bis sechs Gruppen pro Jahr pro Ausgabe aus allen musikalischen Universen. Vom Rock'n' Roll \u00fcber keltischen Punk, Blues und Jazz w\u00e4hlt das Programmteam jedes Jahr sorgf\u00e4ltig Qualit\u00e4tsbands aus, die in der Gro\u00dfregion und unseren Nachbarl\u00e4ndern mit Gruppen aus Deutschland, Luxemburg, Belgien und der Schweiz einen wachsenden Ruf genie\u00dfen!<\/p>\n<p>&nbsp;<\/p>\n<p>Das REM Festival pr\u00e4sentiert sich als TRANSFRONTALIER Musikfestival - ein Festival, das internationale K\u00fcnstler zusammenbringt und ein breites Publikum anzieht!<\/p>\n<p>Das REM Festival ist bestrebt, eklektische Musik anzubieten.... f\u00fcr jeden Geschmack.... um sein Publikum zufrieden zu stellen und unseren Ohren Gutes zu tun!<\/p>\n<p>Es lebe die Kultur! Es lebe die Musik!<\/p>\n\n\t\t<\/div>\n\t<\/div>\n\t\t<\/div>\n\t<\/div>\n<\/div>\n\n\n\n\t\t\n\t<\/div>\n<\/div>","protected":false},"excerpt":{"rendered":"Style musical Depuis le d\u00e9but en 2009, le Festival REM accueille chaque ann\u00e9e cinq \u00e0 six groupes par \u00e9dition de tous les univers musicaux. Du rock\u2019n\u2019roll au celtique punk en &hellip; <a href=\"https:\/\/festivalrem.eu\/de\/le-festival\/style-musical\" class=\"more-link\">Continue reading <span class=\"screen-reader-text\">Musikstyle<\/span><\/a>","protected":false},"author":1,"featured_media":0,"parent":26,"menu_order":0,"comment_status":"closed","ping_status":"closed","template":"","meta":{"ngg_post_thumbnail":0,"footnotes":""},"class_list":["post-33","page","type-page","status-publish","hentry"],"yoast_head":"<!-- This site is optimized with the Yoast SEO plugin v27.6 - https:\/\/yoast.com\/product\/yoast-seo-wordpress\/ -->\n<title>Style musical - FestivalRem<\/title>\n<meta name=\"robots\" content=\"index, follow, max-snippet:-1, max-image-preview:large, max-video-preview:-1\" \/>\n<link rel=\"canonical\" href=\"https:\/\/festivalrem.eu\/de\/le-festival\/style-musical\/\" \/>\n<meta property=\"og:locale\" content=\"de_DE\" \/>\n<meta property=\"og:type\" content=\"article\" \/>\n<meta property=\"og:title\" content=\"Style musical - FestivalRem\" \/>\n<meta property=\"og:url\" content=\"https:\/\/festivalrem.eu\/de\/le-festival\/style-musical\/\" \/>\n<meta property=\"og:site_name\" content=\"FestivalRem\" \/>\n<meta property=\"article:modified_time\" content=\"2018-11-24T16:46:40+00:00\" \/>\n<meta name=\"twitter:card\" content=\"summary_large_image\" \/>\n<meta name=\"twitter:label1\" content=\"Gesch\u00e4tzte Lesezeit\" \/>\n\t<meta name=\"twitter:data1\" content=\"1\u00a0Minute\" \/>\n<script type=\"application\/ld+json\" class=\"yoast-schema-graph\">{\"@context\":\"https:\\\/\\\/schema.org\",\"@graph\":[{\"@type\":\"WebPage\",\"@id\":\"https:\\\/\\\/festivalrem.eu\\\/le-festival\\\/style-musical\",\"url\":\"https:\\\/\\\/festivalrem.eu\\\/le-festival\\\/style-musical\",\"name\":\"Style musical - FestivalRem\",\"isPartOf\":{\"@id\":\"https:\\\/\\\/festivalrem.eu\\\/#website\"},\"datePublished\":\"2018-11-22T10:33:59+00:00\",\"dateModified\":\"2018-11-24T16:46:40+00:00\",\"breadcrumb\":{\"@id\":\"https:\\\/\\\/festivalrem.eu\\\/le-festival\\\/style-musical#breadcrumb\"},\"inLanguage\":\"de\",\"potentialAction\":[{\"@type\":\"ReadAction\",\"target\":[\"https:\\\/\\\/festivalrem.eu\\\/le-festival\\\/style-musical\"]}]},{\"@type\":\"BreadcrumbList\",\"@id\":\"https:\\\/\\\/festivalrem.eu\\\/le-festival\\\/style-musical#breadcrumb\",\"itemListElement\":[{\"@type\":\"ListItem\",\"position\":1,\"name\":\"Startseite\",\"item\":\"https:\\\/\\\/festivalrem.eu\\\/\"},{\"@type\":\"ListItem\",\"position\":2,\"name\":\"Le festival\",\"item\":\"https:\\\/\\\/festivalrem.eu\\\/le-festival\"},{\"@type\":\"ListItem\",\"position\":3,\"name\":\"Style musical\"}]},{\"@type\":\"WebSite\",\"@id\":\"https:\\\/\\\/festivalrem.eu\\\/#website\",\"url\":\"https:\\\/\\\/festivalrem.eu\\\/\",\"name\":\"FestivalRem\",\"description\":\"\",\"potentialAction\":[{\"@type\":\"SearchAction\",\"target\":{\"@type\":\"EntryPoint\",\"urlTemplate\":\"https:\\\/\\\/festivalrem.eu\\\/?s={search_term_string}\"},\"query-input\":{\"@type\":\"PropertyValueSpecification\",\"valueRequired\":true,\"valueName\":\"search_term_string\"}}],\"inLanguage\":\"de\"}]}<\/script>\n<!-- \/ Yoast SEO plugin. -->","yoast_head_json":{"title":"Style musical - FestivalRem","robots":{"index":"index","follow":"follow","max-snippet":"max-snippet:-1","max-image-preview":"max-image-preview:large","max-video-preview":"max-video-preview:-1"},"canonical":"https:\/\/festivalrem.eu\/de\/le-festival\/style-musical\/","og_locale":"de_DE","og_type":"article","og_title":"Style musical - FestivalRem","og_url":"https:\/\/festivalrem.eu\/de\/le-festival\/style-musical\/","og_site_name":"FestivalRem","article_modified_time":"2018-11-24T16:46:40+00:00","twitter_card":"summary_large_image","twitter_misc":{"Gesch\u00e4tzte Lesezeit":"1\u00a0Minute"},"schema":{"@context":"https:\/\/schema.org","@graph":[{"@type":"WebPage","@id":"https:\/\/festivalrem.eu\/le-festival\/style-musical","url":"https:\/\/festivalrem.eu\/le-festival\/style-musical","name":"Style musical - FestivalRem","isPartOf":{"@id":"https:\/\/festivalrem.eu\/#website"},"datePublished":"2018-11-22T10:33:59+00:00","dateModified":"2018-11-24T16:46:40+00:00","breadcrumb":{"@id":"https:\/\/festivalrem.eu\/le-festival\/style-musical#breadcrumb"},"inLanguage":"de","potentialAction":[{"@type":"ReadAction","target":["https:\/\/festivalrem.eu\/le-festival\/style-musical"]}]},{"@type":"BreadcrumbList","@id":"https:\/\/festivalrem.eu\/le-festival\/style-musical#breadcrumb","itemListElement":[{"@type":"ListItem","position":1,"name":"Startseite","item":"https:\/\/festivalrem.eu\/"},{"@type":"ListItem","position":2,"name":"Le festival","item":"https:\/\/festivalrem.eu\/le-festival"},{"@type":"ListItem","position":3,"name":"Style musical"}]},{"@type":"WebSite","@id":"https:\/\/festivalrem.eu\/#website","url":"https:\/\/festivalrem.eu\/","name":"FestivalRem","description":"","potentialAction":[{"@type":"SearchAction","target":{"@type":"EntryPoint","urlTemplate":"https:\/\/festivalrem.eu\/?s={search_term_string}"},"query-input":{"@type":"PropertyValueSpecification","valueRequired":true,"valueName":"search_term_string"}}],"inLanguage":"de"}]}},"_links":{"self":[{"href":"https:\/\/festivalrem.eu\/de\/wp-json\/wp\/v2\/pages\/33","targetHints":{"allow":["GET"]}}],"collection":[{"href":"https:\/\/festivalrem.eu\/de\/wp-json\/wp\/v2\/pages"}],"about":[{"href":"https:\/\/festivalrem.eu\/de\/wp-json\/wp\/v2\/types\/page"}],"author":[{"embeddable":true,"href":"https:\/\/festivalrem.eu\/de\/wp-json\/wp\/v2\/users\/1"}],"replies":[{"embeddable":true,"href":"https:\/\/festivalrem.eu\/de\/wp-json\/wp\/v2\/comments?post=33"}],"version-history":[{"count":4,"href":"https:\/\/festivalrem.eu\/de\/wp-json\/wp\/v2\/pages\/33\/revisions"}],"predecessor-version":[{"id":518,"href":"https:\/\/festivalrem.eu\/de\/wp-json\/wp\/v2\/pages\/33\/revisions\/518"}],"up":[{"embeddable":true,"href":"https:\/\/festivalrem.eu\/de\/wp-json\/wp\/v2\/pages\/26"}],"wp:attachment":[{"href":"https:\/\/festivalrem.eu\/de\/wp-json\/wp\/v2\/media?parent=33"}],"curies":[{"name":"wp","href":"https:\/\/api.w.org\/{rel}","templated":true}]}}