{"id":29,"date":"2018-11-22T10:33:08","date_gmt":"2018-11-22T10:33:08","guid":{"rendered":"http:\/\/www.larsborrmann.de\/?page_id=29"},"modified":"2022-05-07T16:52:31","modified_gmt":"2022-05-07T16:52:31","slug":"en-bref","status":"publish","type":"page","link":"https:\/\/festivalrem.eu\/de\/le-festival\/en-bref","title":{"rendered":"\u00dcber uns"},"content":{"rendered":"<div class=\"wpb-content-wrapper\"><div class=\"tm-row wpb_row vc_row-fluid tm-zindex-0 vc_row container tm-bgimage-position-center_center\">\n\n\t\t\n\t\t\n\t\t\n\n<div class=\"wpb_column tm-column vc_column_container vc_col-sm-12 tm-zindex-0\">\n\t<div class=\"vc_column-inner\">\n\t\t\t\t<div class=\"wpb_wrapper\">\n\t\t\t<h1 style=\"text-align: center;font-family:Source Sans Pro;font-weight:600;font-style:normal\" class=\"vc_custom_heading\" >\u00dcber uns<\/h1>\t\t<\/div>\n\t<\/div>\n<\/div>\n\n\n\n\t\t\n\t<\/div>\n\n\n\n\n\n\n\n\n\n\n\n<div class=\"tm-row wpb_row vc_row-fluid tm-zindex-0 vc_row container tm-bgimage-position-center_center\">\n\n\t\t\n\t\t\n\t\t\n\n<div class=\"wpb_column tm-column vc_column_container vc_col-sm-12 tm-zindex-0\">\n\t<div class=\"vc_column-inner\">\n\t\t\t\t<div class=\"wpb_wrapper\">\n\t\t\t\n\t<div class=\"wpb_text_column wpb_content_element\" >\n\t\t<div class=\"wpb_wrapper\">\n\t\t\t<p class=\"Corps translation-block\"><span lang=\"FR\">Das REM Festival - w\u00f6rtlich \"R\u00e9melfing En Musique&nbsp;\". - ist ein Open-Air-Musikfestival mit lokalen und regionalen K\u00fcnstlern und Musikgruppen <b>lokale und regionale&nbsp;<\/b>de <b>rock, pop rock, blues, aber auch jazz oder punk. <\/b><\/span>&gt;<\/p>\n<p class=\"Corps\"><span lang=\"FR\">&nbsp;<\/span><\/p>\n<p class=\"Corps translation-block\"><span lang=\"FR\">Es wurde 2009 auf Initiative des Pr\u00e4sidenten der Interassociation de R\u00e9melfing <\/b>- Herrn Daniel SCHMIT gegr\u00fcndet. Es ist <b>kostenlos&nbsp;<\/b> und versammelt jedes Jahr fast 3000 Menschen auf <b>dem Place du Ch\u00e2teau de R\u00e9melfing,&nbsp;<\/b>Dorf mit 1500 Einwohnern an der Grenze zu Sarreguemines (Mosel). <\/span>mehr<\/p>\n<p class=\"Corps\"><span lang=\"FR\">&nbsp;<\/span><\/p>\n<p class=\"Corps\"><span lang=\"FR\">Aufgrund der N\u00e4he zu Deutschland ist das Festival stolz darauf, dass es sich um eine <b>grenz\u00fcberschreitendes&nbsp;<\/b>puisqu\u2019il permet non seulement de mettre en avant sur sc\u00e8ne des groupes fran\u00e7ais, mais aussi allemands, luxembourgeois, belges, suisses\u2026 Depuis 2018, la commune de <b>Sulzbach\/Saar&nbsp;<\/b>(Deutschland) finanziell als auch logistisch!<\/span><\/p>\n<p class=\"Corps\"><span lang=\"FR\">&nbsp;<\/span><\/p>\n<p class=\"Corps\"><span lang=\"FR\">Zus\u00e4tzlich zu seiner hochwertigen Programmierung, <b>das Festival hat Herz<\/b>..... in der Tat seit seiner Gr\u00fcndung hat es unterst\u00fctzt <b>der Verein Agir Ensemble<\/b>, unter dem Vorsitz von Chanel. Der gr\u00f6\u00dfte Teil des Abendgewinns (Caterina und Getr\u00e4nke) flie\u00dft daher an diesen Verein, der f\u00fcr das Krankenhaus Sarreguemines medizinische Ger\u00e4te f\u00fcr Krankenhauskrebspatienten<\/span><span lang=\"PT\">kauft. <\/span><\/p>\n<p class=\"Corps\"><span lang=\"FR\">&nbsp;<\/span><\/p>\n<p class=\"Corps\"><span lang=\"FR\">Das REM Festival findet jedes Jahr statt. <b>Am Pfingstwochenende <\/b>et a f\u00eat\u00e9 en 2019 <b>sein 10. Geburtstag&nbsp;<\/b>!<\/span><\/p>\n\n\t\t<\/div>\n\t<\/div>\n\t\t<\/div>\n\t<\/div>\n<\/div>\n\n\n\n\t\t\n\t<\/div>\n<\/div>","protected":false},"excerpt":{"rendered":"En bref Le Festival REM \u2013 litt\u00e9ralement \u00ab&nbsp;R\u00e9melfing En Musique&nbsp;\u00bb \u2013 est un festival de musique en plein air mettant en avant des artistes et groupes de musique locaux et &hellip; <a href=\"https:\/\/festivalrem.eu\/de\/le-festival\/en-bref\" class=\"more-link\">Continue reading <span class=\"screen-reader-text\">\u00dcber uns<\/span><\/a>","protected":false},"author":1,"featured_media":0,"parent":26,"menu_order":0,"comment_status":"closed","ping_status":"closed","template":"","meta":{"ngg_post_thumbnail":0,"footnotes":""},"class_list":["post-29","page","type-page","status-publish","hentry"],"yoast_head":"<!-- This site is optimized with the Yoast SEO plugin v27.6 - https:\/\/yoast.com\/product\/yoast-seo-wordpress\/ -->\n<title>En bref - FestivalRem<\/title>\n<meta name=\"robots\" content=\"index, follow, max-snippet:-1, max-image-preview:large, max-video-preview:-1\" \/>\n<link rel=\"canonical\" href=\"https:\/\/festivalrem.eu\/de\/le-festival\/en-bref\/\" \/>\n<meta property=\"og:locale\" content=\"de_DE\" \/>\n<meta property=\"og:type\" content=\"article\" \/>\n<meta property=\"og:title\" content=\"En bref - FestivalRem\" \/>\n<meta property=\"og:url\" content=\"https:\/\/festivalrem.eu\/de\/le-festival\/en-bref\/\" \/>\n<meta property=\"og:site_name\" content=\"FestivalRem\" \/>\n<meta property=\"article:modified_time\" content=\"2022-05-07T16:52:31+00:00\" \/>\n<meta name=\"twitter:card\" content=\"summary_large_image\" \/>\n<meta name=\"twitter:label1\" content=\"Gesch\u00e4tzte Lesezeit\" \/>\n\t<meta name=\"twitter:data1\" content=\"2\u00a0Minuten\" \/>\n<script type=\"application\/ld+json\" class=\"yoast-schema-graph\">{\"@context\":\"https:\\\/\\\/schema.org\",\"@graph\":[{\"@type\":\"WebPage\",\"@id\":\"https:\\\/\\\/festivalrem.eu\\\/le-festival\\\/en-bref\",\"url\":\"https:\\\/\\\/festivalrem.eu\\\/le-festival\\\/en-bref\",\"name\":\"En bref - FestivalRem\",\"isPartOf\":{\"@id\":\"https:\\\/\\\/festivalrem.eu\\\/#website\"},\"datePublished\":\"2018-11-22T10:33:08+00:00\",\"dateModified\":\"2022-05-07T16:52:31+00:00\",\"breadcrumb\":{\"@id\":\"https:\\\/\\\/festivalrem.eu\\\/le-festival\\\/en-bref#breadcrumb\"},\"inLanguage\":\"de\",\"potentialAction\":[{\"@type\":\"ReadAction\",\"target\":[\"https:\\\/\\\/festivalrem.eu\\\/le-festival\\\/en-bref\"]}]},{\"@type\":\"BreadcrumbList\",\"@id\":\"https:\\\/\\\/festivalrem.eu\\\/le-festival\\\/en-bref#breadcrumb\",\"itemListElement\":[{\"@type\":\"ListItem\",\"position\":1,\"name\":\"Startseite\",\"item\":\"https:\\\/\\\/festivalrem.eu\\\/\"},{\"@type\":\"ListItem\",\"position\":2,\"name\":\"Le festival\",\"item\":\"https:\\\/\\\/festivalrem.eu\\\/le-festival\"},{\"@type\":\"ListItem\",\"position\":3,\"name\":\"En bref\"}]},{\"@type\":\"WebSite\",\"@id\":\"https:\\\/\\\/festivalrem.eu\\\/#website\",\"url\":\"https:\\\/\\\/festivalrem.eu\\\/\",\"name\":\"FestivalRem\",\"description\":\"\",\"potentialAction\":[{\"@type\":\"SearchAction\",\"target\":{\"@type\":\"EntryPoint\",\"urlTemplate\":\"https:\\\/\\\/festivalrem.eu\\\/?s={search_term_string}\"},\"query-input\":{\"@type\":\"PropertyValueSpecification\",\"valueRequired\":true,\"valueName\":\"search_term_string\"}}],\"inLanguage\":\"de\"}]}<\/script>\n<!-- \/ Yoast SEO plugin. -->","yoast_head_json":{"title":"En bref - FestivalRem","robots":{"index":"index","follow":"follow","max-snippet":"max-snippet:-1","max-image-preview":"max-image-preview:large","max-video-preview":"max-video-preview:-1"},"canonical":"https:\/\/festivalrem.eu\/de\/le-festival\/en-bref\/","og_locale":"de_DE","og_type":"article","og_title":"En bref - FestivalRem","og_url":"https:\/\/festivalrem.eu\/de\/le-festival\/en-bref\/","og_site_name":"FestivalRem","article_modified_time":"2022-05-07T16:52:31+00:00","twitter_card":"summary_large_image","twitter_misc":{"Gesch\u00e4tzte Lesezeit":"2\u00a0Minuten"},"schema":{"@context":"https:\/\/schema.org","@graph":[{"@type":"WebPage","@id":"https:\/\/festivalrem.eu\/le-festival\/en-bref","url":"https:\/\/festivalrem.eu\/le-festival\/en-bref","name":"En bref - FestivalRem","isPartOf":{"@id":"https:\/\/festivalrem.eu\/#website"},"datePublished":"2018-11-22T10:33:08+00:00","dateModified":"2022-05-07T16:52:31+00:00","breadcrumb":{"@id":"https:\/\/festivalrem.eu\/le-festival\/en-bref#breadcrumb"},"inLanguage":"de","potentialAction":[{"@type":"ReadAction","target":["https:\/\/festivalrem.eu\/le-festival\/en-bref"]}]},{"@type":"BreadcrumbList","@id":"https:\/\/festivalrem.eu\/le-festival\/en-bref#breadcrumb","itemListElement":[{"@type":"ListItem","position":1,"name":"Startseite","item":"https:\/\/festivalrem.eu\/"},{"@type":"ListItem","position":2,"name":"Le festival","item":"https:\/\/festivalrem.eu\/le-festival"},{"@type":"ListItem","position":3,"name":"En bref"}]},{"@type":"WebSite","@id":"https:\/\/festivalrem.eu\/#website","url":"https:\/\/festivalrem.eu\/","name":"FestivalRem","description":"","potentialAction":[{"@type":"SearchAction","target":{"@type":"EntryPoint","urlTemplate":"https:\/\/festivalrem.eu\/?s={search_term_string}"},"query-input":{"@type":"PropertyValueSpecification","valueRequired":true,"valueName":"search_term_string"}}],"inLanguage":"de"}]}},"_links":{"self":[{"href":"https:\/\/festivalrem.eu\/de\/wp-json\/wp\/v2\/pages\/29","targetHints":{"allow":["GET"]}}],"collection":[{"href":"https:\/\/festivalrem.eu\/de\/wp-json\/wp\/v2\/pages"}],"about":[{"href":"https:\/\/festivalrem.eu\/de\/wp-json\/wp\/v2\/types\/page"}],"author":[{"embeddable":true,"href":"https:\/\/festivalrem.eu\/de\/wp-json\/wp\/v2\/users\/1"}],"replies":[{"embeddable":true,"href":"https:\/\/festivalrem.eu\/de\/wp-json\/wp\/v2\/comments?post=29"}],"version-history":[{"count":9,"href":"https:\/\/festivalrem.eu\/de\/wp-json\/wp\/v2\/pages\/29\/revisions"}],"predecessor-version":[{"id":1344,"href":"https:\/\/festivalrem.eu\/de\/wp-json\/wp\/v2\/pages\/29\/revisions\/1344"}],"up":[{"embeddable":true,"href":"https:\/\/festivalrem.eu\/de\/wp-json\/wp\/v2\/pages\/26"}],"wp:attachment":[{"href":"https:\/\/festivalrem.eu\/de\/wp-json\/wp\/v2\/media?parent=29"}],"curies":[{"name":"wp","href":"https:\/\/api.w.org\/{rel}","templated":true}]}}