{"id":1917,"date":"2026-04-19T17:05:35","date_gmt":"2026-04-19T17:05:35","guid":{"rendered":"https:\/\/festivalrem.eu\/?page_id=1917"},"modified":"2026-04-19T19:24:24","modified_gmt":"2026-04-19T19:24:24","slug":"artistes-2026","status":"publish","type":"page","link":"https:\/\/festivalrem.eu\/de\/artistes-2026","title":{"rendered":"Artistes 2026"},"content":{"rendered":"<p class=\"has-text-align-center\"><strong><mark style=\"background-color:rgba(0, 0, 0, 0)\" class=\"has-inline-color has-black-color\">SAMEDI 23 MAI 2026<\/mark><\/strong><\/p>\n\n\n\n<p class=\"has-text-align-center\"><strong>Fanfare St Pierre de R\u00e9melfing<\/strong><\/p>\n\n\n\n<p class=\"has-text-align-center\"><span style=\"font-family: &quot;Open Sans&quot;, Tahoma, Geneva, sans-serif; font-size: 15px; text-align: center; white-space: normal;\">La Fanfare Saint Pierre de R\u00e9melfing, dirig\u00e9e par Daniel Schwartz, est une habitu\u00e9e de la sc\u00e8ne de R\u00e9melfing en Musique. Elle sera de nouveau pr\u00e9sente cette ann\u00e9e pour nous soutenir, et ses musiciens auront le plaisir d\u2019ouvrir les festivit\u00e9s en fanfare.<\/span><\/p>\n\n\n<div class=\"wp-block-image\">\n<figure class=\"aligncenter size-full is-resized\"><img fetchpriority=\"high\" decoding=\"async\" width=\"510\" height=\"270\" src=\"https:\/\/festivalrem.eu\/wp-content\/uploads\/2025\/05\/image.jpeg\" alt=\"\" class=\"wp-image-1898\" style=\"width:510px;height:auto\" srcset=\"https:\/\/festivalrem.eu\/wp-content\/uploads\/2025\/05\/image.jpeg 510w, https:\/\/festivalrem.eu\/wp-content\/uploads\/2025\/05\/image-300x159.jpeg 300w, https:\/\/festivalrem.eu\/wp-content\/uploads\/2025\/05\/image-18x10.jpeg 18w, https:\/\/festivalrem.eu\/wp-content\/uploads\/2025\/05\/image-24x13.jpeg 24w, https:\/\/festivalrem.eu\/wp-content\/uploads\/2025\/05\/image-36x19.jpeg 36w, https:\/\/festivalrem.eu\/wp-content\/uploads\/2025\/05\/image-48x25.jpeg 48w\" sizes=\"(max-width: 510px) 100vw, 510px\" \/><\/figure>\n<\/div>\n\n\n<p class=\"has-text-align-center\"><strong>INTEMPOREL<\/strong><\/p>\n\n\n\n<p class=\"has-text-align-center\">Avec des reprises de chansons \u00e0 succ\u00e8s, les quatre membres de ce groupe de jeunes originaires de Moselle vont vous surprendre ! La chanteuse Giuliana Lo Sardo a particip\u00e9 en 2024 \u00e0 The Voice et a atteint les demi-finales du concours. Le batteur Benjamin Stock 15 ans s&rsquo;est fait rep\u00e9r\u00e9 par Nicola Sirkis du groupe Indochine et a m\u00eame eu l\u2019occasion de monter sur sc\u00e8ne avec eux au Galaxie d\u2019Amn\u00e9ville. Nathan \u00e0 la guitare et Tiago \u00e0 la basse compl\u00e8tent parfaitement ce quatuor.<\/p>\n\n\n\n<p class=\"has-text-align-center\"><a href=\"https:\/\/www.instagram.com\/intemporel_musique?igsh=MXU5MnpxNXV6ZHFnYg%3D%3D&amp;utm_source=qr\">Instagram<\/a> <\/p>\n\n\n\n<p class=\"has-text-align-center\"><a href=\"https:\/\/www.facebook.com\/share\/17YMhmvWh4\/?mibextid=wwXIfr\">Facebook<\/a><\/p>\n\n\n<div class=\"wp-block-image\">\n<figure class=\"aligncenter size-large is-resized\"><img decoding=\"async\" width=\"1024\" height=\"617\" src=\"https:\/\/festivalrem.eu\/wp-content\/uploads\/2026\/04\/image5-1024x617.jpeg\" alt=\"\" class=\"wp-image-1927\" style=\"aspect-ratio:1.6596924628182506;width:515px;height:auto\" srcset=\"https:\/\/festivalrem.eu\/wp-content\/uploads\/2026\/04\/image5-1024x617.jpeg 1024w, https:\/\/festivalrem.eu\/wp-content\/uploads\/2026\/04\/image5-300x181.jpeg 300w, https:\/\/festivalrem.eu\/wp-content\/uploads\/2026\/04\/image5-768x463.jpeg 768w, https:\/\/festivalrem.eu\/wp-content\/uploads\/2026\/04\/image5-18x12.jpeg 18w, https:\/\/festivalrem.eu\/wp-content\/uploads\/2026\/04\/image5-24x14.jpeg 24w, https:\/\/festivalrem.eu\/wp-content\/uploads\/2026\/04\/image5-36x22.jpeg 36w, https:\/\/festivalrem.eu\/wp-content\/uploads\/2026\/04\/image5-48x29.jpeg 48w, https:\/\/festivalrem.eu\/wp-content\/uploads\/2026\/04\/image5.jpeg 1178w\" sizes=\"(max-width: 1024px) 100vw, 1024px\" \/><figcaption class=\"wp-element-caption\"><br><strong>MYAL<\/strong><\/figcaption><\/figure>\n<\/div>\n\n\n<p class=\"has-text-align-center\">Myal embarquera le public en voyage vers un roots reggae style \u00ab\u00a0Jama\u00efcan 70&rsquo;s\u00a0\u00bb aux influences telles que Burning Spear, Gladiators, Bob Marley, variant \u00e9nergiquement du reggae roots au dub, du ska festif au Nyabinghi des plus spirituels et du calypso des iles au rock steady enivrant..<br>La formation, originaire de Moselle, plus pr\u00e9cis\u00e9ment de Carling est compos\u00e9e de 7 musiciens : <\/p>\n\n\n\n<p class=\"has-text-align-center\">Julien KRIER au chant et \u00e0 la guitare<br>J\u00e9r\u00e9mie KRIER \u00e0 la basse<br>Ayi D&rsquo;ALMEIDA au chant et aux percussions<br>David METZNER \u00e0 la batterie<br>L\u00e9o HAMMERER aux claviers<br>Baptiste RAPP au trombone<br>Sylvain ROBINET au saxophone<\/p>\n\n\n\n<p class=\"has-text-align-center\"><a href=\"https:\/\/www.myal-reggae.fr\">Site internet<\/a><\/p>\n\n\n<div class=\"wp-block-image\">\n<figure class=\"aligncenter size-large is-resized\"><img decoding=\"async\" width=\"1024\" height=\"708\" src=\"https:\/\/festivalrem.eu\/wp-content\/uploads\/2026\/04\/Photo-groupe-Myal-1024x708.jpg\" alt=\"\" class=\"wp-image-1918\" style=\"aspect-ratio:1.4463574704121702;width:525px;height:auto\" srcset=\"https:\/\/festivalrem.eu\/wp-content\/uploads\/2026\/04\/Photo-groupe-Myal-1024x708.jpg 1024w, https:\/\/festivalrem.eu\/wp-content\/uploads\/2026\/04\/Photo-groupe-Myal-300x207.jpg 300w, https:\/\/festivalrem.eu\/wp-content\/uploads\/2026\/04\/Photo-groupe-Myal-768x531.jpg 768w, https:\/\/festivalrem.eu\/wp-content\/uploads\/2026\/04\/Photo-groupe-Myal-1536x1062.jpg 1536w, https:\/\/festivalrem.eu\/wp-content\/uploads\/2026\/04\/Photo-groupe-Myal-2048x1416.jpg 2048w, https:\/\/festivalrem.eu\/wp-content\/uploads\/2026\/04\/Photo-groupe-Myal-18x12.jpg 18w, https:\/\/festivalrem.eu\/wp-content\/uploads\/2026\/04\/Photo-groupe-Myal-24x17.jpg 24w, https:\/\/festivalrem.eu\/wp-content\/uploads\/2026\/04\/Photo-groupe-Myal-36x25.jpg 36w, https:\/\/festivalrem.eu\/wp-content\/uploads\/2026\/04\/Photo-groupe-Myal-48x33.jpg 48w\" sizes=\"(max-width: 1024px) 100vw, 1024px\" \/><\/figure>\n<\/div>\n\n\n<p class=\"has-text-align-center\"><strong>TGB<\/strong><\/p>\n\n\n\n<p class=\"has-text-align-center\">Depuis 1999, ce groupe allemand de la r\u00e9gion de Sarrebruck fait des reprises d&rsquo;un genre un peu<br>diff\u00e9rent. Il reprend les hits des dix premi\u00e8res places des derni\u00e8res ann\u00e9es, mais fait aussi de sons plus rock gr\u00e2ce \u00e0 des propres arrangements. <\/p>\n\n\n\n<p class=\"has-text-align-center\">Lisa et Tom sont au chant, Ralf \u00e0 la guitare et Jimmy \u00e0 la batterie<\/p>\n\n\n\n<p class=\"has-text-align-center\"><a href=\"https:\/\/www.facebook.com\/p\/TGB-100063042171974\">Facebook<\/a><\/p>\n\n\n<div class=\"wp-block-image\">\n<figure class=\"aligncenter size-large is-resized\"><img loading=\"lazy\" decoding=\"async\" width=\"916\" height=\"1024\" src=\"https:\/\/festivalrem.eu\/wp-content\/uploads\/2026\/04\/aa192e67-c562-4ddd-8af0-e4e7225460db-916x1024.jpg\" alt=\"\" class=\"wp-image-1923\" style=\"aspect-ratio:0.8945348323766177;width:415px;height:auto\" srcset=\"https:\/\/festivalrem.eu\/wp-content\/uploads\/2026\/04\/aa192e67-c562-4ddd-8af0-e4e7225460db-916x1024.jpg 916w, https:\/\/festivalrem.eu\/wp-content\/uploads\/2026\/04\/aa192e67-c562-4ddd-8af0-e4e7225460db-268x300.jpg 268w, https:\/\/festivalrem.eu\/wp-content\/uploads\/2026\/04\/aa192e67-c562-4ddd-8af0-e4e7225460db-768x859.jpg 768w, https:\/\/festivalrem.eu\/wp-content\/uploads\/2026\/04\/aa192e67-c562-4ddd-8af0-e4e7225460db-1374x1536.jpg 1374w, https:\/\/festivalrem.eu\/wp-content\/uploads\/2026\/04\/aa192e67-c562-4ddd-8af0-e4e7225460db-11x12.jpg 11w, https:\/\/festivalrem.eu\/wp-content\/uploads\/2026\/04\/aa192e67-c562-4ddd-8af0-e4e7225460db-21x24.jpg 21w, https:\/\/festivalrem.eu\/wp-content\/uploads\/2026\/04\/aa192e67-c562-4ddd-8af0-e4e7225460db-32x36.jpg 32w, https:\/\/festivalrem.eu\/wp-content\/uploads\/2026\/04\/aa192e67-c562-4ddd-8af0-e4e7225460db-43x48.jpg 43w, https:\/\/festivalrem.eu\/wp-content\/uploads\/2026\/04\/aa192e67-c562-4ddd-8af0-e4e7225460db.jpg 1832w\" sizes=\"(max-width: 916px) 100vw, 916px\" \/><\/figure>\n<\/div>\n\n\n<p class=\"has-text-align-center\"><strong>THE SOUL HUNTERS<\/strong><\/p>\n\n\n\n<p class=\"has-text-align-center\">The Soul Hunters est un groupe de musiciens exp\u00e9riment\u00e9s qui fait vibrer<br>la sc\u00e8ne avec une musique o\u00f9 se rencontrent la chaleur de la soul,<br>l\u2019\u00e9l\u00e9gance du jazz, la profondeur du blues et l\u2019\u00e9nergie visc\u00e9rale du funk. <br>Leur signature ? Un groove omnipr\u00e9sent.<br>Influenc\u00e9s par Stevie Wonder, Amy Winehouse, Herbie Hancock et<br>l\u2019intensit\u00e9 sc\u00e9nique de James Brown, ils cultivent un son \u00e0 la fois vintage<br>et moderne. <br>Marc HILLEBRANDS- Vocals<br>Pierre DREIDEMY &#8211; Guitars<br>Laurent BARTH &#8211; Keyboards<br>Patrick GRUND &#8211; Bass<br>Arnaud ZIMMER \u2013 Drums<\/p>\n\n\n\n<p class=\"has-text-align-center\"><a href=\"https:\/\/www.facebook.com\/people\/The-Soul-Hunters\/61585058435322\">Facebook<\/a><\/p>\n\n\n<div class=\"wp-block-image\">\n<figure class=\"aligncenter size-large is-resized\"><img loading=\"lazy\" decoding=\"async\" width=\"1024\" height=\"711\" src=\"https:\/\/festivalrem.eu\/wp-content\/uploads\/2026\/04\/IMG_8985-1024x711.jpeg\" alt=\"\" class=\"wp-image-1920\" style=\"aspect-ratio:1.440227496445368;width:589px;height:auto\" srcset=\"https:\/\/festivalrem.eu\/wp-content\/uploads\/2026\/04\/IMG_8985-1024x711.jpeg 1024w, https:\/\/festivalrem.eu\/wp-content\/uploads\/2026\/04\/IMG_8985-300x208.jpeg 300w, https:\/\/festivalrem.eu\/wp-content\/uploads\/2026\/04\/IMG_8985-768x534.jpeg 768w, https:\/\/festivalrem.eu\/wp-content\/uploads\/2026\/04\/IMG_8985-18x12.jpeg 18w, https:\/\/festivalrem.eu\/wp-content\/uploads\/2026\/04\/IMG_8985-24x17.jpeg 24w, https:\/\/festivalrem.eu\/wp-content\/uploads\/2026\/04\/IMG_8985-36x25.jpeg 36w, https:\/\/festivalrem.eu\/wp-content\/uploads\/2026\/04\/IMG_8985-48x33.jpeg 48w, https:\/\/festivalrem.eu\/wp-content\/uploads\/2026\/04\/IMG_8985.jpeg 1068w\" sizes=\"(max-width: 1024px) 100vw, 1024px\" \/><\/figure>\n<\/div>\n\n\n<p class=\"has-text-align-center\"><strong>DJ FRED SONS<\/strong><\/p>\n\n\n\n<p class=\"has-text-align-center\">Originaire de Moselle, DJ Fred Sons est reconnu pour ses sets \u00e9lectro et g\u00e9n\u00e9ralistes \u00e0 forte \u00e9nergie, capables de faire danser tous les publics. De la Moselle jusqu\u2019au Luxembourg, il encha\u00eene les prestations avec une vraie ma\u00eetrise de l\u2019ambiance et du rythme.<\/p>\n\n\n\n<p class=\"has-text-align-center\">Habitu\u00e9 des grands \u00e9v\u00e9nements, il assure notamment l\u2019animation de la Saint-Paul \u00e0 Sarreguemines depuis plus de 10 ans, ainsi que des rendez-vous incontournables comme les feux de la Saint-Jean \u00e0 Sierck-les-Bains. <\/p>\n\n\n\n<p class=\"has-text-align-center\">Avec une s\u00e9lection efficace m\u00ealant \u00e9lectro, hits incontournables et sons festifs, il propose un set dynamique et f\u00e9d\u00e9rateur.<\/p>\n\n\n<div class=\"wp-block-image\">\n<figure class=\"aligncenter size-large is-resized\"><img loading=\"lazy\" decoding=\"async\" width=\"671\" height=\"1024\" src=\"https:\/\/festivalrem.eu\/wp-content\/uploads\/2026\/04\/IMG_0984-671x1024.jpg\" alt=\"\" class=\"wp-image-1921\" style=\"aspect-ratio:0.655466786132059;width:377px;height:auto\" srcset=\"https:\/\/festivalrem.eu\/wp-content\/uploads\/2026\/04\/IMG_0984-671x1024.jpg 671w, https:\/\/festivalrem.eu\/wp-content\/uploads\/2026\/04\/IMG_0984-197x300.jpg 197w, https:\/\/festivalrem.eu\/wp-content\/uploads\/2026\/04\/IMG_0984-768x1172.jpg 768w, https:\/\/festivalrem.eu\/wp-content\/uploads\/2026\/04\/IMG_0984-1007x1536.jpg 1007w, https:\/\/festivalrem.eu\/wp-content\/uploads\/2026\/04\/IMG_0984-8x12.jpg 8w, https:\/\/festivalrem.eu\/wp-content\/uploads\/2026\/04\/IMG_0984-16x24.jpg 16w, https:\/\/festivalrem.eu\/wp-content\/uploads\/2026\/04\/IMG_0984-24x36.jpg 24w, https:\/\/festivalrem.eu\/wp-content\/uploads\/2026\/04\/IMG_0984-31x48.jpg 31w, https:\/\/festivalrem.eu\/wp-content\/uploads\/2026\/04\/IMG_0984.jpg 1170w\" sizes=\"(max-width: 671px) 100vw, 671px\" \/><\/figure>\n<\/div>","protected":false},"excerpt":{"rendered":"<p>SAMEDI 23 MAI 2026 Fanfare St Pierre de R\u00e9melfing La Fanfare Saint Pierre de R\u00e9melfing, dirig\u00e9e par Daniel Schwartz, est une habitu\u00e9e de la sc\u00e8ne de R\u00e9melfing en Musique. Elle &hellip; <a href=\"https:\/\/festivalrem.eu\/de\/artistes-2026\" class=\"more-link\">Continue reading <span class=\"screen-reader-text\">Artistes 2026<\/span><\/a><\/p>","protected":false},"author":2,"featured_media":0,"parent":0,"menu_order":0,"comment_status":"closed","ping_status":"closed","template":"","meta":{"ngg_post_thumbnail":0,"footnotes":""},"class_list":["post-1917","page","type-page","status-publish","hentry"],"yoast_head":"<!-- This site is optimized with the Yoast SEO plugin v27.4 - https:\/\/yoast.com\/product\/yoast-seo-wordpress\/ -->\n<title>Artistes 2026 - FestivalRem<\/title>\n<meta name=\"robots\" content=\"index, follow, max-snippet:-1, max-image-preview:large, max-video-preview:-1\" \/>\n<link rel=\"canonical\" href=\"https:\/\/festivalrem.eu\/de\/artistes-2026\/\" \/>\n<meta property=\"og:locale\" content=\"de_DE\" \/>\n<meta property=\"og:type\" content=\"article\" \/>\n<meta property=\"og:title\" content=\"Artistes 2026 - FestivalRem\" \/>\n<meta property=\"og:description\" content=\"SAMEDI 23 MAI 2026 Fanfare St Pierre de R\u00e9melfing La Fanfare Saint Pierre de R\u00e9melfing, dirig\u00e9e par Daniel Schwartz, est une habitu\u00e9e de la sc\u00e8ne de R\u00e9melfing en Musique. Elle &hellip; Continue reading Artistes 2026\" \/>\n<meta property=\"og:url\" content=\"https:\/\/festivalrem.eu\/de\/artistes-2026\/\" \/>\n<meta property=\"og:site_name\" content=\"FestivalRem\" \/>\n<meta property=\"article:modified_time\" content=\"2026-04-19T19:24:24+00:00\" \/>\n<meta property=\"og:image\" content=\"https:\/\/festivalrem.eu\/wp-content\/uploads\/2025\/05\/image.jpeg\" \/>\n\t<meta property=\"og:image:width\" content=\"510\" \/>\n\t<meta property=\"og:image:height\" content=\"270\" \/>\n\t<meta property=\"og:image:type\" content=\"image\/jpeg\" \/>\n<meta name=\"twitter:card\" content=\"summary_large_image\" \/>\n<meta name=\"twitter:label1\" content=\"Gesch\u00e4tzte Lesezeit\" \/>\n\t<meta name=\"twitter:data1\" content=\"4\u00a0Minuten\" \/>\n<script type=\"application\/ld+json\" class=\"yoast-schema-graph\">{\"@context\":\"https:\\\/\\\/schema.org\",\"@graph\":[{\"@type\":\"WebPage\",\"@id\":\"https:\\\/\\\/festivalrem.eu\\\/artistes-2026\",\"url\":\"https:\\\/\\\/festivalrem.eu\\\/artistes-2026\",\"name\":\"Artistes 2026 - FestivalRem\",\"isPartOf\":{\"@id\":\"https:\\\/\\\/festivalrem.eu\\\/#website\"},\"primaryImageOfPage\":{\"@id\":\"https:\\\/\\\/festivalrem.eu\\\/artistes-2026#primaryimage\"},\"image\":{\"@id\":\"https:\\\/\\\/festivalrem.eu\\\/artistes-2026#primaryimage\"},\"thumbnailUrl\":\"https:\\\/\\\/festivalrem.eu\\\/wp-content\\\/uploads\\\/2025\\\/05\\\/image.jpeg\",\"datePublished\":\"2026-04-19T17:05:35+00:00\",\"dateModified\":\"2026-04-19T19:24:24+00:00\",\"breadcrumb\":{\"@id\":\"https:\\\/\\\/festivalrem.eu\\\/artistes-2026#breadcrumb\"},\"inLanguage\":\"de\",\"potentialAction\":[{\"@type\":\"ReadAction\",\"target\":[\"https:\\\/\\\/festivalrem.eu\\\/artistes-2026\"]}]},{\"@type\":\"ImageObject\",\"inLanguage\":\"de\",\"@id\":\"https:\\\/\\\/festivalrem.eu\\\/artistes-2026#primaryimage\",\"url\":\"https:\\\/\\\/festivalrem.eu\\\/wp-content\\\/uploads\\\/2025\\\/05\\\/image.jpeg\",\"contentUrl\":\"https:\\\/\\\/festivalrem.eu\\\/wp-content\\\/uploads\\\/2025\\\/05\\\/image.jpeg\"},{\"@type\":\"BreadcrumbList\",\"@id\":\"https:\\\/\\\/festivalrem.eu\\\/artistes-2026#breadcrumb\",\"itemListElement\":[{\"@type\":\"ListItem\",\"position\":1,\"name\":\"Startseite\",\"item\":\"https:\\\/\\\/festivalrem.eu\\\/\"},{\"@type\":\"ListItem\",\"position\":2,\"name\":\"Artistes 2026\"}]},{\"@type\":\"WebSite\",\"@id\":\"https:\\\/\\\/festivalrem.eu\\\/#website\",\"url\":\"https:\\\/\\\/festivalrem.eu\\\/\",\"name\":\"FestivalRem\",\"description\":\"\",\"potentialAction\":[{\"@type\":\"SearchAction\",\"target\":{\"@type\":\"EntryPoint\",\"urlTemplate\":\"https:\\\/\\\/festivalrem.eu\\\/?s={search_term_string}\"},\"query-input\":{\"@type\":\"PropertyValueSpecification\",\"valueRequired\":true,\"valueName\":\"search_term_string\"}}],\"inLanguage\":\"de\"}]}<\/script>\n<!-- \/ Yoast SEO plugin. -->","yoast_head_json":{"title":"Artistes 2026 - FestivalRem","robots":{"index":"index","follow":"follow","max-snippet":"max-snippet:-1","max-image-preview":"max-image-preview:large","max-video-preview":"max-video-preview:-1"},"canonical":"https:\/\/festivalrem.eu\/de\/artistes-2026\/","og_locale":"de_DE","og_type":"article","og_title":"Artistes 2026 - FestivalRem","og_description":"SAMEDI 23 MAI 2026 Fanfare St Pierre de R\u00e9melfing La Fanfare Saint Pierre de R\u00e9melfing, dirig\u00e9e par Daniel Schwartz, est une habitu\u00e9e de la sc\u00e8ne de R\u00e9melfing en Musique. Elle &hellip; Continue reading Artistes 2026","og_url":"https:\/\/festivalrem.eu\/de\/artistes-2026\/","og_site_name":"FestivalRem","article_modified_time":"2026-04-19T19:24:24+00:00","og_image":[{"width":510,"height":270,"url":"https:\/\/festivalrem.eu\/wp-content\/uploads\/2025\/05\/image.jpeg","type":"image\/jpeg"}],"twitter_card":"summary_large_image","twitter_misc":{"Gesch\u00e4tzte Lesezeit":"4\u00a0Minuten"},"schema":{"@context":"https:\/\/schema.org","@graph":[{"@type":"WebPage","@id":"https:\/\/festivalrem.eu\/artistes-2026","url":"https:\/\/festivalrem.eu\/artistes-2026","name":"Artistes 2026 - FestivalRem","isPartOf":{"@id":"https:\/\/festivalrem.eu\/#website"},"primaryImageOfPage":{"@id":"https:\/\/festivalrem.eu\/artistes-2026#primaryimage"},"image":{"@id":"https:\/\/festivalrem.eu\/artistes-2026#primaryimage"},"thumbnailUrl":"https:\/\/festivalrem.eu\/wp-content\/uploads\/2025\/05\/image.jpeg","datePublished":"2026-04-19T17:05:35+00:00","dateModified":"2026-04-19T19:24:24+00:00","breadcrumb":{"@id":"https:\/\/festivalrem.eu\/artistes-2026#breadcrumb"},"inLanguage":"de","potentialAction":[{"@type":"ReadAction","target":["https:\/\/festivalrem.eu\/artistes-2026"]}]},{"@type":"ImageObject","inLanguage":"de","@id":"https:\/\/festivalrem.eu\/artistes-2026#primaryimage","url":"https:\/\/festivalrem.eu\/wp-content\/uploads\/2025\/05\/image.jpeg","contentUrl":"https:\/\/festivalrem.eu\/wp-content\/uploads\/2025\/05\/image.jpeg"},{"@type":"BreadcrumbList","@id":"https:\/\/festivalrem.eu\/artistes-2026#breadcrumb","itemListElement":[{"@type":"ListItem","position":1,"name":"Startseite","item":"https:\/\/festivalrem.eu\/"},{"@type":"ListItem","position":2,"name":"Artistes 2026"}]},{"@type":"WebSite","@id":"https:\/\/festivalrem.eu\/#website","url":"https:\/\/festivalrem.eu\/","name":"FestivalRem","description":"","potentialAction":[{"@type":"SearchAction","target":{"@type":"EntryPoint","urlTemplate":"https:\/\/festivalrem.eu\/?s={search_term_string}"},"query-input":{"@type":"PropertyValueSpecification","valueRequired":true,"valueName":"search_term_string"}}],"inLanguage":"de"}]}},"_links":{"self":[{"href":"https:\/\/festivalrem.eu\/de\/wp-json\/wp\/v2\/pages\/1917","targetHints":{"allow":["GET"]}}],"collection":[{"href":"https:\/\/festivalrem.eu\/de\/wp-json\/wp\/v2\/pages"}],"about":[{"href":"https:\/\/festivalrem.eu\/de\/wp-json\/wp\/v2\/types\/page"}],"author":[{"embeddable":true,"href":"https:\/\/festivalrem.eu\/de\/wp-json\/wp\/v2\/users\/2"}],"replies":[{"embeddable":true,"href":"https:\/\/festivalrem.eu\/de\/wp-json\/wp\/v2\/comments?post=1917"}],"version-history":[{"count":6,"href":"https:\/\/festivalrem.eu\/de\/wp-json\/wp\/v2\/pages\/1917\/revisions"}],"predecessor-version":[{"id":1933,"href":"https:\/\/festivalrem.eu\/de\/wp-json\/wp\/v2\/pages\/1917\/revisions\/1933"}],"wp:attachment":[{"href":"https:\/\/festivalrem.eu\/de\/wp-json\/wp\/v2\/media?parent=1917"}],"curies":[{"name":"wp","href":"https:\/\/api.w.org\/{rel}","templated":true}]}}