{"id":1878,"date":"2025-05-01T20:51:26","date_gmt":"2025-05-01T20:51:26","guid":{"rendered":"https:\/\/festivalrem.eu\/?page_id=1878"},"modified":"2025-05-14T20:02:30","modified_gmt":"2025-05-14T20:02:30","slug":"programmation-artistes2025","status":"publish","type":"page","link":"https:\/\/festivalrem.eu\/de\/programmation-artistes2025","title":{"rendered":"Artistes 2025"},"content":{"rendered":"<p><\/p>\n\n\n\n<p class=\"has-text-align-center\"><strong>Vendredi 6 juin 2025<\/strong> <br>(pendant le march\u00e9 paysan)<\/p>\n\n\n\n<p class=\"has-text-align-center\">LE PETIT BAL DE HEURTEBISE<\/p>\n\n\n\n<p class=\"has-text-align-center\">Des reprises instrumentales des plus belles chansons fran\u00e7aises, du r\u00e9tro, de la valse musette, du bol\u00e9ro, et bien d\u2019autres styles encore. Andr\u00e9 CUTTITTA \u00e0 l\u2019accord\u00e9on, Christelle GUICHOUX \u00e0 la clarinette et Charlotte CONRAD au soubassophone vous partageront leur bonne humeur et passion.<\/p>\n\n\n<div class=\"wp-block-image\">\n<figure class=\"aligncenter size-full is-resized\"><img fetchpriority=\"high\" decoding=\"async\" width=\"1000\" height=\"500\" src=\"https:\/\/festivalrem.eu\/wp-content\/uploads\/2025\/04\/concert-donne-dans-le-cadre-du-festi-cuivres-1737977247.jpg\" alt=\"\" class=\"wp-image-1879\" style=\"width:603px;height:auto\" srcset=\"https:\/\/festivalrem.eu\/wp-content\/uploads\/2025\/04\/concert-donne-dans-le-cadre-du-festi-cuivres-1737977247.jpg 1000w, https:\/\/festivalrem.eu\/wp-content\/uploads\/2025\/04\/concert-donne-dans-le-cadre-du-festi-cuivres-1737977247-300x150.jpg 300w, https:\/\/festivalrem.eu\/wp-content\/uploads\/2025\/04\/concert-donne-dans-le-cadre-du-festi-cuivres-1737977247-768x384.jpg 768w, https:\/\/festivalrem.eu\/wp-content\/uploads\/2025\/04\/concert-donne-dans-le-cadre-du-festi-cuivres-1737977247-18x9.jpg 18w, https:\/\/festivalrem.eu\/wp-content\/uploads\/2025\/04\/concert-donne-dans-le-cadre-du-festi-cuivres-1737977247-24x12.jpg 24w, https:\/\/festivalrem.eu\/wp-content\/uploads\/2025\/04\/concert-donne-dans-le-cadre-du-festi-cuivres-1737977247-36x18.jpg 36w, https:\/\/festivalrem.eu\/wp-content\/uploads\/2025\/04\/concert-donne-dans-le-cadre-du-festi-cuivres-1737977247-48x24.jpg 48w\" sizes=\"(max-width: 1000px) 100vw, 1000px\" \/><\/figure>\n<\/div>\n\n\n<p class=\"has-text-align-center\"><strong>Samedi 7 juin 2025<\/strong><br>18h30<\/p>\n\n\n\n<p class=\"has-text-align-center\"><strong>FANFARE SAINT PIERRE\u00a0<\/strong><\/p>\n\n\n\n<p class=\"has-text-align-center\">La Fanfare Saint Pierre de R\u00e9melfing, dirig\u00e9e par Daniel Schwartz, est une habitu\u00e9e de la sc\u00e8ne de R\u00e9melfing en Musique. Elle sera de nouveau pr\u00e9sente cette ann\u00e9e pour nous soutenir, et ses musiciens auront le plaisir d\u2019ouvrir les festivit\u00e9s en fanfare le samedi.<\/p>\n\n\n<div class=\"wp-block-image\">\n<figure class=\"aligncenter size-full\"><img decoding=\"async\" width=\"510\" height=\"270\" src=\"https:\/\/festivalrem.eu\/wp-content\/uploads\/2025\/05\/image.jpeg\" alt=\"\" class=\"wp-image-1898\" srcset=\"https:\/\/festivalrem.eu\/wp-content\/uploads\/2025\/05\/image.jpeg 510w, https:\/\/festivalrem.eu\/wp-content\/uploads\/2025\/05\/image-300x159.jpeg 300w, https:\/\/festivalrem.eu\/wp-content\/uploads\/2025\/05\/image-18x10.jpeg 18w, https:\/\/festivalrem.eu\/wp-content\/uploads\/2025\/05\/image-24x13.jpeg 24w, https:\/\/festivalrem.eu\/wp-content\/uploads\/2025\/05\/image-36x19.jpeg 36w, https:\/\/festivalrem.eu\/wp-content\/uploads\/2025\/05\/image-48x25.jpeg 48w\" sizes=\"(max-width: 510px) 100vw, 510px\" \/><\/figure>\n<\/div>\n\n\n<p class=\"has-text-align-center\"><strong>SARRE MUSIC SCHOOL<\/strong><\/p>\n\n\n\n<p class=\"has-text-align-center\">Des \u00e9l\u00e8ves de l\u2019\u00e9cole de musique de Sarreguemines\u00a0\u00ab Sarre Music School\u00a0\u00bb et un autre jeune talent de l\u2019\u00e9cole de Marina d\u2019Amico\u00a0interpr\u00e9teront quelques chansons au d\u00e9but du festival<\/p>\n\n\n\n<p class=\"has-text-align-center\"><strong>TICKET TO BLUES <\/strong><br>20h00<\/p>\n\n\n\n<p class=\"has-text-align-center\">TICKET to BLUES va vous faire naviguer dans le monde du blues, parfois par des musiques plut\u00f4t \u00ab\u00a0roots\u00a0\u00bb, d\u2019autre fois par des titres de standards blues incontournables teint\u00e9s de rock, mais aussi gr\u00e2ce \u00e0 des compositions personnelles. A la basse et au chant se sera Max REBMANN, au chant \u00e9galement et \u00e0 la guitare Jean BERTOZZO, aux claviers Jean Fran\u00e7ois DRUI. Et \u00e0 la batterie : Thomas GARCIA.\u00a0<\/p>\n\n\n<div class=\"wp-block-image\">\n<figure class=\"aligncenter size-large is-resized\"><img decoding=\"async\" width=\"1024\" height=\"800\" src=\"https:\/\/festivalrem.eu\/wp-content\/uploads\/2025\/05\/IMG_20241214_155200-1024x800.jpg\" alt=\"\" class=\"wp-image-1891\" style=\"width:483px;height:auto\" srcset=\"https:\/\/festivalrem.eu\/wp-content\/uploads\/2025\/05\/IMG_20241214_155200-1024x800.jpg 1024w, https:\/\/festivalrem.eu\/wp-content\/uploads\/2025\/05\/IMG_20241214_155200-300x234.jpg 300w, https:\/\/festivalrem.eu\/wp-content\/uploads\/2025\/05\/IMG_20241214_155200-768x600.jpg 768w, https:\/\/festivalrem.eu\/wp-content\/uploads\/2025\/05\/IMG_20241214_155200-15x12.jpg 15w, https:\/\/festivalrem.eu\/wp-content\/uploads\/2025\/05\/IMG_20241214_155200-24x19.jpg 24w, https:\/\/festivalrem.eu\/wp-content\/uploads\/2025\/05\/IMG_20241214_155200-36x28.jpg 36w, https:\/\/festivalrem.eu\/wp-content\/uploads\/2025\/05\/IMG_20241214_155200-48x37.jpg 48w, https:\/\/festivalrem.eu\/wp-content\/uploads\/2025\/05\/IMG_20241214_155200.jpg 1296w\" sizes=\"(max-width: 1024px) 100vw, 1024px\" \/><\/figure>\n<\/div>\n\n\n<p><\/p>\n\n\n\n<p class=\"has-text-align-center\">MAGIC<br>Vers 21h10<\/p>\n\n\n\n<p class=\"has-text-align-center\">Le groupe MAGIC, fond\u00e9 en 1997 \u00e0 V\u00f6lklingen a connu de nombreux changements de membres au fil des ans. Leur ascension musicale a d\u00e9but\u00e9 en 2003, lorsqu&rsquo;ils sont pass\u00e9s des f\u00eates priv\u00e9es aux grands \u00e9v\u00e9nements, notamment la s\u00e9rie V\u00f6lklinger City-Open-Air. Ils ont \u00e9galement jou\u00e9 \u00e0 la&nbsp;<em>F\u00eate de la musique<\/em>&nbsp;pr\u00e8s de Paris et ont \u00e9t\u00e9 la premi\u00e8re partie de plusieurs groupes renomm\u00e9s. Le groupe, souvent mis en avant par la radio locale, se produit r\u00e9guli\u00e8rement en plein air et participe \u00e0 des concerts caritatifs. Leur r\u00e9pertoire vari\u00e9 m\u00eale classiques du rock et titres modernes, offrant toujours des surprises au public.<\/p>\n\n\n<div class=\"wp-block-image\">\n<figure class=\"aligncenter size-large is-resized\"><img loading=\"lazy\" decoding=\"async\" width=\"1024\" height=\"683\" src=\"https:\/\/festivalrem.eu\/wp-content\/uploads\/2025\/04\/Bandfoto-2025-1024x683.jpg\" alt=\"\" class=\"wp-image-1880\" style=\"width:499px;height:auto\" srcset=\"https:\/\/festivalrem.eu\/wp-content\/uploads\/2025\/04\/Bandfoto-2025-1024x683.jpg 1024w, https:\/\/festivalrem.eu\/wp-content\/uploads\/2025\/04\/Bandfoto-2025-300x200.jpg 300w, https:\/\/festivalrem.eu\/wp-content\/uploads\/2025\/04\/Bandfoto-2025-768x512.jpg 768w, https:\/\/festivalrem.eu\/wp-content\/uploads\/2025\/04\/Bandfoto-2025-1536x1024.jpg 1536w, https:\/\/festivalrem.eu\/wp-content\/uploads\/2025\/04\/Bandfoto-2025-2048x1365.jpg 2048w, https:\/\/festivalrem.eu\/wp-content\/uploads\/2025\/04\/Bandfoto-2025-18x12.jpg 18w, https:\/\/festivalrem.eu\/wp-content\/uploads\/2025\/04\/Bandfoto-2025-24x16.jpg 24w, https:\/\/festivalrem.eu\/wp-content\/uploads\/2025\/04\/Bandfoto-2025-36x24.jpg 36w, https:\/\/festivalrem.eu\/wp-content\/uploads\/2025\/04\/Bandfoto-2025-48x32.jpg 48w, https:\/\/festivalrem.eu\/wp-content\/uploads\/2025\/04\/Bandfoto-2025-1200x800.jpg 1200w\" sizes=\"(max-width: 1024px) 100vw, 1024px\" \/><\/figure>\n<\/div>\n\n\n<p><\/p>\n\n\n\n<p class=\"has-text-align-center\">PIXEL IN A BOX<br>Vers 22h20<\/p>\n\n\n\n<p class=\"has-text-align-center\">Apr\u00e8s avoir tourn\u00e9 pendant huit ans avec le groupe Cock Robin, Coralie Vuillemin et Didier Strub reviennent \u00e0 leur essence musicale en cr\u00e9ant le duo Pixel In A Box. Influenc\u00e9s par des g\u00e9ants de l\u2019\u00e9lectro-pop et du rock industriel comme Nine Inch Nails ou London Grammar, ils d\u00e9voilent une pop rock intense m\u00ealant puissance sonore et subtilit\u00e9 \u00e9motionnelle. Leur premier EP, pens\u00e9 comme une s\u00e9rie visuelle et sonore, explore les contrastes int\u00e9rieurs \u00e0 travers six morceaux. Entre sonorit\u00e9s lumineuses, rock parfois industrielles ou encore des ambiances nocturnes planantes et a\u00e9riennes, ils offrent un voyage introspectif. Avec des textes en fran\u00e7ais, ils sculptent un univers singulier o\u00f9 musique et image se r\u00e9pondent.<\/p>\n\n\n<div class=\"wp-block-image\">\n<figure class=\"aligncenter size-large is-resized\"><img loading=\"lazy\" decoding=\"async\" width=\"1024\" height=\"724\" src=\"https:\/\/festivalrem.eu\/wp-content\/uploads\/2025\/04\/PHOTO-PAYSAGE-PIAB-crA\u00a9dit-photo-Pixel-In-A-Box-1024x724.png\" alt=\"\" class=\"wp-image-1881\" style=\"width:526px;height:auto\" srcset=\"https:\/\/festivalrem.eu\/wp-content\/uploads\/2025\/04\/PHOTO-PAYSAGE-PIAB-crA\u00a9dit-photo-Pixel-In-A-Box-1024x724.png 1024w, https:\/\/festivalrem.eu\/wp-content\/uploads\/2025\/04\/PHOTO-PAYSAGE-PIAB-crA\u00a9dit-photo-Pixel-In-A-Box-300x212.png 300w, https:\/\/festivalrem.eu\/wp-content\/uploads\/2025\/04\/PHOTO-PAYSAGE-PIAB-crA\u00a9dit-photo-Pixel-In-A-Box-768x543.png 768w, https:\/\/festivalrem.eu\/wp-content\/uploads\/2025\/04\/PHOTO-PAYSAGE-PIAB-crA\u00a9dit-photo-Pixel-In-A-Box-1536x1086.png 1536w, https:\/\/festivalrem.eu\/wp-content\/uploads\/2025\/04\/PHOTO-PAYSAGE-PIAB-crA\u00a9dit-photo-Pixel-In-A-Box-2048x1448.png 2048w, https:\/\/festivalrem.eu\/wp-content\/uploads\/2025\/04\/PHOTO-PAYSAGE-PIAB-crA\u00a9dit-photo-Pixel-In-A-Box-18x12.png 18w, https:\/\/festivalrem.eu\/wp-content\/uploads\/2025\/04\/PHOTO-PAYSAGE-PIAB-crA\u00a9dit-photo-Pixel-In-A-Box-24x17.png 24w, https:\/\/festivalrem.eu\/wp-content\/uploads\/2025\/04\/PHOTO-PAYSAGE-PIAB-crA\u00a9dit-photo-Pixel-In-A-Box-36x25.png 36w, https:\/\/festivalrem.eu\/wp-content\/uploads\/2025\/04\/PHOTO-PAYSAGE-PIAB-crA\u00a9dit-photo-Pixel-In-A-Box-48x34.png 48w\" sizes=\"(max-width: 1024px) 100vw, 1024px\" \/><\/figure>\n<\/div>\n\n\n<p><\/p>\n\n\n\n<p class=\"has-text-align-center\">REAVEN<br>Vers 23h30<\/p>\n\n\n\n<p class=\"has-text-align-center\">R\u00e9v\u00e9l\u00e9 comme la nouvelle p\u00e9pite de l\u2019Indie-Rock europ\u00e9en en 2024, Reaven a marqu\u00e9 les esprits avec&nbsp;<em>For Tomorrow<\/em>, un album qui les a propuls\u00e9s sur les routes d\u2019Europe et jusqu\u2019au Japon. Leur titre&nbsp;<em>Never Let Me Go<\/em>conna\u00eet un franc succ\u00e8s outre-Atlantique, restant class\u00e9 pendant de nombreux mois. Loin de s\u2019arr\u00eater l\u00e0, le groupe pr\u00e9voit pour 2025 un nouveau disque, des clips in\u00e9dits et une tourn\u00e9e en France et \u00e0 l\u2019international, incluant l\u2019Am\u00e9rique et d&rsquo;autres continents.<\/p>\n\n\n<div class=\"wp-block-image\">\n<figure class=\"aligncenter size-full is-resized\"><img loading=\"lazy\" decoding=\"async\" width=\"1024\" height=\"972\" src=\"https:\/\/festivalrem.eu\/wp-content\/uploads\/2025\/04\/Reaven-JustMusic.fr_-1024x972-1.png\" alt=\"\" class=\"wp-image-1883\" style=\"width:517px;height:auto\" srcset=\"https:\/\/festivalrem.eu\/wp-content\/uploads\/2025\/04\/Reaven-JustMusic.fr_-1024x972-1.png 1024w, https:\/\/festivalrem.eu\/wp-content\/uploads\/2025\/04\/Reaven-JustMusic.fr_-1024x972-1-300x285.png 300w, https:\/\/festivalrem.eu\/wp-content\/uploads\/2025\/04\/Reaven-JustMusic.fr_-1024x972-1-768x729.png 768w, https:\/\/festivalrem.eu\/wp-content\/uploads\/2025\/04\/Reaven-JustMusic.fr_-1024x972-1-13x12.png 13w, https:\/\/festivalrem.eu\/wp-content\/uploads\/2025\/04\/Reaven-JustMusic.fr_-1024x972-1-24x24.png 24w, https:\/\/festivalrem.eu\/wp-content\/uploads\/2025\/04\/Reaven-JustMusic.fr_-1024x972-1-36x34.png 36w, https:\/\/festivalrem.eu\/wp-content\/uploads\/2025\/04\/Reaven-JustMusic.fr_-1024x972-1-48x46.png 48w\" sizes=\"(max-width: 1024px) 100vw, 1024px\" \/><\/figure>\n<\/div>","protected":false},"excerpt":{"rendered":"<p>Vendredi 6 juin 2025 (pendant le march\u00e9 paysan) LE PETIT BAL DE HEURTEBISE Des reprises instrumentales des plus belles chansons fran\u00e7aises, du r\u00e9tro, de la valse musette, du bol\u00e9ro, et &hellip; <a href=\"https:\/\/festivalrem.eu\/de\/programmation-artistes2025\" class=\"more-link\">Continue reading <span class=\"screen-reader-text\">Artistes 2025<\/span><\/a><\/p>","protected":false},"author":2,"featured_media":0,"parent":0,"menu_order":0,"comment_status":"closed","ping_status":"closed","template":"","meta":{"ngg_post_thumbnail":0,"footnotes":""},"class_list":["post-1878","page","type-page","status-publish","hentry"],"yoast_head":"<!-- This site is optimized with the Yoast SEO plugin v27.5 - https:\/\/yoast.com\/product\/yoast-seo-wordpress\/ -->\n<title>Artistes 2025 - FestivalRem<\/title>\n<meta name=\"robots\" content=\"index, follow, max-snippet:-1, max-image-preview:large, max-video-preview:-1\" \/>\n<link rel=\"canonical\" href=\"https:\/\/festivalrem.eu\/de\/programmation-artistes2025\/\" \/>\n<meta property=\"og:locale\" content=\"de_DE\" \/>\n<meta property=\"og:type\" content=\"article\" \/>\n<meta property=\"og:title\" content=\"Artistes 2025 - FestivalRem\" \/>\n<meta property=\"og:description\" content=\"Vendredi 6 juin 2025 (pendant le march\u00e9 paysan) LE PETIT BAL DE HEURTEBISE Des reprises instrumentales des plus belles chansons fran\u00e7aises, du r\u00e9tro, de la valse musette, du bol\u00e9ro, et &hellip; Continue reading Artistes 2025\" \/>\n<meta property=\"og:url\" content=\"https:\/\/festivalrem.eu\/de\/programmation-artistes2025\/\" \/>\n<meta property=\"og:site_name\" content=\"FestivalRem\" \/>\n<meta property=\"article:modified_time\" content=\"2025-05-14T20:02:30+00:00\" \/>\n<meta property=\"og:image\" content=\"https:\/\/festivalrem.eu\/wp-content\/uploads\/2025\/04\/concert-donne-dans-le-cadre-du-festi-cuivres-1737977247.jpg\" \/>\n\t<meta property=\"og:image:width\" content=\"1000\" \/>\n\t<meta property=\"og:image:height\" content=\"500\" \/>\n\t<meta property=\"og:image:type\" content=\"image\/jpeg\" \/>\n<meta name=\"twitter:card\" content=\"summary_large_image\" \/>\n<meta name=\"twitter:label1\" content=\"Gesch\u00e4tzte Lesezeit\" \/>\n\t<meta name=\"twitter:data1\" content=\"4\u00a0Minuten\" \/>\n<script type=\"application\/ld+json\" class=\"yoast-schema-graph\">{\"@context\":\"https:\\\/\\\/schema.org\",\"@graph\":[{\"@type\":\"WebPage\",\"@id\":\"https:\\\/\\\/festivalrem.eu\\\/programmation-artistes2025\",\"url\":\"https:\\\/\\\/festivalrem.eu\\\/programmation-artistes2025\",\"name\":\"Artistes 2025 - FestivalRem\",\"isPartOf\":{\"@id\":\"https:\\\/\\\/festivalrem.eu\\\/#website\"},\"primaryImageOfPage\":{\"@id\":\"https:\\\/\\\/festivalrem.eu\\\/programmation-artistes2025#primaryimage\"},\"image\":{\"@id\":\"https:\\\/\\\/festivalrem.eu\\\/programmation-artistes2025#primaryimage\"},\"thumbnailUrl\":\"https:\\\/\\\/festivalrem.eu\\\/wp-content\\\/uploads\\\/2025\\\/04\\\/concert-donne-dans-le-cadre-du-festi-cuivres-1737977247.jpg\",\"datePublished\":\"2025-05-01T20:51:26+00:00\",\"dateModified\":\"2025-05-14T20:02:30+00:00\",\"breadcrumb\":{\"@id\":\"https:\\\/\\\/festivalrem.eu\\\/programmation-artistes2025#breadcrumb\"},\"inLanguage\":\"de\",\"potentialAction\":[{\"@type\":\"ReadAction\",\"target\":[\"https:\\\/\\\/festivalrem.eu\\\/programmation-artistes2025\"]}]},{\"@type\":\"ImageObject\",\"inLanguage\":\"de\",\"@id\":\"https:\\\/\\\/festivalrem.eu\\\/programmation-artistes2025#primaryimage\",\"url\":\"https:\\\/\\\/festivalrem.eu\\\/wp-content\\\/uploads\\\/2025\\\/04\\\/concert-donne-dans-le-cadre-du-festi-cuivres-1737977247.jpg\",\"contentUrl\":\"https:\\\/\\\/festivalrem.eu\\\/wp-content\\\/uploads\\\/2025\\\/04\\\/concert-donne-dans-le-cadre-du-festi-cuivres-1737977247.jpg\"},{\"@type\":\"BreadcrumbList\",\"@id\":\"https:\\\/\\\/festivalrem.eu\\\/programmation-artistes2025#breadcrumb\",\"itemListElement\":[{\"@type\":\"ListItem\",\"position\":1,\"name\":\"Startseite\",\"item\":\"https:\\\/\\\/festivalrem.eu\\\/\"},{\"@type\":\"ListItem\",\"position\":2,\"name\":\"Artistes 2025\"}]},{\"@type\":\"WebSite\",\"@id\":\"https:\\\/\\\/festivalrem.eu\\\/#website\",\"url\":\"https:\\\/\\\/festivalrem.eu\\\/\",\"name\":\"FestivalRem\",\"description\":\"\",\"potentialAction\":[{\"@type\":\"SearchAction\",\"target\":{\"@type\":\"EntryPoint\",\"urlTemplate\":\"https:\\\/\\\/festivalrem.eu\\\/?s={search_term_string}\"},\"query-input\":{\"@type\":\"PropertyValueSpecification\",\"valueRequired\":true,\"valueName\":\"search_term_string\"}}],\"inLanguage\":\"de\"}]}<\/script>\n<!-- \/ Yoast SEO plugin. -->","yoast_head_json":{"title":"Artistes 2025 - FestivalRem","robots":{"index":"index","follow":"follow","max-snippet":"max-snippet:-1","max-image-preview":"max-image-preview:large","max-video-preview":"max-video-preview:-1"},"canonical":"https:\/\/festivalrem.eu\/de\/programmation-artistes2025\/","og_locale":"de_DE","og_type":"article","og_title":"Artistes 2025 - FestivalRem","og_description":"Vendredi 6 juin 2025 (pendant le march\u00e9 paysan) LE PETIT BAL DE HEURTEBISE Des reprises instrumentales des plus belles chansons fran\u00e7aises, du r\u00e9tro, de la valse musette, du bol\u00e9ro, et &hellip; Continue reading Artistes 2025","og_url":"https:\/\/festivalrem.eu\/de\/programmation-artistes2025\/","og_site_name":"FestivalRem","article_modified_time":"2025-05-14T20:02:30+00:00","og_image":[{"width":1000,"height":500,"url":"https:\/\/festivalrem.eu\/wp-content\/uploads\/2025\/04\/concert-donne-dans-le-cadre-du-festi-cuivres-1737977247.jpg","type":"image\/jpeg"}],"twitter_card":"summary_large_image","twitter_misc":{"Gesch\u00e4tzte Lesezeit":"4\u00a0Minuten"},"schema":{"@context":"https:\/\/schema.org","@graph":[{"@type":"WebPage","@id":"https:\/\/festivalrem.eu\/programmation-artistes2025","url":"https:\/\/festivalrem.eu\/programmation-artistes2025","name":"Artistes 2025 - FestivalRem","isPartOf":{"@id":"https:\/\/festivalrem.eu\/#website"},"primaryImageOfPage":{"@id":"https:\/\/festivalrem.eu\/programmation-artistes2025#primaryimage"},"image":{"@id":"https:\/\/festivalrem.eu\/programmation-artistes2025#primaryimage"},"thumbnailUrl":"https:\/\/festivalrem.eu\/wp-content\/uploads\/2025\/04\/concert-donne-dans-le-cadre-du-festi-cuivres-1737977247.jpg","datePublished":"2025-05-01T20:51:26+00:00","dateModified":"2025-05-14T20:02:30+00:00","breadcrumb":{"@id":"https:\/\/festivalrem.eu\/programmation-artistes2025#breadcrumb"},"inLanguage":"de","potentialAction":[{"@type":"ReadAction","target":["https:\/\/festivalrem.eu\/programmation-artistes2025"]}]},{"@type":"ImageObject","inLanguage":"de","@id":"https:\/\/festivalrem.eu\/programmation-artistes2025#primaryimage","url":"https:\/\/festivalrem.eu\/wp-content\/uploads\/2025\/04\/concert-donne-dans-le-cadre-du-festi-cuivres-1737977247.jpg","contentUrl":"https:\/\/festivalrem.eu\/wp-content\/uploads\/2025\/04\/concert-donne-dans-le-cadre-du-festi-cuivres-1737977247.jpg"},{"@type":"BreadcrumbList","@id":"https:\/\/festivalrem.eu\/programmation-artistes2025#breadcrumb","itemListElement":[{"@type":"ListItem","position":1,"name":"Startseite","item":"https:\/\/festivalrem.eu\/"},{"@type":"ListItem","position":2,"name":"Artistes 2025"}]},{"@type":"WebSite","@id":"https:\/\/festivalrem.eu\/#website","url":"https:\/\/festivalrem.eu\/","name":"FestivalRem","description":"","potentialAction":[{"@type":"SearchAction","target":{"@type":"EntryPoint","urlTemplate":"https:\/\/festivalrem.eu\/?s={search_term_string}"},"query-input":{"@type":"PropertyValueSpecification","valueRequired":true,"valueName":"search_term_string"}}],"inLanguage":"de"}]}},"_links":{"self":[{"href":"https:\/\/festivalrem.eu\/de\/wp-json\/wp\/v2\/pages\/1878","targetHints":{"allow":["GET"]}}],"collection":[{"href":"https:\/\/festivalrem.eu\/de\/wp-json\/wp\/v2\/pages"}],"about":[{"href":"https:\/\/festivalrem.eu\/de\/wp-json\/wp\/v2\/types\/page"}],"author":[{"embeddable":true,"href":"https:\/\/festivalrem.eu\/de\/wp-json\/wp\/v2\/users\/2"}],"replies":[{"embeddable":true,"href":"https:\/\/festivalrem.eu\/de\/wp-json\/wp\/v2\/comments?post=1878"}],"version-history":[{"count":5,"href":"https:\/\/festivalrem.eu\/de\/wp-json\/wp\/v2\/pages\/1878\/revisions"}],"predecessor-version":[{"id":1899,"href":"https:\/\/festivalrem.eu\/de\/wp-json\/wp\/v2\/pages\/1878\/revisions\/1899"}],"wp:attachment":[{"href":"https:\/\/festivalrem.eu\/de\/wp-json\/wp\/v2\/media?parent=1878"}],"curies":[{"name":"wp","href":"https:\/\/api.w.org\/{rel}","templated":true}]}}