{"id":1727,"date":"2024-04-07T15:30:21","date_gmt":"2024-04-07T15:30:21","guid":{"rendered":"https:\/\/festivalrem.eu\/?page_id=1727"},"modified":"2025-05-01T19:50:21","modified_gmt":"2025-05-01T19:50:21","slug":"programmation-artistes2024","status":"publish","type":"page","link":"https:\/\/festivalrem.eu\/de\/programmation\/programmation-artistes2024","title":{"rendered":"Artistes 2024"},"content":{"rendered":"<h1 style=\"text-align: center;\"><strong>VENDREDI 17 MAI 2024<\/strong><\/h1>\n<p style=\"text-align: center;\">Pr\u00e9vente 15\u20ac (\u00e0 partir du 17 avril)<\/p>\n<p style=\"text-align: center;\"><strong>19H00<\/strong><\/p>\n<p style=\"text-align: center;\">Le groupe Alex Beyrodt and Friends a \u00e9t\u00e9 fond\u00e9 par le guitariste renomm\u00e9 Alex Beyrodt et s&rsquo;est rapidement fait un nom sur la sc\u00e8ne rock. Les membres du groupe apportent chacun leurs talents et exp\u00e9riences uniques pour cr\u00e9er un son puissant et entra\u00eenant.<\/p>\n<p style=\"text-align: center;\">Alex Beyrodt and Friends forment une unit\u00e9 cr\u00e9ative et dynamique qui fait battre plus vite le c\u0153ur des fans du monde entier avec leurs prestations live entra\u00eenantes et leur passion pour les classiques du rock des ann\u00e9es soixante-dix et quatre-vingt.<\/p>\n\n<h5 style=\"text-align: center;\"><a href=\"https:\/\/www.facebook.com\/Alex.Beyrodt\">https:\/\/www.facebook.com\/Alex.Beyrodt<\/a><\/h5>\n<iframe title=\"Alex Beyrodt &amp; Friends feat. Ronnie Romero - Long Live Rock&#039;n&#039;Roll LIVE in Elversberg 26.08.2023\" width=\"847\" height=\"476\" src=\"https:\/\/www.youtube.com\/embed\/PLjOmpKR99k?feature=oembed\" frameborder=\"0\" allow=\"accelerometer; autoplay; clipboard-write; encrypted-media; gyroscope; picture-in-picture; web-share\" referrerpolicy=\"strict-origin-when-cross-origin\" allowfullscreen><\/iframe>\n<h1 style=\"text-align: center;\"><strong>SAMEDI 18 MAI 2024<\/strong><\/h1>\n<p style=\"text-align: center;\">Entr\u00e9e gratuite<\/p>\n<strong><!-- \/wp:post-content --><!-- wp:paragraph {\"align\":\"center\"} --><\/strong>\n<h3 class=\"has-text-align-center\" style=\"text-align: center;\">Vers 19h00<\/h3>\n<h3 class=\"has-text-align-center\" style=\"text-align: center;\">Fanfare Saint Pierre de R\u00e9melfing<\/h3>\n<p style=\"text-align: center;\">La Fanfare Saint Pierre de R\u00e9melfing est une habitu\u00e9e de la sc\u00e8ne de R\u00e9melfing en Musique.<\/p>\n<p style=\"text-align: center;\">Elle nous soutiendra encore cette ann\u00e9e et ses musiciens nous feront le plaisir d\u2019ouvrir, en fanfare, les festivit\u00e9s.<\/p>\n<p style=\"text-align: center;\"><a href=\"https:\/\/dschwart1.wixsite.com\/fanfare-st-pierre\">https:\/\/dschwart1.wixsite.com\/fanfare-st-pierre<\/a><\/p>\n&nbsp;\n<h3 class=\"has-text-align-center\" style=\"text-align: center;\">20h00<\/h3>\n<h3 class=\"has-text-align-center\" style=\"text-align: center;\">REFLECTIONS<\/h3>\n<h3 class=\"has-text-align-center\" style=\"text-align: center;\">Sarre<\/h3>\n<p style=\"text-align: center;\">Le groupe \u00ab\u00a0Reflections\u00a0\u00bb est une formation fra\u00eeche qui s&rsquo;est form\u00e9e en 2022 et propose un m\u00e9lange unique de chansons pop, rock et rock&rsquo;n&rsquo;roll et folk des trente derni\u00e8res ann\u00e9es qui enthousiasment le public. Avec des morceaux aux accents acoustiques, des reprises telles que \u00ab\u00a0I&rsquo;m so excited\u00a0\u00bb, \u00ab\u00a0Cold as ice\u00a0\u00bb et \u00ab\u00a0Friday I&rsquo;m in Love\u00a0\u00bb, ils sauront faire danser le public !<\/p>\n\n<h3 style=\"text-align: center;\">21h10<\/h3>\n<h3 class=\"has-text-align-center\" style=\"text-align: center;\"><strong>MAGIC<\/strong><\/h3>\n<h3 class=\"has-text-align-center\" style=\"text-align: center;\"><strong>Sarre<\/strong><\/h3>\n<p style=\"text-align: center;\">MAGIC n&rsquo;entre dans aucune cat\u00e9gorie du point de vue r\u00e9pertoire : les cinq membres du groupe font des propositions de titres. C&rsquo;est ainsi qu&rsquo;est n\u00e9 au fil des ans un programme qui, en plus des classiques de la musique rock allemande et internationale, propose toujours des surprises. Des titres modernes sont \u00e9galement pris en compte s&rsquo;ils correspondent au concept global du groupe.\nMagic s&rsquo;est d\u00e9j\u00e0 produit dans plusieurs manifestations et festivals, notamment en Sarre.<\/p>\n<iframe title=\"SMS SULZBACH SAAR 110823\" width=\"847\" height=\"476\" src=\"https:\/\/www.youtube.com\/embed\/37juJT4DnAM?feature=oembed\" frameborder=\"0\" allow=\"accelerometer; autoplay; clipboard-write; encrypted-media; gyroscope; picture-in-picture; web-share\" referrerpolicy=\"strict-origin-when-cross-origin\" allowfullscreen><\/iframe>\n<h3 style=\"text-align: center;\">22h20<\/h3>\n<h3 class=\"has-text-align-center\" style=\"text-align: center;\"><strong>JON RONIGER AND THE GOOD FOR NOTHING BAND<\/strong><\/h3>\n<h3 class=\"has-text-align-center\" style=\"text-align: center;\"><strong>U.S.A.<\/strong><\/h3>\n<p style=\"text-align: center;\">Jon Roniger and The Good For Nothin&rsquo; Band a le plaisir d&rsquo;annoncer que son dernier album, Hello Beautiful, est en lice pour un Grammy Award en 2024. Au cours des sept ann\u00e9es qui se sont \u00e9coul\u00e9es depuis la cr\u00e9ation du groupe, celui-ci s&rsquo;est targu\u00e9 de nombreuses r\u00e9sidences locales sur la sc\u00e8ne musicale tr\u00e8s comp\u00e9titive de la Nouvelle-Orl\u00e9ans. Le groupe se compose de Jon Roniger (auteur-compositeur-interpr\u00e8te, guitare), Brendan Michael Bull (batterie), Bob Kling (basse), Jake Gold (clavier), Ellis Seiberling (trombone) et Raph Zee (trompette). Avec plus de 200 concerts par an, Jon Roniger et The Good For Nothin&rsquo; Band effectuent des tourn\u00e9es nationales et internationales.<\/p>\n<p style=\"text-align: center;\"><a href=\"http:\/\/www.thegoodfornothinband.com\/?fbclid=IwAR1FuVHtovwdNc5JCFHs-mmRIeKUR0iT4eGe2l0KWjRw68faOFkIzqNP_r0_aem_AeF4W-vb9BvgXNvI4YjmGnL0TXti2wo2WqXqd93l8FOe1T_FI9vlr4WDTaGwNd9E8KrD8j3R5AUeZSN39sVTIc1J\">http:\/\/www.thegoodfornothinband.com\/<\/a><\/p>\n<iframe title=\"Jon Roniger and The Good For Nothin\u2019 Band@Reigenlive 12 11 2022\" width=\"847\" height=\"476\" src=\"https:\/\/www.youtube.com\/embed\/4vqEo7RKj8E?start=3&#038;feature=oembed\" frameborder=\"0\" allow=\"accelerometer; autoplay; clipboard-write; encrypted-media; gyroscope; picture-in-picture; web-share\" referrerpolicy=\"strict-origin-when-cross-origin\" allowfullscreen><\/iframe>\n<h3 style=\"text-align: center;\">23h30<\/h3>\n<h3 class=\"has-text-align-center\" style=\"text-align: center;\"><strong>L&rsquo;officine du gueux<\/strong><\/h3>\n<h3 class=\"has-text-align-center\" style=\"text-align: center;\"><strong>Moselle<\/strong><\/h3>\n<p style=\"text-align: center;\">Cet orchestre acoustique distille un m\u00e9lange de rock-folk enjou\u00e9 et festif. Les alchimistes font preuve de conviction et d\u2019enthousiasme, ils se jettent dans la m\u00eal\u00e9e musicale dans un \u00e9tat extatique. C\u2019est une musique qui respire, qui sent bon le tr\u00e8fle d\u2019Irlande et le go\u00e9mon breton. C\u2019est un joyeux spectacle collectif o\u00f9 les barri\u00e8res tombent entre le public et les musiciens. Les musiciens de ce charmant d\u00e9sordre ont d\u00e9j\u00e0 s\u00e9vi en premi\u00e8re partie de SOLDAT LOUIS, MERZHIN, RED HOT CHILI PIPER, HADJI LAZARO\u2026<\/p>\n<p style=\"text-align: center;\"><a href=\"http:\/\/www.officinedugueux.fr\/\">http:\/\/www.officinedugueux.fr\/<\/a><\/p>\n<iframe title=\"Touchez pas \u00e0 notre accord\u00e9on - L&#039;Officine du Gueux\" width=\"847\" height=\"476\" src=\"https:\/\/www.youtube.com\/embed\/ocQuzDYdYQM?feature=oembed\" frameborder=\"0\" allow=\"accelerometer; autoplay; clipboard-write; encrypted-media; gyroscope; picture-in-picture; web-share\" referrerpolicy=\"strict-origin-when-cross-origin\" allowfullscreen><\/iframe>","protected":false},"excerpt":{"rendered":"<p>VENDREDI 17 MAI 2024 Pr\u00e9vente 15\u20ac (\u00e0 partir du 17 avril) 19H00 Le groupe Alex Beyrodt and Friends a \u00e9t\u00e9 fond\u00e9 par le guitariste renomm\u00e9 Alex Beyrodt et s&rsquo;est rapidement &hellip; <a href=\"https:\/\/festivalrem.eu\/de\/programmation\/programmation-artistes2024\" class=\"more-link\">Continue reading <span class=\"screen-reader-text\">Artistes 2024<\/span><\/a><\/p>","protected":false},"author":2,"featured_media":0,"parent":35,"menu_order":0,"comment_status":"closed","ping_status":"closed","template":"","meta":{"ngg_post_thumbnail":0,"footnotes":""},"class_list":["post-1727","page","type-page","status-publish","hentry"],"yoast_head":"<!-- This site is optimized with the Yoast SEO plugin v27.5 - https:\/\/yoast.com\/product\/yoast-seo-wordpress\/ -->\n<title>Artistes 2024 - FestivalRem<\/title>\n<meta name=\"robots\" content=\"index, follow, max-snippet:-1, max-image-preview:large, max-video-preview:-1\" \/>\n<link rel=\"canonical\" href=\"https:\/\/festivalrem.eu\/de\/programmation\/programmation-artistes2024\/\" \/>\n<meta property=\"og:locale\" content=\"de_DE\" \/>\n<meta property=\"og:type\" content=\"article\" \/>\n<meta property=\"og:title\" content=\"Artistes 2024 - FestivalRem\" \/>\n<meta property=\"og:description\" content=\"VENDREDI 17 MAI 2024 Pr\u00e9vente 15\u20ac (\u00e0 partir du 17 avril) 19H00 Le groupe Alex Beyrodt and Friends a \u00e9t\u00e9 fond\u00e9 par le guitariste renomm\u00e9 Alex Beyrodt et s&rsquo;est rapidement &hellip; Continue reading Artistes 2024\" \/>\n<meta property=\"og:url\" content=\"https:\/\/festivalrem.eu\/de\/programmation\/programmation-artistes2024\/\" \/>\n<meta property=\"og:site_name\" content=\"FestivalRem\" \/>\n<meta property=\"article:modified_time\" content=\"2025-05-01T19:50:21+00:00\" \/>\n<meta name=\"twitter:card\" content=\"summary_large_image\" \/>\n<meta name=\"twitter:label1\" content=\"Gesch\u00e4tzte Lesezeit\" \/>\n\t<meta name=\"twitter:data1\" content=\"3\u00a0Minuten\" \/>\n<script type=\"application\/ld+json\" class=\"yoast-schema-graph\">{\"@context\":\"https:\\\/\\\/schema.org\",\"@graph\":[{\"@type\":\"WebPage\",\"@id\":\"https:\\\/\\\/festivalrem.eu\\\/programmation\\\/programmation-artistes2024\",\"url\":\"https:\\\/\\\/festivalrem.eu\\\/programmation\\\/programmation-artistes2024\",\"name\":\"Artistes 2024 - FestivalRem\",\"isPartOf\":{\"@id\":\"https:\\\/\\\/festivalrem.eu\\\/#website\"},\"datePublished\":\"2024-04-07T15:30:21+00:00\",\"dateModified\":\"2025-05-01T19:50:21+00:00\",\"breadcrumb\":{\"@id\":\"https:\\\/\\\/festivalrem.eu\\\/programmation\\\/programmation-artistes2024#breadcrumb\"},\"inLanguage\":\"de\",\"potentialAction\":[{\"@type\":\"ReadAction\",\"target\":[\"https:\\\/\\\/festivalrem.eu\\\/programmation\\\/programmation-artistes2024\"]}]},{\"@type\":\"BreadcrumbList\",\"@id\":\"https:\\\/\\\/festivalrem.eu\\\/programmation\\\/programmation-artistes2024#breadcrumb\",\"itemListElement\":[{\"@type\":\"ListItem\",\"position\":1,\"name\":\"Startseite\",\"item\":\"https:\\\/\\\/festivalrem.eu\\\/\"},{\"@type\":\"ListItem\",\"position\":2,\"name\":\"Programmation\",\"item\":\"https:\\\/\\\/festivalrem.eu\\\/programmation\"},{\"@type\":\"ListItem\",\"position\":3,\"name\":\"Artistes 2024\"}]},{\"@type\":\"WebSite\",\"@id\":\"https:\\\/\\\/festivalrem.eu\\\/#website\",\"url\":\"https:\\\/\\\/festivalrem.eu\\\/\",\"name\":\"FestivalRem\",\"description\":\"\",\"potentialAction\":[{\"@type\":\"SearchAction\",\"target\":{\"@type\":\"EntryPoint\",\"urlTemplate\":\"https:\\\/\\\/festivalrem.eu\\\/?s={search_term_string}\"},\"query-input\":{\"@type\":\"PropertyValueSpecification\",\"valueRequired\":true,\"valueName\":\"search_term_string\"}}],\"inLanguage\":\"de\"}]}<\/script>\n<!-- \/ Yoast SEO plugin. -->","yoast_head_json":{"title":"Artistes 2024 - FestivalRem","robots":{"index":"index","follow":"follow","max-snippet":"max-snippet:-1","max-image-preview":"max-image-preview:large","max-video-preview":"max-video-preview:-1"},"canonical":"https:\/\/festivalrem.eu\/de\/programmation\/programmation-artistes2024\/","og_locale":"de_DE","og_type":"article","og_title":"Artistes 2024 - FestivalRem","og_description":"VENDREDI 17 MAI 2024 Pr\u00e9vente 15\u20ac (\u00e0 partir du 17 avril) 19H00 Le groupe Alex Beyrodt and Friends a \u00e9t\u00e9 fond\u00e9 par le guitariste renomm\u00e9 Alex Beyrodt et s&rsquo;est rapidement &hellip; Continue reading Artistes 2024","og_url":"https:\/\/festivalrem.eu\/de\/programmation\/programmation-artistes2024\/","og_site_name":"FestivalRem","article_modified_time":"2025-05-01T19:50:21+00:00","twitter_card":"summary_large_image","twitter_misc":{"Gesch\u00e4tzte Lesezeit":"3\u00a0Minuten"},"schema":{"@context":"https:\/\/schema.org","@graph":[{"@type":"WebPage","@id":"https:\/\/festivalrem.eu\/programmation\/programmation-artistes2024","url":"https:\/\/festivalrem.eu\/programmation\/programmation-artistes2024","name":"Artistes 2024 - FestivalRem","isPartOf":{"@id":"https:\/\/festivalrem.eu\/#website"},"datePublished":"2024-04-07T15:30:21+00:00","dateModified":"2025-05-01T19:50:21+00:00","breadcrumb":{"@id":"https:\/\/festivalrem.eu\/programmation\/programmation-artistes2024#breadcrumb"},"inLanguage":"de","potentialAction":[{"@type":"ReadAction","target":["https:\/\/festivalrem.eu\/programmation\/programmation-artistes2024"]}]},{"@type":"BreadcrumbList","@id":"https:\/\/festivalrem.eu\/programmation\/programmation-artistes2024#breadcrumb","itemListElement":[{"@type":"ListItem","position":1,"name":"Startseite","item":"https:\/\/festivalrem.eu\/"},{"@type":"ListItem","position":2,"name":"Programmation","item":"https:\/\/festivalrem.eu\/programmation"},{"@type":"ListItem","position":3,"name":"Artistes 2024"}]},{"@type":"WebSite","@id":"https:\/\/festivalrem.eu\/#website","url":"https:\/\/festivalrem.eu\/","name":"FestivalRem","description":"","potentialAction":[{"@type":"SearchAction","target":{"@type":"EntryPoint","urlTemplate":"https:\/\/festivalrem.eu\/?s={search_term_string}"},"query-input":{"@type":"PropertyValueSpecification","valueRequired":true,"valueName":"search_term_string"}}],"inLanguage":"de"}]}},"_links":{"self":[{"href":"https:\/\/festivalrem.eu\/de\/wp-json\/wp\/v2\/pages\/1727","targetHints":{"allow":["GET"]}}],"collection":[{"href":"https:\/\/festivalrem.eu\/de\/wp-json\/wp\/v2\/pages"}],"about":[{"href":"https:\/\/festivalrem.eu\/de\/wp-json\/wp\/v2\/types\/page"}],"author":[{"embeddable":true,"href":"https:\/\/festivalrem.eu\/de\/wp-json\/wp\/v2\/users\/2"}],"replies":[{"embeddable":true,"href":"https:\/\/festivalrem.eu\/de\/wp-json\/wp\/v2\/comments?post=1727"}],"version-history":[{"count":5,"href":"https:\/\/festivalrem.eu\/de\/wp-json\/wp\/v2\/pages\/1727\/revisions"}],"predecessor-version":[{"id":1885,"href":"https:\/\/festivalrem.eu\/de\/wp-json\/wp\/v2\/pages\/1727\/revisions\/1885"}],"up":[{"embeddable":true,"href":"https:\/\/festivalrem.eu\/de\/wp-json\/wp\/v2\/pages\/35"}],"wp:attachment":[{"href":"https:\/\/festivalrem.eu\/de\/wp-json\/wp\/v2\/media?parent=1727"}],"curies":[{"name":"wp","href":"https:\/\/api.w.org\/{rel}","templated":true}]}}