{"id":1455,"date":"2023-02-16T09:39:00","date_gmt":"2023-02-16T09:39:00","guid":{"rendered":"https:\/\/festivalrem.eu\/?page_id=1455"},"modified":"2023-05-10T10:13:00","modified_gmt":"2023-05-10T10:13:00","slug":"artistes-2023","status":"publish","type":"page","link":"https:\/\/festivalrem.eu\/de\/artistes-2023","title":{"rendered":"Artistes 2023"},"content":{"rendered":"<h1 style=\"text-align: center;\"><strong>SAMEDI 27 MAI 2023<\/strong><\/h1>\n<p style=\"text-align: center;\">Entr\u00e9e gratuite !<\/p>\n<strong><!-- \/wp:post-content --><!-- wp:paragraph {\"align\":\"center\"} --><\/strong>\n<h3 class=\"has-text-align-center\" style=\"text-align: center;\">Vers 19h00<\/h3>\n<h3 class=\"has-text-align-center\" style=\"text-align: center;\">Fanfare Saint Pierre de R\u00e9melfing<\/h3>\n<p style=\"text-align: center;\">La Fanfare Saint Pierre de R\u00e9melfing est une habitu\u00e9e de la sc\u00e8ne de R\u00e9melfing en Musique.<\/p>\n<p style=\"text-align: center;\">Elle nous soutiendra encore cette ann\u00e9e et ses musiciens nous feront le plaisir d\u2019ouvrir, en fanfare, les festivit\u00e9s.<\/p>\n<p style=\"text-align: center;\"><a href=\"https:\/\/dschwart1.wixsite.com\/fanfare-st-pierre\">https:\/\/dschwart1.wixsite.com\/fanfare-st-pierre<\/a><\/p>\n&nbsp;\n<h3 class=\"has-text-align-center\" style=\"text-align: center;\">20h00<\/h3>\n<h3 class=\"has-text-align-center\" style=\"text-align: center;\">PILS N LOVE<\/h3>\n<h3 class=\"has-text-align-center\" style=\"text-align: center;\">Moselle, punk rock<\/h3>\n<p style=\"text-align: center;\">Le groupe Pils N Love est un groupe de punk rock compos\u00e9 de 4 musiciens issu de Sarreguemines et alentours. Il reprend et interpr\u00e8te les classiques de la sc\u00e8ne musicale fran\u00e7aise (T\u00e9l\u00e9phone, Matmatah, Hubert F\u00e9lix, Thi\u00e9faine), anglo-am\u00e9ricaine (Green Day, The Offspring, Animals, Nirvana) et de la sc\u00e8ne pop\/\u00e9lectro en version rock ainsi que des propres compositions.<\/p>\n<p style=\"text-align: center;\"><a href=\"https:\/\/www.facebook.com\/profile.php?id=100064064203381\">https:\/\/www.facebook.com\/profile.php?id=100064064203381<\/a><\/p>\n<p style=\"text-align: center;\"><a href=\"https:\/\/www.youtube.com\/watch?app=desktop&amp;v=5MGsnF_oDlc\">https:\/\/www.youtube.com\/watch?app=desktop&amp;v=5MGsnF_oDlc<\/a><\/p>\n\n<h3 style=\"text-align: center;\"><img fetchpriority=\"high\" decoding=\"async\" class=\"alignnone size-medium wp-image-1475\" src=\"https:\/\/festivalrem.eu\/wp-content\/uploads\/2023\/02\/DSC_0523-Copie-300x200.jpeg\" alt=\"\" width=\"300\" height=\"200\" srcset=\"https:\/\/festivalrem.eu\/wp-content\/uploads\/2023\/02\/DSC_0523-Copie-300x200.jpeg 300w, https:\/\/festivalrem.eu\/wp-content\/uploads\/2023\/02\/DSC_0523-Copie-1024x683.jpeg 1024w, https:\/\/festivalrem.eu\/wp-content\/uploads\/2023\/02\/DSC_0523-Copie-768x512.jpeg 768w, https:\/\/festivalrem.eu\/wp-content\/uploads\/2023\/02\/DSC_0523-Copie-1536x1024.jpeg 1536w, https:\/\/festivalrem.eu\/wp-content\/uploads\/2023\/02\/DSC_0523-Copie-2048x1365.jpeg 2048w, https:\/\/festivalrem.eu\/wp-content\/uploads\/2023\/02\/DSC_0523-Copie-18x12.jpeg 18w, https:\/\/festivalrem.eu\/wp-content\/uploads\/2023\/02\/DSC_0523-Copie-24x16.jpeg 24w, https:\/\/festivalrem.eu\/wp-content\/uploads\/2023\/02\/DSC_0523-Copie-36x24.jpeg 36w, https:\/\/festivalrem.eu\/wp-content\/uploads\/2023\/02\/DSC_0523-Copie-48x32.jpeg 48w, https:\/\/festivalrem.eu\/wp-content\/uploads\/2023\/02\/DSC_0523-Copie-1200x800.jpeg 1200w\" sizes=\"(max-width: 300px) 100vw, 300px\" \/><\/h3>\n<h3 style=\"text-align: center;\">21h10<\/h3>\n<h3 class=\"has-text-align-center\" style=\"text-align: center;\"><strong>SEE U AT SUNSET<\/strong><\/h3>\n<h3 class=\"has-text-align-center\" style=\"text-align: center;\"><strong>Moselle, Electro rock<\/strong><\/h3>\n<p style=\"text-align: center;\">C&rsquo;est un groupe d\u2019Electro-Rock form\u00e9 en 2018 par Fr\u00e9d\u00e9ric Labudka (chant, guitare, piano, percussions, programmation) et Gr\u00e9gory Romming (basse, percussions).<\/p>\n<p style=\"text-align: center;\">La musique de SYAS est \u00e0 la fois ancr\u00e9e dans les racines du Rock (U2, Queen, Nirvana, Muse, Linkin Park) et proche des musiques Electro-Pop (Twenty One Pilots, Thirty Seconds to Mars, Panic! At The Disco), ce qui contribue \u00e0 cr\u00e9er l\u2019identit\u00e9 musicale forte et unique du groupe. Ses textes revendicateurs sont \u00e0 l\u2019image de sa musique, charg\u00e9s en \u00e9motions et nourris d\u2019espoir. Se battre pour ses r\u00eaves et oeuvrer pour un avenir meilleur gr\u00e2ce \u00e0 une prise de conscience conscience collective, le groupe vous garantit qu\u2019il sera au rendez-vous.<\/p>\n<p style=\"text-align: center;\"><a href=\"https:\/\/seeyouatsunset.com\/\">https:\/\/seeyouatsunset.com\/<\/a><\/p>\n<p style=\"text-align: center;\"><a href=\"https:\/\/www.facebook.com\/SeeYouAtSunsetBand\">https:\/\/www.facebook.com\/SeeYouAtSunsetBand<\/a><\/p>\n<iframe title=\"See You At Sunset Teaser 2022\" width=\"847\" height=\"476\" src=\"https:\/\/www.youtube.com\/embed\/whsa-6ydAr0?start=10&#038;feature=oembed\" frameborder=\"0\" allow=\"accelerometer; autoplay; clipboard-write; encrypted-media; gyroscope; picture-in-picture; web-share\" allowfullscreen><\/iframe>\n<h3 style=\"text-align: center;\">22h20<\/h3>\n<h3 class=\"has-text-align-center\" style=\"text-align: center;\"><strong>THE NEW SCREAMERS FEAT THOMAS BLUG<\/strong><\/h3>\n<h3 class=\"has-text-align-center\" style=\"text-align: center;\"><strong>Sarre, classic rock reloaded<\/strong><\/h3>\n<p style=\"text-align: center;\">Faire revivre les grandes chansons de l&rsquo;histoire de la musique comme elles l&rsquo;\u00e9taient \u00e0 l&rsquo;\u00e9poque des origines du rock et de la pop, c&rsquo;est ce que les New Screamers r\u00e9ussissent \u00e0 faire, toujours sans effort. Ils interpr\u00e8tent avec brio les chansons presque oubli\u00e9es des plus grands, comme Do you feel like we do de Peter Frampton ou Grape Wine de CCR, ainsi que Papa was a Rolling Stone des Temtations.<\/p>\n<p style=\"text-align: center;\">Les musiciens sont des ma\u00eetres dans leur domaine et se sont d\u00e9j\u00e0 produits sur les grandes sc\u00e8nes nationales et internationales, notamment le talentueux guitariste Thomas Blug.<\/p>\n<p style=\"text-align: center;\"><a href=\"https:\/\/www.facebook.com\/groups\/245354462254690\/\">https:\/\/www.facebook.com\/groups\/245354462254690\/<\/a><\/p>\n<iframe title=\"The New Screamers &amp; Thomas Blug \/ Saarbr\u00fccken 2017\" width=\"847\" height=\"476\" src=\"https:\/\/www.youtube.com\/embed\/_S-z-xQ_pck?feature=oembed\" frameborder=\"0\" allow=\"accelerometer; autoplay; clipboard-write; encrypted-media; gyroscope; picture-in-picture; web-share\" allowfullscreen><\/iframe>\n<p style=\"text-align: center;\">.<\/p>\n\n<h3 style=\"text-align: center;\">23h30<\/h3>\n<h3 class=\"has-text-align-center\" style=\"text-align: center;\"><strong>DISCO INFERNO<\/strong><\/h3>\n<h3 class=\"has-text-align-center\" style=\"text-align: center;\"><strong>Sarre, ambiance disco<\/strong><\/h3>\n<p style=\"text-align: center;\">La formation sarroise de 9 personnes, qui impressionne par sa composition classique avec batterie, basse, guitare et clavier, mais aussi par sa triple section de cuivres et son chant principal f\u00e9minin et masculin, est compos\u00e9e de musiciens et de chanteurs connus de la r\u00e9gion.\nAvec des classiques comme \u00ab\u00a0Car wash\u00a0\u00bb, \u00ab\u00a0That&rsquo;s the way I like it\u00a0\u00bb, \u00ab\u00a0Le Freak\u00a0\u00bb, \u00ab\u00a0Lady Marmelade\u00a0\u00bb, \u00ab\u00a0Superstition\u00a0\u00bb et bien d&rsquo;autres smash hits de l&rsquo;\u00e9poque, \u00ab\u00a0Disco Inferno\u00a0\u00bb transforme chaque concert en une grande f\u00eate funk et disco color\u00e9e des ann\u00e9es 70 ; pour vibrer, danser et faire la f\u00eate, mais aussi pour \u00e9couter et savourer.<\/p>\n<p style=\"text-align: center;\"><a href=\"https:\/\/www.discoinferno.info\/\">https:\/\/www.discoinferno.info\/<\/a><\/p>\n<iframe title=\"&quot;DISCO INFERNO&quot; - Medley 9-3.18 Saarbr\u00fccken\" width=\"847\" height=\"476\" src=\"https:\/\/www.youtube.com\/embed\/oSrEP2tJj5Y?feature=oembed\" frameborder=\"0\" allow=\"accelerometer; autoplay; clipboard-write; encrypted-media; gyroscope; picture-in-picture; web-share\" allowfullscreen><\/iframe>\n\n&nbsp;\n<p style=\"text-align: center;\"><!-- \/wp:paragraph --><\/p>\n<!-- wp:paragraph -->\n\n<!-- \/wp:paragraph -->","protected":false},"excerpt":{"rendered":"<p>SAMEDI 27 MAI 2023 Entr\u00e9e gratuite ! Vers 19h00 Fanfare Saint Pierre de R\u00e9melfing La Fanfare Saint Pierre de R\u00e9melfing est une habitu\u00e9e de la sc\u00e8ne de R\u00e9melfing en Musique. &hellip; <a href=\"https:\/\/festivalrem.eu\/de\/artistes-2023\" class=\"more-link\">Continue reading <span class=\"screen-reader-text\">Artistes 2023<\/span><\/a><\/p>","protected":false},"author":2,"featured_media":0,"parent":0,"menu_order":0,"comment_status":"closed","ping_status":"closed","template":"","meta":{"ngg_post_thumbnail":0,"footnotes":""},"class_list":["post-1455","page","type-page","status-publish","hentry"],"yoast_head":"<!-- This site is optimized with the Yoast SEO plugin v27.6 - https:\/\/yoast.com\/product\/yoast-seo-wordpress\/ -->\n<title>Artistes 2023 - FestivalRem<\/title>\n<meta name=\"robots\" content=\"index, follow, max-snippet:-1, max-image-preview:large, max-video-preview:-1\" \/>\n<link rel=\"canonical\" href=\"https:\/\/festivalrem.eu\/de\/artistes-2023\/\" \/>\n<meta property=\"og:locale\" content=\"de_DE\" \/>\n<meta property=\"og:type\" content=\"article\" \/>\n<meta property=\"og:title\" content=\"Artistes 2023 - FestivalRem\" \/>\n<meta property=\"og:description\" content=\"SAMEDI 27 MAI 2023 Entr\u00e9e gratuite ! Vers 19h00 Fanfare Saint Pierre de R\u00e9melfing La Fanfare Saint Pierre de R\u00e9melfing est une habitu\u00e9e de la sc\u00e8ne de R\u00e9melfing en Musique. &hellip; Continue reading Artistes 2023\" \/>\n<meta property=\"og:url\" content=\"https:\/\/festivalrem.eu\/de\/artistes-2023\/\" \/>\n<meta property=\"og:site_name\" content=\"FestivalRem\" \/>\n<meta property=\"article:modified_time\" content=\"2023-05-10T10:13:00+00:00\" \/>\n<meta property=\"og:image\" content=\"https:\/\/festivalrem.eu\/wp-content\/uploads\/2023\/02\/DSC_0523-Copie-300x200.jpeg\" \/>\n<meta name=\"twitter:card\" content=\"summary_large_image\" \/>\n<meta name=\"twitter:label1\" content=\"Gesch\u00e4tzte Lesezeit\" \/>\n\t<meta name=\"twitter:data1\" content=\"3\u00a0Minuten\" \/>\n<script type=\"application\/ld+json\" class=\"yoast-schema-graph\">{\"@context\":\"https:\\\/\\\/schema.org\",\"@graph\":[{\"@type\":\"WebPage\",\"@id\":\"https:\\\/\\\/festivalrem.eu\\\/artistes-2023\",\"url\":\"https:\\\/\\\/festivalrem.eu\\\/artistes-2023\",\"name\":\"Artistes 2023 - FestivalRem\",\"isPartOf\":{\"@id\":\"https:\\\/\\\/festivalrem.eu\\\/#website\"},\"primaryImageOfPage\":{\"@id\":\"https:\\\/\\\/festivalrem.eu\\\/artistes-2023#primaryimage\"},\"image\":{\"@id\":\"https:\\\/\\\/festivalrem.eu\\\/artistes-2023#primaryimage\"},\"thumbnailUrl\":\"https:\\\/\\\/festivalrem.eu\\\/wp-content\\\/uploads\\\/2023\\\/02\\\/DSC_0523-Copie-300x200.jpeg\",\"datePublished\":\"2023-02-16T09:39:00+00:00\",\"dateModified\":\"2023-05-10T10:13:00+00:00\",\"breadcrumb\":{\"@id\":\"https:\\\/\\\/festivalrem.eu\\\/artistes-2023#breadcrumb\"},\"inLanguage\":\"de\",\"potentialAction\":[{\"@type\":\"ReadAction\",\"target\":[\"https:\\\/\\\/festivalrem.eu\\\/artistes-2023\"]}]},{\"@type\":\"ImageObject\",\"inLanguage\":\"de\",\"@id\":\"https:\\\/\\\/festivalrem.eu\\\/artistes-2023#primaryimage\",\"url\":\"https:\\\/\\\/festivalrem.eu\\\/wp-content\\\/uploads\\\/2023\\\/02\\\/DSC_0523-Copie-300x200.jpeg\",\"contentUrl\":\"https:\\\/\\\/festivalrem.eu\\\/wp-content\\\/uploads\\\/2023\\\/02\\\/DSC_0523-Copie-300x200.jpeg\"},{\"@type\":\"BreadcrumbList\",\"@id\":\"https:\\\/\\\/festivalrem.eu\\\/artistes-2023#breadcrumb\",\"itemListElement\":[{\"@type\":\"ListItem\",\"position\":1,\"name\":\"Startseite\",\"item\":\"https:\\\/\\\/festivalrem.eu\\\/\"},{\"@type\":\"ListItem\",\"position\":2,\"name\":\"Artistes 2023\"}]},{\"@type\":\"WebSite\",\"@id\":\"https:\\\/\\\/festivalrem.eu\\\/#website\",\"url\":\"https:\\\/\\\/festivalrem.eu\\\/\",\"name\":\"FestivalRem\",\"description\":\"\",\"potentialAction\":[{\"@type\":\"SearchAction\",\"target\":{\"@type\":\"EntryPoint\",\"urlTemplate\":\"https:\\\/\\\/festivalrem.eu\\\/?s={search_term_string}\"},\"query-input\":{\"@type\":\"PropertyValueSpecification\",\"valueRequired\":true,\"valueName\":\"search_term_string\"}}],\"inLanguage\":\"de\"}]}<\/script>\n<!-- \/ Yoast SEO plugin. -->","yoast_head_json":{"title":"Artistes 2023 - FestivalRem","robots":{"index":"index","follow":"follow","max-snippet":"max-snippet:-1","max-image-preview":"max-image-preview:large","max-video-preview":"max-video-preview:-1"},"canonical":"https:\/\/festivalrem.eu\/de\/artistes-2023\/","og_locale":"de_DE","og_type":"article","og_title":"Artistes 2023 - FestivalRem","og_description":"SAMEDI 27 MAI 2023 Entr\u00e9e gratuite ! Vers 19h00 Fanfare Saint Pierre de R\u00e9melfing La Fanfare Saint Pierre de R\u00e9melfing est une habitu\u00e9e de la sc\u00e8ne de R\u00e9melfing en Musique. &hellip; Continue reading Artistes 2023","og_url":"https:\/\/festivalrem.eu\/de\/artistes-2023\/","og_site_name":"FestivalRem","article_modified_time":"2023-05-10T10:13:00+00:00","og_image":[{"url":"https:\/\/festivalrem.eu\/wp-content\/uploads\/2023\/02\/DSC_0523-Copie-300x200.jpeg","type":"","width":"","height":""}],"twitter_card":"summary_large_image","twitter_misc":{"Gesch\u00e4tzte Lesezeit":"3\u00a0Minuten"},"schema":{"@context":"https:\/\/schema.org","@graph":[{"@type":"WebPage","@id":"https:\/\/festivalrem.eu\/artistes-2023","url":"https:\/\/festivalrem.eu\/artistes-2023","name":"Artistes 2023 - FestivalRem","isPartOf":{"@id":"https:\/\/festivalrem.eu\/#website"},"primaryImageOfPage":{"@id":"https:\/\/festivalrem.eu\/artistes-2023#primaryimage"},"image":{"@id":"https:\/\/festivalrem.eu\/artistes-2023#primaryimage"},"thumbnailUrl":"https:\/\/festivalrem.eu\/wp-content\/uploads\/2023\/02\/DSC_0523-Copie-300x200.jpeg","datePublished":"2023-02-16T09:39:00+00:00","dateModified":"2023-05-10T10:13:00+00:00","breadcrumb":{"@id":"https:\/\/festivalrem.eu\/artistes-2023#breadcrumb"},"inLanguage":"de","potentialAction":[{"@type":"ReadAction","target":["https:\/\/festivalrem.eu\/artistes-2023"]}]},{"@type":"ImageObject","inLanguage":"de","@id":"https:\/\/festivalrem.eu\/artistes-2023#primaryimage","url":"https:\/\/festivalrem.eu\/wp-content\/uploads\/2023\/02\/DSC_0523-Copie-300x200.jpeg","contentUrl":"https:\/\/festivalrem.eu\/wp-content\/uploads\/2023\/02\/DSC_0523-Copie-300x200.jpeg"},{"@type":"BreadcrumbList","@id":"https:\/\/festivalrem.eu\/artistes-2023#breadcrumb","itemListElement":[{"@type":"ListItem","position":1,"name":"Startseite","item":"https:\/\/festivalrem.eu\/"},{"@type":"ListItem","position":2,"name":"Artistes 2023"}]},{"@type":"WebSite","@id":"https:\/\/festivalrem.eu\/#website","url":"https:\/\/festivalrem.eu\/","name":"FestivalRem","description":"","potentialAction":[{"@type":"SearchAction","target":{"@type":"EntryPoint","urlTemplate":"https:\/\/festivalrem.eu\/?s={search_term_string}"},"query-input":{"@type":"PropertyValueSpecification","valueRequired":true,"valueName":"search_term_string"}}],"inLanguage":"de"}]}},"_links":{"self":[{"href":"https:\/\/festivalrem.eu\/de\/wp-json\/wp\/v2\/pages\/1455","targetHints":{"allow":["GET"]}}],"collection":[{"href":"https:\/\/festivalrem.eu\/de\/wp-json\/wp\/v2\/pages"}],"about":[{"href":"https:\/\/festivalrem.eu\/de\/wp-json\/wp\/v2\/types\/page"}],"author":[{"embeddable":true,"href":"https:\/\/festivalrem.eu\/de\/wp-json\/wp\/v2\/users\/2"}],"replies":[{"embeddable":true,"href":"https:\/\/festivalrem.eu\/de\/wp-json\/wp\/v2\/comments?post=1455"}],"version-history":[{"count":6,"href":"https:\/\/festivalrem.eu\/de\/wp-json\/wp\/v2\/pages\/1455\/revisions"}],"predecessor-version":[{"id":1560,"href":"https:\/\/festivalrem.eu\/de\/wp-json\/wp\/v2\/pages\/1455\/revisions\/1560"}],"wp:attachment":[{"href":"https:\/\/festivalrem.eu\/de\/wp-json\/wp\/v2\/media?parent=1455"}],"curies":[{"name":"wp","href":"https:\/\/api.w.org\/{rel}","templated":true}]}}