{"id":1190,"date":"2019-08-20T19:23:57","date_gmt":"2019-08-20T19:23:57","guid":{"rendered":"https:\/\/festivalrem.eu\/?page_id=1190"},"modified":"2023-02-10T08:30:39","modified_gmt":"2023-02-10T08:30:39","slug":"artistes2020","status":"publish","type":"page","link":"https:\/\/festivalrem.eu\/de\/programmation\/artistes2020","title":{"rendered":"Artistes 2022"},"content":{"rendered":"<h1 style=\"text-align: center;\"><strong>SAMEDI 4 JUIN 2022<\/strong><\/h1>\n<p style=\"text-align: center;\">Entr\u00e9e gratuite !<\/p>\n<strong><!-- \/wp:post-content --><!-- wp:paragraph {\"align\":\"center\"} --><\/strong>\n<h3 class=\"has-text-align-center\" style=\"text-align: center;\">Vers 19h30<\/h3>\n<h3 class=\"has-text-align-center\" style=\"text-align: center;\">Fanfare Saint Pierre de R\u00e9melfing<\/h3>\n<p style=\"text-align: center;\">La Fanfare Saint Pierre de R\u00e9melfing est une habitu\u00e9e de la sc\u00e8ne de R\u00e9melfing en Musique.<\/p>\n<p style=\"text-align: center;\">Elle nous soutiendra encore cette ann\u00e9e et ses musiciens nous feront le plaisir d\u2019ouvrir, en fanfare, les festivit\u00e9s.<\/p>\n&nbsp;\n<h3 class=\"has-text-align-center\" style=\"text-align: center;\">20h00<\/h3>\n<h3 class=\"has-text-align-center\" style=\"text-align: center;\">DREAMER, Tribute to Supertramp<\/h3>\n<h3 class=\"has-text-align-center\" style=\"text-align: center;\">Sarrebruck, rock<\/h3>\n<p style=\"text-align: center;\">Le groupe Dreamer nous avait d\u00e9j\u00e0 fait r\u00eaver lors du festival de 2011. Cette ann\u00e9e pour l\u2019\u00e9dition 2022, ils reviennent&nbsp;!<\/p>\n<p style=\"text-align: center;\"><strong>&nbsp;<\/strong>Ce groupe sarrois, compos\u00e9 de sept artistes, a pour vocation de nous faire entendre ou tr\u00e8s probablement r\u00e9entendre les classiques de Supertramp. Le groupe se fie aux arrangements originaux de Supertramp et nous offre un vrai show aussi bien musical que visuel, pour nous plonger dans l\u2019Univers Supertramp version Dreamer.<\/p>\n<p style=\"text-align: center;\"><a href=\"http:\/\/www.dreamer-supertramp.de\/band%20Site\/Willkommen.html\" target=\"_blank\" rel=\"noopener\">http:\/\/www.dreamer-supertramp.de\/band%20Site\/Willkommen.html<\/a><\/p>\n<p style=\"text-align: center;\"><a href=\"https:\/\/www.youtube.com\/watch?v=yX89b-jcVic\" target=\"_blank\" rel=\"noopener\">https:\/\/www.youtube.com\/watch?v=yX89b-jcVic<\/a><\/p>\n<iframe title=\"Dreamer-Supertramp Trailer\" width=\"847\" height=\"476\" src=\"https:\/\/www.youtube.com\/embed\/yX89b-jcVic?feature=oembed\" frameborder=\"0\" allow=\"accelerometer; autoplay; clipboard-write; encrypted-media; gyroscope; picture-in-picture; web-share\" allowfullscreen><\/iframe>\n<h3>&nbsp;<\/h3>\n<h3 style=\"text-align: center;\">22h00<\/h3>\n<h3 class=\"has-text-align-center\" style=\"text-align: center;\"><strong>DUDES OF GROOVE SOCIETY<\/strong><\/h3>\n<h3 class=\"has-text-align-center\" style=\"text-align: center;\"><strong>\nStrasbourg, New Funk music<\/strong><\/h3>\n<p style=\"text-align: center;\">Dudes Of Groove Society alias D.O.G.S , le band \u00e0 la t\u00eate&nbsp;de chien se forme \u00e0 Strasbourg. Les Dudes, c\u2019est les&nbsp;survivants d\u2019une culture archa\u00efque, \u00e9lev\u00e9s aux comics et&nbsp;aux bornes arcades en qu\u00eate de l\u2019effet domino qui&nbsp;arrachera leur cul du canap\u00e9. Les d\u00e9s sont jet\u00e9s, pour eux&nbsp;ce sera la musique ! Et pas n\u2019importe laquelle\u2026 Leur coeur&nbsp;est br\u00fblant, les gars ont besoin d\u2019action, ils adoptent la new&nbsp;funk music! Section rythmique, chanteur hip hop soul,&nbsp;cuivres, samples\u2026 La recette existe, mais les gars donnent&nbsp;le ton, pas de ligne \u00e0 suivre, ils feront ce qu\u2019ils veulent. Les&nbsp;sonorit\u00e9s sont fra\u00eeches et \u00e9lectriques, le groove est&nbsp;organique, inimitable et alimente la fureur du live.<\/p>\n<p style=\"text-align: center;\"><a href=\"https:\/\/www.dudes-of-groove-society.com\" target=\"_blank\" rel=\"noopener\">https:\/\/www.dudes-of-groove-society.com<\/a><\/p>\n<p style=\"text-align: center;\"><a href=\"https:\/\/www.youtube.com\/watch?v=I_xf_2gryrE\" target=\"_blank\" rel=\"noopener\">https:\/\/www.youtube.com\/watch?v=I_xf_2gryrE<\/a><\/p>\n<p style=\"text-align: center;\"><a href=\"https:\/\/www.youtube.com\/watch?v=ynWVO6GQrLg&amp;list=PLPd_0-AnEGGpdZA9ZmkwCyz61hfA-5U0X\" target=\"_blank\" rel=\"noopener\">https:\/\/www.youtube.com\/watch?v=ynWVO6GQrLg&amp;list=PLPd_0-AnEGGpdZA9ZmkwCyz61hfA-5U0X<\/a><\/p>\n<iframe title=\"Live DOGS - Dudes of Groove Society\" width=\"847\" height=\"476\" src=\"https:\/\/www.youtube.com\/embed\/I_xf_2gryrE?feature=oembed\" frameborder=\"0\" allow=\"accelerometer; autoplay; clipboard-write; encrypted-media; gyroscope; picture-in-picture; web-share\" referrerpolicy=\"strict-origin-when-cross-origin\" allowfullscreen><\/iframe>\n<p style=\"text-align: center;\"><!-- \/wp:paragraph --><\/p>","protected":false},"excerpt":{"rendered":"<p>SAMEDI 4 JUIN 2022 Entr\u00e9e gratuite ! Vers 19h30 Fanfare Saint Pierre de R\u00e9melfing La Fanfare Saint Pierre de R\u00e9melfing est une habitu\u00e9e de la sc\u00e8ne de R\u00e9melfing en Musique. &hellip; <a href=\"https:\/\/festivalrem.eu\/de\/programmation\/artistes2020\" class=\"more-link\">Continue reading <span class=\"screen-reader-text\">Artistes 2022<\/span><\/a><\/p>","protected":false},"author":2,"featured_media":0,"parent":35,"menu_order":2,"comment_status":"closed","ping_status":"closed","template":"","meta":{"ngg_post_thumbnail":0,"footnotes":""},"class_list":["post-1190","page","type-page","status-publish","hentry"],"yoast_head":"<!-- This site is optimized with the Yoast SEO plugin v27.6 - https:\/\/yoast.com\/product\/yoast-seo-wordpress\/ -->\n<title>Artistes 2022 - FestivalRem<\/title>\n<meta name=\"robots\" content=\"index, follow, max-snippet:-1, max-image-preview:large, max-video-preview:-1\" \/>\n<link rel=\"canonical\" href=\"https:\/\/festivalrem.eu\/de\/programmation\/artistes2020\/\" \/>\n<meta property=\"og:locale\" content=\"de_DE\" \/>\n<meta property=\"og:type\" content=\"article\" \/>\n<meta property=\"og:title\" content=\"Artistes 2022 - FestivalRem\" \/>\n<meta property=\"og:description\" content=\"SAMEDI 4 JUIN 2022 Entr\u00e9e gratuite ! Vers 19h30 Fanfare Saint Pierre de R\u00e9melfing La Fanfare Saint Pierre de R\u00e9melfing est une habitu\u00e9e de la sc\u00e8ne de R\u00e9melfing en Musique. &hellip; Continue reading Artistes 2022\" \/>\n<meta property=\"og:url\" content=\"https:\/\/festivalrem.eu\/de\/programmation\/artistes2020\/\" \/>\n<meta property=\"og:site_name\" content=\"FestivalRem\" \/>\n<meta property=\"article:modified_time\" content=\"2023-02-10T08:30:39+00:00\" \/>\n<meta name=\"twitter:card\" content=\"summary_large_image\" \/>\n<meta name=\"twitter:label1\" content=\"Gesch\u00e4tzte Lesezeit\" \/>\n\t<meta name=\"twitter:data1\" content=\"2\u00a0Minuten\" \/>\n<script type=\"application\/ld+json\" class=\"yoast-schema-graph\">{\"@context\":\"https:\\\/\\\/schema.org\",\"@graph\":[{\"@type\":\"WebPage\",\"@id\":\"https:\\\/\\\/festivalrem.eu\\\/programmation\\\/artistes2020\",\"url\":\"https:\\\/\\\/festivalrem.eu\\\/programmation\\\/artistes2020\",\"name\":\"Artistes 2022 - FestivalRem\",\"isPartOf\":{\"@id\":\"https:\\\/\\\/festivalrem.eu\\\/#website\"},\"datePublished\":\"2019-08-20T19:23:57+00:00\",\"dateModified\":\"2023-02-10T08:30:39+00:00\",\"breadcrumb\":{\"@id\":\"https:\\\/\\\/festivalrem.eu\\\/programmation\\\/artistes2020#breadcrumb\"},\"inLanguage\":\"de\",\"potentialAction\":[{\"@type\":\"ReadAction\",\"target\":[\"https:\\\/\\\/festivalrem.eu\\\/programmation\\\/artistes2020\"]}]},{\"@type\":\"BreadcrumbList\",\"@id\":\"https:\\\/\\\/festivalrem.eu\\\/programmation\\\/artistes2020#breadcrumb\",\"itemListElement\":[{\"@type\":\"ListItem\",\"position\":1,\"name\":\"Startseite\",\"item\":\"https:\\\/\\\/festivalrem.eu\\\/\"},{\"@type\":\"ListItem\",\"position\":2,\"name\":\"Programmation\",\"item\":\"https:\\\/\\\/festivalrem.eu\\\/programmation\"},{\"@type\":\"ListItem\",\"position\":3,\"name\":\"Artistes 2022\"}]},{\"@type\":\"WebSite\",\"@id\":\"https:\\\/\\\/festivalrem.eu\\\/#website\",\"url\":\"https:\\\/\\\/festivalrem.eu\\\/\",\"name\":\"FestivalRem\",\"description\":\"\",\"potentialAction\":[{\"@type\":\"SearchAction\",\"target\":{\"@type\":\"EntryPoint\",\"urlTemplate\":\"https:\\\/\\\/festivalrem.eu\\\/?s={search_term_string}\"},\"query-input\":{\"@type\":\"PropertyValueSpecification\",\"valueRequired\":true,\"valueName\":\"search_term_string\"}}],\"inLanguage\":\"de\"}]}<\/script>\n<!-- \/ Yoast SEO plugin. -->","yoast_head_json":{"title":"Artistes 2022 - FestivalRem","robots":{"index":"index","follow":"follow","max-snippet":"max-snippet:-1","max-image-preview":"max-image-preview:large","max-video-preview":"max-video-preview:-1"},"canonical":"https:\/\/festivalrem.eu\/de\/programmation\/artistes2020\/","og_locale":"de_DE","og_type":"article","og_title":"Artistes 2022 - FestivalRem","og_description":"SAMEDI 4 JUIN 2022 Entr\u00e9e gratuite ! Vers 19h30 Fanfare Saint Pierre de R\u00e9melfing La Fanfare Saint Pierre de R\u00e9melfing est une habitu\u00e9e de la sc\u00e8ne de R\u00e9melfing en Musique. &hellip; Continue reading Artistes 2022","og_url":"https:\/\/festivalrem.eu\/de\/programmation\/artistes2020\/","og_site_name":"FestivalRem","article_modified_time":"2023-02-10T08:30:39+00:00","twitter_card":"summary_large_image","twitter_misc":{"Gesch\u00e4tzte Lesezeit":"2\u00a0Minuten"},"schema":{"@context":"https:\/\/schema.org","@graph":[{"@type":"WebPage","@id":"https:\/\/festivalrem.eu\/programmation\/artistes2020","url":"https:\/\/festivalrem.eu\/programmation\/artistes2020","name":"Artistes 2022 - FestivalRem","isPartOf":{"@id":"https:\/\/festivalrem.eu\/#website"},"datePublished":"2019-08-20T19:23:57+00:00","dateModified":"2023-02-10T08:30:39+00:00","breadcrumb":{"@id":"https:\/\/festivalrem.eu\/programmation\/artistes2020#breadcrumb"},"inLanguage":"de","potentialAction":[{"@type":"ReadAction","target":["https:\/\/festivalrem.eu\/programmation\/artistes2020"]}]},{"@type":"BreadcrumbList","@id":"https:\/\/festivalrem.eu\/programmation\/artistes2020#breadcrumb","itemListElement":[{"@type":"ListItem","position":1,"name":"Startseite","item":"https:\/\/festivalrem.eu\/"},{"@type":"ListItem","position":2,"name":"Programmation","item":"https:\/\/festivalrem.eu\/programmation"},{"@type":"ListItem","position":3,"name":"Artistes 2022"}]},{"@type":"WebSite","@id":"https:\/\/festivalrem.eu\/#website","url":"https:\/\/festivalrem.eu\/","name":"FestivalRem","description":"","potentialAction":[{"@type":"SearchAction","target":{"@type":"EntryPoint","urlTemplate":"https:\/\/festivalrem.eu\/?s={search_term_string}"},"query-input":{"@type":"PropertyValueSpecification","valueRequired":true,"valueName":"search_term_string"}}],"inLanguage":"de"}]}},"_links":{"self":[{"href":"https:\/\/festivalrem.eu\/de\/wp-json\/wp\/v2\/pages\/1190","targetHints":{"allow":["GET"]}}],"collection":[{"href":"https:\/\/festivalrem.eu\/de\/wp-json\/wp\/v2\/pages"}],"about":[{"href":"https:\/\/festivalrem.eu\/de\/wp-json\/wp\/v2\/types\/page"}],"author":[{"embeddable":true,"href":"https:\/\/festivalrem.eu\/de\/wp-json\/wp\/v2\/users\/2"}],"replies":[{"embeddable":true,"href":"https:\/\/festivalrem.eu\/de\/wp-json\/wp\/v2\/comments?post=1190"}],"version-history":[{"count":25,"href":"https:\/\/festivalrem.eu\/de\/wp-json\/wp\/v2\/pages\/1190\/revisions"}],"predecessor-version":[{"id":1467,"href":"https:\/\/festivalrem.eu\/de\/wp-json\/wp\/v2\/pages\/1190\/revisions\/1467"}],"up":[{"embeddable":true,"href":"https:\/\/festivalrem.eu\/de\/wp-json\/wp\/v2\/pages\/35"}],"wp:attachment":[{"href":"https:\/\/festivalrem.eu\/de\/wp-json\/wp\/v2\/media?parent=1190"}],"curies":[{"name":"wp","href":"https:\/\/api.w.org\/{rel}","templated":true}]}}